{"id":2703,"date":"2022-04-14T23:17:54","date_gmt":"2022-04-14T21:17:54","guid":{"rendered":"https:\/\/cormac.eu\/?post_type=product&#038;p=2703"},"modified":"2022-04-21T22:40:51","modified_gmt":"2022-04-21T20:40:51","slug":"machine-demballage-rg","status":"publish","type":"product","link":"https:\/\/cormac.eu\/fr\/product\/rg-wrapping-machine\/","title":{"rendered":"Machine d'emballage RG"},"content":{"rendered":"<p><strong>Description :<br \/>\n<\/strong>Enveloppeuse universelle pour divers produits, tels que les produits \u00e0 fond plat, les barres, les \u0153ufs, les boules, les tonneaux et les figures creuses dans divers styles d'enveloppement.<br \/>\n<strong>Application<\/strong><br \/>\nEmballage de barres, de produits \u00e0 fond plat, d'\u0153ufs, de boules, de barils, de figures, de toutes sortes de figures creuses.<br \/>\n<strong>Gamme de capacit\u00e9<\/strong><br \/>\nJusqu'\u00e0 70 pi\u00e8ces par minute (environ 55 ppm pour les chiffres)<br \/>\n<strong>Styles d'emballage :<\/strong><br \/>\nEmballage en botte, pliage avant, double torsion, fixation d'accessoires en bas, scellage \u00e0 chaud, \u00e9tiquetage, pliage avant avec dispositif de lissage \/ moule \u00e0 rouler, couture arri\u00e8re, film plastique.<\/p>\n<p><img decoding=\"async\" class=\"alignnone wp-image-2702\" src=\"https:\/\/cormac.eu\/wp-content\/uploads\/2022\/04\/sample-6.jpg\" alt=\"\" width=\"110\" height=\"102\" \/><img decoding=\"async\" class=\"alignnone wp-image-2701\" src=\"https:\/\/cormac.eu\/wp-content\/uploads\/2022\/04\/sample-5.jpg\" alt=\"\" width=\"83\" height=\"105\" \/><img decoding=\"async\" class=\"alignnone wp-image-2700\" src=\"https:\/\/cormac.eu\/wp-content\/uploads\/2022\/04\/sample-4.jpg\" alt=\"\" width=\"128\" height=\"92\" \/><img loading=\"lazy\" decoding=\"async\" class=\"alignnone wp-image-2699\" src=\"https:\/\/cormac.eu\/wp-content\/uploads\/2022\/04\/sample-3.jpg\" alt=\"\" width=\"124\" height=\"112\" \/><img loading=\"lazy\" decoding=\"async\" class=\"alignnone wp-image-2698\" src=\"https:\/\/cormac.eu\/wp-content\/uploads\/2022\/04\/sample-2.jpg\" alt=\"\" width=\"109\" height=\"116\" \/><img loading=\"lazy\" decoding=\"async\" class=\"alignnone wp-image-2697\" src=\"https:\/\/cormac.eu\/wp-content\/uploads\/2022\/04\/sample-1.jpg\" alt=\"\" width=\"147\" height=\"105\" \/><\/p>\n<table>\n<tbody>\n<tr>\n<td width=\"262\">\n<p style=\"text-align: center\"><strong>Caract\u00e9ristiques<\/strong><\/p>\n<\/td>\n<td width=\"323\">\n<p style=\"text-align: center\"><strong>Avantages<\/strong><\/p>\n<\/td>\n<\/tr>\n<tr>\n<td width=\"262\">Tapis d'alimentation<\/td>\n<td width=\"323\">\n<ul>\n<li>Augmentation de la capacit\u00e9<\/li>\n<\/ul>\n<\/td>\n<\/tr>\n<tr>\n<td width=\"262\">T\u00eate de contr\u00f4le du registre<\/td>\n<td width=\"323\">\n<ul>\n<li>Contr\u00f4le de l'impression<\/li>\n<\/ul>\n<\/td>\n<\/tr>\n<tr>\n<td width=\"262\">Pas de produit - pas d'emballage<\/td>\n<td width=\"323\">\n<ul>\n<li>Pr\u00e9venir les bourrages de film<\/li>\n<\/ul>\n<\/td>\n<\/tr>\n<tr>\n<td width=\"262\">R\u00e9gulation de la vitesse en continu<\/td>\n<td width=\"323\">\n<ul>\n<li>Contr\u00f4le de la vitesse<\/li>\n<\/ul>\n<\/td>\n<\/tr>\n<tr>\n<td width=\"262\">Option 2<sup>nd<\/sup> dispositif de d\u00e9roulement de feuille<\/td>\n<td width=\"323\">\n<ul>\n<li>Appliquer le mat\u00e9riau d'emballage int\u00e9rieur et ext\u00e9rieur<\/li>\n<\/ul>\n<\/td>\n<\/tr>\n<tr>\n<td width=\"262\">Bo\u00eete de vitesses ferm\u00e9e<\/td>\n<td width=\"323\">\n<ul>\n<li>Pas de fuite d'huile<\/li>\n<\/ul>\n<\/td>\n<\/tr>\n<tr>\n<td width=\"262\">Syst\u00e8me de lubrification centralis\u00e9<\/td>\n<td width=\"323\">\n<ul>\n<li>Peu d'entretien<\/li>\n<li>Fonctionnement sans heurts<\/li>\n<\/ul>\n<\/td>\n<\/tr>\n<tr>\n<td width=\"262\">Armoire de commande avec SPS<\/td>\n<td width=\"323\">\n<ul>\n<li>Contr\u00f4le facile de la machine<br \/>\nSauvegarder les param\u00e8tres<\/li>\n<\/ul>\n<\/td>\n<\/tr>\n<tr>\n<td width=\"262\">Options<\/td>\n<td width=\"323\">\n<ul>\n<li>Syst\u00e8me d'alimentation automatique<\/li>\n<li>Unit\u00e9 d'\u00e9pissage<\/li>\n<li>Deuxi\u00e8me dispositif de d\u00e9roulement de la feuille<\/li>\n<\/ul>\n<\/td>\n<\/tr>\n<tr>\n<td width=\"262\">Dimensions du mat\u00e9riau<\/td>\n<td width=\"323\">\n<ul>\n<li>Largeur : 80-300 mm<\/li>\n<li>Longueur de coupe : 60-250 mm<\/li>\n<li>Diam\u00e8tre de la bobine : max. 250 mm<\/li>\n<li>Diam\u00e8tre du noyau : 45-78 mm<\/li>\n<\/ul>\n<\/td>\n<\/tr>\n<\/tbody>\n<\/table>\n<p>&nbsp;<\/p>","protected":false},"excerpt":{"rendered":"<p>Enveloppeuse universelle pour chocolats \u00e0 fond plat, barres, \u0153ufs, boules, tonneaux et figures creuses avec une vitesse allant jusqu'\u00e0 70 ppm.<\/p>","protected":false},"featured_media":2695,"comment_status":"open","ping_status":"closed","template":"","meta":{"uix_meta_title":"","uix_meta_description":"","uix_canonical_url":""},"product_brand":[],"product_cat":[105],"product_tag":[],"class_list":{"0":"post-2703","1":"product","2":"type-product","3":"status-publish","4":"has-post-thumbnail","6":"product_cat-packaging","8":"first","9":"instock","10":"shipping-taxable","11":"product-type-simple"},"_links":{"self":[{"href":"https:\/\/cormac.eu\/fr\/wp-json\/wp\/v2\/product\/2703","targetHints":{"allow":["GET"]}}],"collection":[{"href":"https:\/\/cormac.eu\/fr\/wp-json\/wp\/v2\/product"}],"about":[{"href":"https:\/\/cormac.eu\/fr\/wp-json\/wp\/v2\/types\/product"}],"replies":[{"embeddable":true,"href":"https:\/\/cormac.eu\/fr\/wp-json\/wp\/v2\/comments?post=2703"}],"wp:featuredmedia":[{"embeddable":true,"href":"https:\/\/cormac.eu\/fr\/wp-json\/wp\/v2\/media\/2695"}],"wp:attachment":[{"href":"https:\/\/cormac.eu\/fr\/wp-json\/wp\/v2\/media?parent=2703"}],"wp:term":[{"taxonomy":"product_brand","embeddable":true,"href":"https:\/\/cormac.eu\/fr\/wp-json\/wp\/v2\/product_brand?post=2703"},{"taxonomy":"product_cat","embeddable":true,"href":"https:\/\/cormac.eu\/fr\/wp-json\/wp\/v2\/product_cat?post=2703"},{"taxonomy":"product_tag","embeddable":true,"href":"https:\/\/cormac.eu\/fr\/wp-json\/wp\/v2\/product_tag?post=2703"}],"curies":[{"name":"wp","href":"https:\/\/api.w.org\/{rel}","templated":true}]}}