{"id":2688,"date":"2022-04-12T22:30:44","date_gmt":"2022-04-12T20:30:44","guid":{"rendered":"https:\/\/cormac.eu\/?post_type=product&#038;p=2688"},"modified":"2022-05-23T11:26:34","modified_gmt":"2022-05-23T09:26:34","slug":"bac-de-revetement-2","status":"publish","type":"product","link":"https:\/\/cormac.eu\/fr\/product\/coating-pan\/","title":{"rendered":"Bac d'enrobage"},"content":{"rendered":"<p>Les bacs d'enrobage de type CTG 50 ou Cteg100 peuvent \u00eatre utilis\u00e9s dans diff\u00e9rents processus d'enrobage ainsi que pour le polissage. Ces bacs d'enrobage polyvalents peuvent \u00eatre utilis\u00e9s non seulement dans l'industrie des bonbons, mais aussi dans les usines pharmaceutiques. La machine est livr\u00e9e compl\u00e8te avec tous les composants \u00e9lectriques, les pompes et les tuyaux int\u00e9gr\u00e9s. Ces bacs d'enrobage sont faciles \u00e0 installer et \u00e0 utiliser. Les applications comprennent par exemple l'enrobage de produits de confiserie, de poussins, de lentilles et le polissage de produits enrob\u00e9s.<\/p>\n<p><img decoding=\"async\" class=\"alignnone wp-image-2687\" src=\"https:\/\/cormac.eu\/wp-content\/uploads\/2022\/04\/capsulas.webp\" alt=\"\" width=\"163\" height=\"163\" srcset=\"https:\/\/cormac.eu\/wp-content\/uploads\/2022\/04\/capsulas.webp 200w, https:\/\/cormac.eu\/wp-content\/uploads\/2022\/04\/capsulas-150x150.webp 150w, https:\/\/cormac.eu\/wp-content\/uploads\/2022\/04\/capsulas-100x100.webp 100w\" sizes=\"(max-width: 163px) 100vw, 163px\" \/> <img decoding=\"async\" class=\"alignnone wp-image-2686\" src=\"https:\/\/cormac.eu\/wp-content\/uploads\/2022\/04\/Huevos.webp\" alt=\"\" width=\"164\" height=\"164\" srcset=\"https:\/\/cormac.eu\/wp-content\/uploads\/2022\/04\/Huevos.webp 200w, https:\/\/cormac.eu\/wp-content\/uploads\/2022\/04\/Huevos-150x150.webp 150w, https:\/\/cormac.eu\/wp-content\/uploads\/2022\/04\/Huevos-100x100.webp 100w\" sizes=\"(max-width: 164px) 100vw, 164px\" \/><img decoding=\"async\" class=\"alignnone wp-image-2685\" src=\"https:\/\/cormac.eu\/wp-content\/uploads\/2022\/04\/bolas.webp\" alt=\"\" width=\"163\" height=\"163\" srcset=\"https:\/\/cormac.eu\/wp-content\/uploads\/2022\/04\/bolas.webp 200w, https:\/\/cormac.eu\/wp-content\/uploads\/2022\/04\/bolas-150x150.webp 150w, https:\/\/cormac.eu\/wp-content\/uploads\/2022\/04\/bolas-100x100.webp 100w\" sizes=\"(max-width: 163px) 100vw, 163px\" \/><\/p>\n<p>&nbsp;<\/p>\n<table>\n<tbody>\n<tr>\n<td width=\"222\"><strong>Caract\u00e9ristiques<\/strong><\/td>\n<td width=\"240\">\u00a0<strong>Avantages<\/strong><\/td>\n<\/tr>\n<tr>\n<td>Conception fonctionnelle<\/td>\n<td>\n<ul>\n<li>Convivialit\u00e9 de l'op\u00e9rateur<\/li>\n<li>Entretien facile<\/li>\n<\/ul>\n<\/td>\n<\/tr>\n<tr>\n<td>Acier inoxydable 304 ou 316<\/td>\n<td>\n<ul>\n<li>Hygi\u00e8ne<\/li>\n<li>Nettoyage facile<\/li>\n<\/ul>\n<\/td>\n<\/tr>\n<tr>\n<td>Joint d'arbre externe de pr\u00e9cision<\/td>\n<td>\n<ul>\n<li>Rotation en douceur<\/li>\n<\/ul>\n<\/td>\n<\/tr>\n<tr>\n<td>En option<\/td>\n<td>\n<ul>\n<li>Surface de la cuvette nervur\u00e9e pour le rev\u00eatement<\/li>\n<li>Surface lisse pour le polissage<\/li>\n<\/ul>\n<\/td>\n<\/tr>\n<\/tbody>\n<\/table>\n<p>&nbsp;<\/p>\n<table>\n<tbody>\n<tr>\n<td width=\"132\"><strong>\u00a0<\/strong><\/td>\n<td width=\"170\">\n<p style=\"text-align: center;\"><strong>CTG 50<\/strong><\/p>\n<\/td>\n<td width=\"170\">\n<p style=\"text-align: center;\"><strong>CTEG 100<\/strong><\/p>\n<\/td>\n<\/tr>\n<tr>\n<td width=\"132\"><strong>Capacit\u00e9<\/strong><\/td>\n<td width=\"170\">\n<p style=\"text-align: center;\">50 litres<\/p>\n<\/td>\n<td width=\"170\">\n<p style=\"text-align: center;\">100 litres<\/p>\n<\/td>\n<\/tr>\n<tr>\n<td width=\"132\"><strong>Diam\u00e8tre ext\u00e9rieur<\/strong><\/td>\n<td width=\"170\">\n<p style=\"text-align: center;\">500 mm<\/p>\n<\/td>\n<td width=\"170\">\n<p style=\"text-align: center;\">1000 mm<\/p>\n<\/td>\n<\/tr>\n<tr>\n<td width=\"132\"><strong>Diam\u00e8tre int\u00e9rieur<\/strong><\/td>\n<td width=\"170\">\n<p style=\"text-align: center;\">250 mm<\/p>\n<\/td>\n<td width=\"170\">\n<p style=\"text-align: center;\">500 mm<\/p>\n<\/td>\n<\/tr>\n<tr>\n<td width=\"132\"><strong>RPM<\/strong><\/td>\n<td width=\"170\">\n<p style=\"text-align: center;\">0-35<\/p>\n<\/td>\n<td width=\"170\">\n<p style=\"text-align: center;\">0-35<\/p>\n<\/td>\n<\/tr>\n<tr>\n<td width=\"132\"><strong>D\u00e9charge<\/strong><\/td>\n<td width=\"170\">\n<p style=\"text-align: center;\">Manuel<\/p>\n<\/td>\n<td width=\"170\">\n<p style=\"text-align: center;\">Manuel<\/p>\n<\/td>\n<\/tr>\n<tr>\n<td width=\"132\"><strong>Puissance<\/strong><\/td>\n<td width=\"170\">\n<p style=\"text-align: center;\">0,75 kW<\/p>\n<\/td>\n<td width=\"170\">\n<p style=\"text-align: center;\">1,5 kW<\/p>\n<\/td>\n<\/tr>\n<\/tbody>\n<\/table>","protected":false},"excerpt":{"rendered":"<p>Bacs de rev\u00eatement d'une capacit\u00e9 de 50 ou 100 litres pour le rev\u00eatement ou le polissage.<\/p>","protected":false},"featured_media":2684,"comment_status":"open","ping_status":"closed","template":"","meta":{"uix_meta_title":"","uix_meta_description":"","uix_canonical_url":""},"product_brand":[],"product_cat":[107,104],"product_tag":[],"class_list":{"0":"post-2688","1":"product","2":"type-product","3":"status-publish","4":"has-post-thumbnail","6":"product_cat-artisanal","7":"product_cat-processing","9":"first","10":"instock","11":"shipping-taxable","12":"product-type-simple"},"_links":{"self":[{"href":"https:\/\/cormac.eu\/fr\/wp-json\/wp\/v2\/product\/2688","targetHints":{"allow":["GET"]}}],"collection":[{"href":"https:\/\/cormac.eu\/fr\/wp-json\/wp\/v2\/product"}],"about":[{"href":"https:\/\/cormac.eu\/fr\/wp-json\/wp\/v2\/types\/product"}],"replies":[{"embeddable":true,"href":"https:\/\/cormac.eu\/fr\/wp-json\/wp\/v2\/comments?post=2688"}],"wp:featuredmedia":[{"embeddable":true,"href":"https:\/\/cormac.eu\/fr\/wp-json\/wp\/v2\/media\/2684"}],"wp:attachment":[{"href":"https:\/\/cormac.eu\/fr\/wp-json\/wp\/v2\/media?parent=2688"}],"wp:term":[{"taxonomy":"product_brand","embeddable":true,"href":"https:\/\/cormac.eu\/fr\/wp-json\/wp\/v2\/product_brand?post=2688"},{"taxonomy":"product_cat","embeddable":true,"href":"https:\/\/cormac.eu\/fr\/wp-json\/wp\/v2\/product_cat?post=2688"},{"taxonomy":"product_tag","embeddable":true,"href":"https:\/\/cormac.eu\/fr\/wp-json\/wp\/v2\/product_tag?post=2688"}],"curies":[{"name":"wp","href":"https:\/\/api.w.org\/{rel}","templated":true}]}}