{"id":2681,"date":"2022-04-12T21:43:50","date_gmt":"2022-04-12T19:43:50","guid":{"rendered":"https:\/\/cormac.eu\/?post_type=product&#038;p=2681"},"modified":"2023-08-16T17:05:39","modified_gmt":"2023-08-16T15:05:39","slug":"ligne-de-formation-de-billes","status":"publish","type":"product","link":"https:\/\/cormac.eu\/fr\/product\/ball-forming-line\/","title":{"rendered":"Ligne de formage de billes"},"content":{"rendered":"<p>Les lignes de formage Carugil Ball permettent de produire des produits cylindriques pleins ou remplis au centre. Le centre de remplissage peut \u00eatre une poudre ou un liquide semi-fluide. La ligne peut commencer par une confiserie, suivie d'un p\u00e9trin, d'une extrudeuse, d'une machine \u00e0 former les boules et d'un tunnel de refroidissement, suivis par exemple de bacs d'enrobage et de banderoleuses pour l'emballage primaire. Carugil est en mesure de fournir des syst\u00e8mes complets de formage de billes cl\u00e9s en main, y compris les m\u00e9langeurs en amont et l'\u00e9quipement de cuisson. Ces lignes peuvent avoir une capacit\u00e9 allant jusqu'\u00e0 380 000 produits par heure. Avec les nouvelles configurations \u00e0 double ligne, il est possible d'atteindre des rendements de production allant jusqu'\u00e0 1500 kg\/h, en utilisant l'espace et la main d'\u0153uvre d'une seule ligne.<\/p>\n<p>&nbsp;<\/p>\n<p><img decoding=\"async\" class=\"alignnone size-medium wp-image-2683\" src=\"https:\/\/cormac.eu\/wp-content\/uploads\/2022\/04\/Complete-ball-forming-line-Knipsel-300x98.jpg\" alt=\"\" width=\"300\" height=\"98\" srcset=\"https:\/\/cormac.eu\/wp-content\/uploads\/2022\/04\/Complete-ball-forming-line-Knipsel-300x98.jpg 300w, https:\/\/cormac.eu\/wp-content\/uploads\/2022\/04\/Complete-ball-forming-line-Knipsel-1024x335.jpg 1024w, https:\/\/cormac.eu\/wp-content\/uploads\/2022\/04\/Complete-ball-forming-line-Knipsel-768x252.jpg 768w, https:\/\/cormac.eu\/wp-content\/uploads\/2022\/04\/Complete-ball-forming-line-Knipsel-600x197.jpg 600w, https:\/\/cormac.eu\/wp-content\/uploads\/2022\/04\/Complete-ball-forming-line-Knipsel.jpg 1093w\" sizes=\"(max-width: 300px) 100vw, 300px\" \/><\/p>\n<p><img decoding=\"async\" class=\"alignnone wp-image-2641\" src=\"https:\/\/cormac.eu\/wp-content\/uploads\/2022\/04\/Gum-tennis-balls-300x208.jpg\" alt=\"\" width=\"166\" height=\"116\" srcset=\"https:\/\/cormac.eu\/wp-content\/uploads\/2022\/04\/Gum-tennis-balls-300x208.jpg 300w, https:\/\/cormac.eu\/wp-content\/uploads\/2022\/04\/Gum-tennis-balls.jpg 600w\" sizes=\"(max-width: 166px) 100vw, 166px\" \/><img decoding=\"async\" class=\"alignnone wp-image-2516\" src=\"https:\/\/cormac.eu\/wp-content\/uploads\/2022\/04\/Gum-center-filled-300x197.jpg\" alt=\"\" width=\"164\" height=\"108\" srcset=\"https:\/\/cormac.eu\/wp-content\/uploads\/2022\/04\/Gum-center-filled-300x197.jpg 300w, https:\/\/cormac.eu\/wp-content\/uploads\/2022\/04\/Gum-center-filled.jpg 600w\" sizes=\"(max-width: 164px) 100vw, 164px\" \/><img loading=\"lazy\" decoding=\"async\" class=\"alignnone wp-image-2671\" src=\"https:\/\/cormac.eu\/wp-content\/uploads\/2022\/04\/Gum-center-filled2-275x300.jpg\" alt=\"\" width=\"149\" height=\"163\" srcset=\"https:\/\/cormac.eu\/wp-content\/uploads\/2022\/04\/Gum-center-filled2-275x300.jpg 275w, https:\/\/cormac.eu\/wp-content\/uploads\/2022\/04\/Gum-center-filled2.jpg 600w\" sizes=\"(max-width: 149px) 100vw, 149px\" \/><img loading=\"lazy\" decoding=\"async\" class=\"alignnone wp-image-2676\" src=\"https:\/\/cormac.eu\/wp-content\/uploads\/2022\/04\/Gum-barrels2-300x209.jpg\" alt=\"\" width=\"154\" height=\"107\" srcset=\"https:\/\/cormac.eu\/wp-content\/uploads\/2022\/04\/Gum-barrels2-300x209.jpg 300w, https:\/\/cormac.eu\/wp-content\/uploads\/2022\/04\/Gum-barrels2.jpg 600w\" sizes=\"(max-width: 154px) 100vw, 154px\" \/><img loading=\"lazy\" decoding=\"async\" class=\"alignnone wp-image-2395\" src=\"https:\/\/cormac.eu\/wp-content\/uploads\/2022\/03\/Gum-fruits2-2.jpg\" alt=\"\" width=\"169\" height=\"103\" \/><\/p>\n<table style=\"height: 424px\" width=\"616\">\n<tbody>\n<tr>\n<td width=\"243\">\u00a0<strong>Caract\u00e9ristiques<\/strong><\/td>\n<td width=\"253\">\u00a0<strong>Avantages<\/strong><\/td>\n<\/tr>\n<tr>\n<td>Extrudeuse STR avec dispositif de remplissage<\/td>\n<td>\n<ul>\n<li>remplissage de poudre<\/li>\n<li>remplissage semi-liquide<\/li>\n<li>dosage de haute pr\u00e9cision<\/li>\n<\/ul>\n<\/td>\n<\/tr>\n<tr>\n<td>Vis de m\u00e9lange personnalis\u00e9es<\/td>\n<td>\n<ul>\n<li>adapt\u00e9s aux besoins des clients<\/li>\n<\/ul>\n<\/td>\n<\/tr>\n<tr>\n<td>Contr\u00f4le automatique du diam\u00e8tre<\/td>\n<td>\n<ul>\n<li>un produit coh\u00e9rent<\/li>\n<\/ul>\n<\/td>\n<\/tr>\n<tr>\n<td>La formeuse de billes est entra\u00een\u00e9e par un servomoteur<\/td>\n<td>\n<ul>\n<li>contr\u00f4le de la vitesse et du mouvement<\/li>\n<\/ul>\n<\/td>\n<\/tr>\n<tr>\n<td>Dispositif de pr\u00e9-aplanissement sur la formeuse \u00e0 billes<\/td>\n<td>\n<ul>\n<li>emp\u00eacher les fuites de liquide de remplissage<\/li>\n<\/ul>\n<\/td>\n<\/tr>\n<\/tbody>\n<\/table>\n<p>&nbsp;<\/p>","protected":false},"excerpt":{"rendered":"<p>Lignes de formage de billes pour produire des produits cylindriques pleins ou remplis au centre avec une production allant jusqu'\u00e0 380.000 pi\u00e8ces\/heure.<\/p>","protected":false},"featured_media":2680,"comment_status":"open","ping_status":"closed","template":"","meta":{"uix_meta_title":"","uix_meta_description":"","uix_canonical_url":""},"product_brand":[],"product_cat":[104],"product_tag":[],"class_list":{"0":"post-2681","1":"product","2":"type-product","3":"status-publish","4":"has-post-thumbnail","6":"product_cat-processing","8":"first","9":"instock","10":"shipping-taxable","11":"product-type-simple"},"_links":{"self":[{"href":"https:\/\/cormac.eu\/fr\/wp-json\/wp\/v2\/product\/2681","targetHints":{"allow":["GET"]}}],"collection":[{"href":"https:\/\/cormac.eu\/fr\/wp-json\/wp\/v2\/product"}],"about":[{"href":"https:\/\/cormac.eu\/fr\/wp-json\/wp\/v2\/types\/product"}],"replies":[{"embeddable":true,"href":"https:\/\/cormac.eu\/fr\/wp-json\/wp\/v2\/comments?post=2681"}],"wp:featuredmedia":[{"embeddable":true,"href":"https:\/\/cormac.eu\/fr\/wp-json\/wp\/v2\/media\/2680"}],"wp:attachment":[{"href":"https:\/\/cormac.eu\/fr\/wp-json\/wp\/v2\/media?parent=2681"}],"wp:term":[{"taxonomy":"product_brand","embeddable":true,"href":"https:\/\/cormac.eu\/fr\/wp-json\/wp\/v2\/product_brand?post=2681"},{"taxonomy":"product_cat","embeddable":true,"href":"https:\/\/cormac.eu\/fr\/wp-json\/wp\/v2\/product_cat?post=2681"},{"taxonomy":"product_tag","embeddable":true,"href":"https:\/\/cormac.eu\/fr\/wp-json\/wp\/v2\/product_tag?post=2681"}],"curies":[{"name":"wp","href":"https:\/\/api.w.org\/{rel}","templated":true}]}}