{"id":2673,"date":"2022-04-12T21:10:13","date_gmt":"2022-04-12T19:10:13","guid":{"rendered":"https:\/\/cormac.eu\/?post_type=product&#038;p=2673"},"modified":"2022-05-30T23:42:10","modified_gmt":"2022-05-30T21:42:10","slug":"melangeur-a-lame-sigma","status":"publish","type":"product","link":"https:\/\/cormac.eu\/fr\/product\/sigma-blade-mixer\/","title":{"rendered":"M\u00e9langeur \u00e0 pales Sigma"},"content":{"rendered":"<p>M\u00e9langeur avec pales de p\u00e9trissage sigma \u00e0 double bras offrant un p\u00e9trissage intensif des masses \u00e0 haute viscosit\u00e9. Ce m\u00e9langeur permet de r\u00e9duire les temps de traitement sans compromettre la qualit\u00e9. Toutes les machines de la s\u00e9rie Super Strong sont dot\u00e9es d'une cuve \u00e0 double enveloppe pour le chauffage et le refroidissement. Ce bol de m\u00e9lange peut \u00eatre inclin\u00e9 hydrauliquement vers le haut et vers l'avant. Le d\u00e9chargement peut se faire par inclinaison du bol ou au moyen d'une vis d'extrusion. Les joints avant et arri\u00e8re du bol emp\u00eachent les fuites et contribuent \u00e0 maintenir la qualit\u00e9 du produit. Les joints sont fabriqu\u00e9s dans un mat\u00e9riau de haute qualit\u00e9.<\/p>\n<p><img decoding=\"async\" class=\"alignnone wp-image-2671\" src=\"https:\/\/cormac.eu\/wp-content\/uploads\/2022\/04\/Gum-center-filled2-275x300.jpg\" alt=\"\" width=\"185\" height=\"202\" srcset=\"https:\/\/cormac.eu\/wp-content\/uploads\/2022\/04\/Gum-center-filled2-275x300.jpg 275w, https:\/\/cormac.eu\/wp-content\/uploads\/2022\/04\/Gum-center-filled2.jpg 600w\" sizes=\"(max-width: 185px) 100vw, 185px\" \/><img decoding=\"async\" class=\"alignnone wp-image-2670\" src=\"https:\/\/cormac.eu\/wp-content\/uploads\/2022\/04\/Gum-bazooka-1.jpg\" alt=\"\" width=\"239\" height=\"150\" \/><img decoding=\"async\" class=\"alignnone wp-image-2669\" src=\"https:\/\/cormac.eu\/wp-content\/uploads\/2022\/04\/Chewy-cubes.jpg\" alt=\"\" width=\"225\" height=\"191\" \/><\/p>\n<table>\n<tbody>\n<tr>\n<td width=\"302\"><strong>Caract\u00e9ristiques<\/strong><\/td>\n<td width=\"302\"><strong>Avantages<\/strong><\/td>\n<\/tr>\n<tr>\n<td width=\"302\">Lames Sigma en acier inoxydable et polies<\/td>\n<td width=\"302\">\n<ul>\n<li style=\"text-align: left\">Hygi\u00e9nique<\/li>\n<li style=\"text-align: left\">Nettoyage facile<\/li>\n<\/ul>\n<\/td>\n<\/tr>\n<tr>\n<td width=\"302\">Cuve \u00e0 double enveloppe<\/td>\n<td width=\"302\">\n<ul>\n<li>Contr\u00f4le du chauffage et du refroidissement<\/li>\n<\/ul>\n<\/td>\n<\/tr>\n<tr>\n<td width=\"302\">Construction robuste<\/td>\n<td width=\"302\">\n<ul>\n<li>Une machine tr\u00e8s robuste<\/li>\n<\/ul>\n<\/td>\n<\/tr>\n<tr>\n<td width=\"302\">Joints de haute qualit\u00e9 \u00e0 l'avant et \u00e0 l'arri\u00e8re de la cuvette<\/td>\n<td width=\"302\">\n<ul>\n<li>Pas de fuite<\/li>\n<\/ul>\n<\/td>\n<\/tr>\n<tr>\n<td width=\"302\">Options<\/td>\n<td width=\"302\">\n<ul>\n<li>Bol de m\u00e9lange \u00e0 double paroi pour le contr\u00f4le de la temp\u00e9rature de la masse<\/li>\n<li>Isolation thermique de la cuvette<\/li>\n<li>Entra\u00eenement \u00e0 fr\u00e9quence variable<\/li>\n<li>T\u00eates de fili\u00e8re sp\u00e9ciales<\/li>\n<li>Automatisation du couvercle par piston hydraulique<\/li>\n<\/ul>\n<\/td>\n<\/tr>\n<\/tbody>\n<\/table>\n<p>&nbsp;<\/p>\n<table>\n<tbody>\n<tr>\n<td width=\"138\"><strong>\u00a0\u00a0\u00a0\u00a0\u00a0\u00a0\u00a0 \u00a0\u00a0\u00a0\u00a0\u00a0\u00a0\u00a0\u00a0\u00a0\u00a0\u00a0\u00a0\u00a0\u00a0\u00a0\u00a0\u00a0Mod\u00e8le<\/strong><\/td>\n<td width=\"126\">\n<p style=\"text-align: center\"><strong>SS 240<\/strong><\/p>\n<\/td>\n<td style=\"text-align: center\" width=\"126\"><strong>SS400\/AH400<\/strong><\/td>\n<td style=\"text-align: center\" width=\"107\"><strong>SS600\/AH600<\/strong><\/td>\n<td width=\"107\">\n<p style=\"text-align: center\"><strong>SS2000<\/strong><\/p>\n<\/td>\n<\/tr>\n<tr>\n<td width=\"138\"><strong>Capacit\u00e9 du bol<\/strong><\/td>\n<td width=\"126\">\n<p style=\"text-align: center\">240 litres<\/p>\n<\/td>\n<td style=\"text-align: center\" width=\"126\">240 litres<\/td>\n<td style=\"text-align: center\" width=\"107\">600 litres<\/td>\n<td width=\"107\">\n<p style=\"text-align: center\">2000 litres<\/p>\n<\/td>\n<\/tr>\n<tr>\n<td width=\"138\"><strong>Capacit\u00e9 utilisable<\/strong><\/td>\n<td width=\"126\">\n<p style=\"text-align: center\">150 litres<\/p>\n<\/td>\n<td style=\"text-align: center\" width=\"126\">300 litres<\/td>\n<td style=\"text-align: center\" width=\"107\">450 litres<\/td>\n<td width=\"107\">\n<p style=\"text-align: center\">1300 Ltrs<\/p>\n<\/td>\n<\/tr>\n<tr>\n<td width=\"138\"><strong>D\u00e9chargement<\/strong><\/td>\n<td width=\"126\">\n<p style=\"text-align: center\">Basculement<\/p>\n<\/td>\n<td style=\"text-align: center\" width=\"126\">Basculement\/vis<\/td>\n<td style=\"text-align: center\" width=\"107\">Tiliting \/ vis<\/td>\n<td width=\"107\">\n<p style=\"text-align: center\">Basculement<\/p>\n<\/td>\n<\/tr>\n<\/tbody>\n<\/table>","protected":false},"excerpt":{"rendered":"<p>M\u00e9langeur Sigma \u00e0 double bras pour le p\u00e9trissage intensif de masses \u00e0 haute viscosit\u00e9.<\/p>","protected":false},"featured_media":2672,"comment_status":"open","ping_status":"closed","template":"","meta":{"uix_meta_title":"","uix_meta_description":"","uix_canonical_url":""},"product_brand":[],"product_cat":[104],"product_tag":[],"class_list":{"0":"post-2673","1":"product","2":"type-product","3":"status-publish","4":"has-post-thumbnail","6":"product_cat-processing","8":"first","9":"instock","10":"shipping-taxable","11":"product-type-simple"},"_links":{"self":[{"href":"https:\/\/cormac.eu\/fr\/wp-json\/wp\/v2\/product\/2673","targetHints":{"allow":["GET"]}}],"collection":[{"href":"https:\/\/cormac.eu\/fr\/wp-json\/wp\/v2\/product"}],"about":[{"href":"https:\/\/cormac.eu\/fr\/wp-json\/wp\/v2\/types\/product"}],"replies":[{"embeddable":true,"href":"https:\/\/cormac.eu\/fr\/wp-json\/wp\/v2\/comments?post=2673"}],"wp:featuredmedia":[{"embeddable":true,"href":"https:\/\/cormac.eu\/fr\/wp-json\/wp\/v2\/media\/2672"}],"wp:attachment":[{"href":"https:\/\/cormac.eu\/fr\/wp-json\/wp\/v2\/media?parent=2673"}],"wp:term":[{"taxonomy":"product_brand","embeddable":true,"href":"https:\/\/cormac.eu\/fr\/wp-json\/wp\/v2\/product_brand?post=2673"},{"taxonomy":"product_cat","embeddable":true,"href":"https:\/\/cormac.eu\/fr\/wp-json\/wp\/v2\/product_cat?post=2673"},{"taxonomy":"product_tag","embeddable":true,"href":"https:\/\/cormac.eu\/fr\/wp-json\/wp\/v2\/product_tag?post=2673"}],"curies":[{"name":"wp","href":"https:\/\/api.w.org\/{rel}","templated":true}]}}