{"id":2665,"date":"2022-04-12T20:53:35","date_gmt":"2022-04-12T18:53:35","guid":{"rendered":"https:\/\/cormac.eu\/?post_type=product&#038;p=2665"},"modified":"2022-05-30T16:24:43","modified_gmt":"2022-05-30T14:24:43","slug":"enveloppeuse-de-scelles-a-4-cotes-cwls-2","status":"publish","type":"product","link":"https:\/\/cormac.eu\/fr\/product\/4-sided-seal-wrapper-cwls\/","title":{"rendered":"Enveloppeuse \u00e0 sceller sur 4 c\u00f4t\u00e9s CWLS"},"content":{"rendered":"<p>La machine d'emballage \u00e0 sceller sur quatre c\u00f4t\u00e9s est une machine sp\u00e9ciale pour emballer les boules, les produits en 3D et les sucettes plates. Elle permet au producteur de sucettes d'offrir au march\u00e9 un emballage alternatif contenant plus d'informations sur l'\u00e9tiquette du produit et des effets visuels, des couleurs, etc. Le mod\u00e8le CWL-4S 600 a \u00e9t\u00e9 con\u00e7u pour les producteurs d'entr\u00e9e de gamme et de taille moyenne, tandis que le mod\u00e8le CWL-4S 800 est plus adapt\u00e9 aux applications \u00e0 haute cadence dans l'industrie. Cette emballeuse n'\u00e9tant pas m\u00e9caniquement reli\u00e9e au tunnel de refroidissement des sucettes, elle peut travailler ind\u00e9pendamment des machines situ\u00e9es en amont. Le format d'emballage, o\u00f9 les quatre c\u00f4t\u00e9s sont scell\u00e9s, garantit un haut degr\u00e9 d'int\u00e9grit\u00e9 de l'emballage.<\/p>\n<p><img decoding=\"async\" class=\"alignnone wp-image-2666\" src=\"https:\/\/cormac.eu\/wp-content\/uploads\/2022\/04\/application-Knipsel.jpg\" alt=\"\" width=\"205\" height=\"223\" \/><\/p>\n<p>&nbsp;<\/p>\n<table style=\"height: 231px;\" width=\"619\">\n<tbody>\n<tr>\n<td width=\"302\"><strong>Caract\u00e9ristiques<\/strong><\/td>\n<td width=\"302\"><strong>Avantages<\/strong><\/td>\n<\/tr>\n<tr>\n<td width=\"302\">Ex\u00e9cution en acier inoxydable<\/td>\n<td width=\"302\">\n<ul>\n<li>Nettoyage facile<\/li>\n<li>Conception hygi\u00e9nique<\/li>\n<\/ul>\n<\/td>\n<\/tr>\n<tr>\n<td width=\"302\">Ch\u00e2ssis de machine robuste<\/td>\n<td width=\"302\">\n<ul>\n<li>Fiable<\/li>\n<li>Longue dur\u00e9e de vie technique<\/li>\n<\/ul>\n<\/td>\n<\/tr>\n<\/tbody>\n<\/table>\n<p>&nbsp;<\/p>\n<table>\n<tbody>\n<tr>\n<td width=\"201\"><strong>\u00a0 \u00a0 \u00a0 \u00a0 \u00a0 \u00a0 \u00a0 \u00a0 \u00a0 \u00a0 \u00a0 \u00a0 \u00a0 \u00a0 \u00a0 \u00a0 \u00a0 \u00a0\u00a0<\/strong><\/p>\n<p><strong>Mod\u00e8le<\/strong><\/td>\n<td width=\"201\">\n<p style=\"text-align: center;\"><strong>CWLS-600<\/strong><\/p>\n<\/td>\n<td width=\"201\">\n<p style=\"text-align: center;\"><strong>CWLS-800<\/strong><\/p>\n<\/td>\n<\/tr>\n<tr>\n<td width=\"201\"><strong>Capacit\u00e9<\/strong><\/td>\n<td width=\"201\">\n<p style=\"text-align: center;\">600 ppm<\/p>\n<\/td>\n<td width=\"201\">\n<p style=\"text-align: center;\">800 ppm<\/p>\n<\/td>\n<\/tr>\n<tr>\n<td width=\"201\"><strong>Gamme de diam\u00e8tres des produits<\/strong><\/td>\n<td width=\"201\">\n<p style=\"text-align: center;\">18-35 mm<\/p>\n<\/td>\n<td width=\"201\">\n<p style=\"text-align: center;\">18-35 mm<\/p>\n<\/td>\n<\/tr>\n<tr>\n<td width=\"201\"><strong>Gamme de diam\u00e8tres des b\u00e2tonnets<\/strong><\/td>\n<td width=\"201\">\n<p style=\"text-align: center;\">3,2 - 6,0 mm<\/p>\n<\/td>\n<td width=\"201\">\n<p style=\"text-align: center;\">3,2-6,0 mm<\/p>\n<\/td>\n<\/tr>\n<tr>\n<td width=\"201\"><strong>Puissance<\/strong><\/td>\n<td width=\"201\">\n<p style=\"text-align: center;\">8,5 kW<\/p>\n<\/td>\n<td width=\"201\">\n<p style=\"text-align: center;\">9,5 kW<\/p>\n<\/td>\n<\/tr>\n<\/tbody>\n<\/table>","protected":false},"excerpt":{"rendered":"<p>Machine d'emballage \u00e0 sceller sur quatre c\u00f4t\u00e9s pour emballer des boules, des produits en 3D et des sucettes plates, des biscuits, etc.<\/p>","protected":false},"featured_media":2667,"comment_status":"open","ping_status":"closed","template":"","meta":{"uix_meta_title":"","uix_meta_description":"","uix_canonical_url":""},"product_brand":[],"product_cat":[105],"product_tag":[],"class_list":{"0":"post-2665","1":"product","2":"type-product","3":"status-publish","4":"has-post-thumbnail","6":"product_cat-packaging","8":"first","9":"instock","10":"shipping-taxable","11":"product-type-simple"},"_links":{"self":[{"href":"https:\/\/cormac.eu\/fr\/wp-json\/wp\/v2\/product\/2665","targetHints":{"allow":["GET"]}}],"collection":[{"href":"https:\/\/cormac.eu\/fr\/wp-json\/wp\/v2\/product"}],"about":[{"href":"https:\/\/cormac.eu\/fr\/wp-json\/wp\/v2\/types\/product"}],"replies":[{"embeddable":true,"href":"https:\/\/cormac.eu\/fr\/wp-json\/wp\/v2\/comments?post=2665"}],"wp:featuredmedia":[{"embeddable":true,"href":"https:\/\/cormac.eu\/fr\/wp-json\/wp\/v2\/media\/2667"}],"wp:attachment":[{"href":"https:\/\/cormac.eu\/fr\/wp-json\/wp\/v2\/media?parent=2665"}],"wp:term":[{"taxonomy":"product_brand","embeddable":true,"href":"https:\/\/cormac.eu\/fr\/wp-json\/wp\/v2\/product_brand?post=2665"},{"taxonomy":"product_cat","embeddable":true,"href":"https:\/\/cormac.eu\/fr\/wp-json\/wp\/v2\/product_cat?post=2665"},{"taxonomy":"product_tag","embeddable":true,"href":"https:\/\/cormac.eu\/fr\/wp-json\/wp\/v2\/product_tag?post=2665"}],"curies":[{"name":"wp","href":"https:\/\/api.w.org\/{rel}","templated":true}]}}