{"id":2664,"date":"2022-04-12T19:01:48","date_gmt":"2022-04-12T17:01:48","guid":{"rendered":"https:\/\/cormac.eu\/?post_type=product&#038;p=2664"},"modified":"2022-05-23T11:26:12","modified_gmt":"2022-05-23T09:26:12","slug":"botteleuse-cwlb-600-800","status":"publish","type":"product","link":"https:\/\/cormac.eu\/fr\/product\/bunch-wrapper-cwlb-600-800\/","title":{"rendered":"Enveloppeuse de bottes CWLB 600-800"},"content":{"rendered":"<p>Cette machine d'emballage de sucettes \u00e0 grande vitesse peut atteindre une vitesse de 800 pi\u00e8ces par minute tout en maintenant la fiabilit\u00e9 m\u00e9canique et la qualit\u00e9 de l'emballage. La grande t\u00eate d'emballage est \u00e9quip\u00e9e de 12 stations d'emballage facilement d\u00e9tachables. Un syst\u00e8me de scellage innovant et durable utilise les r\u00e9sistances avec une consommation \u00e9lectrique minimale et permet un d\u00e9montage rapide et simple. La machine int\u00e8gre un syst\u00e8me qui surveille en permanence et ajuste automatiquement le mat\u00e9riau d'emballage, \u00e9vitant ainsi l'usure inutile du rouleau d'alimentation. La machine peut \u00eatre livr\u00e9e avec un syst\u00e8me d'alimentation et de collecte automatique afin de r\u00e9duire les co\u00fbts de main-d'\u0153uvre et d'augmenter l'efficacit\u00e9.<\/p>\n<p><img fetchpriority=\"high\" decoding=\"async\" class=\"alignnone wp-image-2660\" src=\"https:\/\/cormac.eu\/wp-content\/uploads\/2022\/04\/Bunch-lollies-300x214.jpg\" alt=\"\" width=\"300\" height=\"214\" srcset=\"https:\/\/cormac.eu\/wp-content\/uploads\/2022\/04\/Bunch-lollies-300x214.jpg 300w, https:\/\/cormac.eu\/wp-content\/uploads\/2022\/04\/Bunch-lollies.jpg 600w\" sizes=\"(max-width: 300px) 100vw, 300px\" \/><img decoding=\"async\" class=\"alignnone size-medium wp-image-2661\" src=\"https:\/\/cormac.eu\/wp-content\/uploads\/2022\/04\/Lollipop-with-flag-142x300.jpg\" alt=\"\" width=\"142\" height=\"300\" srcset=\"https:\/\/cormac.eu\/wp-content\/uploads\/2022\/04\/Lollipop-with-flag-142x300.jpg 142w, https:\/\/cormac.eu\/wp-content\/uploads\/2022\/04\/Lollipop-with-flag-486x1024.jpg 486w, https:\/\/cormac.eu\/wp-content\/uploads\/2022\/04\/Lollipop-with-flag.jpg 600w\" sizes=\"(max-width: 142px) 100vw, 142px\" \/><img decoding=\"async\" class=\"alignnone size-medium wp-image-2662\" src=\"https:\/\/cormac.eu\/wp-content\/uploads\/2022\/04\/Lollipop-with-tattoo-300x260.jpg\" alt=\"\" width=\"300\" height=\"260\" srcset=\"https:\/\/cormac.eu\/wp-content\/uploads\/2022\/04\/Lollipop-with-tattoo-300x260.jpg 300w, https:\/\/cormac.eu\/wp-content\/uploads\/2022\/04\/Lollipop-with-tattoo.jpg 600w\" sizes=\"(max-width: 300px) 100vw, 300px\" \/><\/p>\n<p>&nbsp;<\/p>\n<p>&nbsp;<\/p>\n<table width=\"571\">\n<tbody>\n<tr>\n<td width=\"286\"><strong>Caract\u00e9ristiques<\/strong><\/td>\n<td width=\"286\"><strong>Avantages<\/strong><\/td>\n<\/tr>\n<tr>\n<td width=\"286\">Ex\u00e9cution en acier inoxydable<\/td>\n<td width=\"286\">\n<ul>\n<li>Nettoyage facile<\/li>\n<li>Conception hygi\u00e9nique<\/li>\n<\/ul>\n<\/td>\n<\/tr>\n<tr>\n<td width=\"286\">Ch\u00e2ssis de machine robuste<\/td>\n<td width=\"286\">\n<ul>\n<li>Fiable<\/li>\n<li>Longue dur\u00e9e de vie technique<\/li>\n<\/ul>\n<\/td>\n<\/tr>\n<tr>\n<td width=\"286\">Syst\u00e8me t\u00e9lescopique int\u00e9gr\u00e9<\/td>\n<td width=\"286\">\n<ul>\n<li>Stations d'emballage faciles \u00e0 d\u00e9tacher<\/li>\n<li>T\u00eate d'emballage facile \u00e0 entretenir<\/li>\n<\/ul>\n<\/td>\n<\/tr>\n<tr>\n<td width=\"286\">\u00c9cran tactile<\/td>\n<td width=\"286\">\n<ul>\n<li>Contr\u00f4le facile de la synchronisation<\/li>\n<li>affichage de l'alarme<\/li>\n<li>Stockage des param\u00e8tres<\/li>\n<\/ul>\n<\/td>\n<\/tr>\n<tr>\n<td width=\"286\">Connexion par modem<\/td>\n<td width=\"286\">\n<ul>\n<li>Assistance \u00e0 distance<\/li>\n<li>int\u00e9gration facile dans l'intranet de l'utilisateur<\/li>\n<\/ul>\n<\/td>\n<\/tr>\n<tr>\n<td width=\"286\">Options d'automatisation<\/td>\n<td width=\"286\">\n<ul>\n<li>Tapis d'alimentation<\/li>\n<li>bande de d\u00e9charge\/collecte<\/li>\n<li>Comptage de produits contr\u00f4l\u00e9 par PLC<\/li>\n<\/ul>\n<\/td>\n<\/tr>\n<\/tbody>\n<\/table>\n<p>&nbsp;<\/p>\n<table>\n<tbody>\n<tr>\n<td width=\"230\"><\/td>\n<td width=\"115\">\n<p style=\"text-align: center;\"><strong>CLWB 400<\/strong><\/p>\n<\/td>\n<td style=\"text-align: center;\" width=\"115\"><strong>CLWB 600<\/strong><\/td>\n<td width=\"115\">\n<p style=\"text-align: center;\"><strong>CLWB 800<\/strong><\/p>\n<\/td>\n<\/tr>\n<tr>\n<td width=\"230\"><strong>Capacit\u00e9<\/strong><\/td>\n<td width=\"115\">\n<p style=\"text-align: center;\">400 ppm<\/p>\n<\/td>\n<td style=\"text-align: center;\" width=\"115\">600 ppm<\/td>\n<td width=\"115\">\n<p style=\"text-align: center;\">800 ppm<\/p>\n<\/td>\n<\/tr>\n<tr>\n<td width=\"230\"><strong>sucette <\/strong><strong>\u00d8 gamme<\/strong><\/td>\n<td width=\"115\">\n<p style=\"text-align: center;\">18 - 35 mm<\/p>\n<\/td>\n<td style=\"text-align: center;\" width=\"115\">18 - 35 mm<\/td>\n<td width=\"115\">\n<p style=\"text-align: center;\">18 - 35 mm<\/p>\n<\/td>\n<\/tr>\n<tr>\n<td width=\"230\"><strong>Longueur maximale de la bille<\/strong><\/td>\n<td width=\"115\">\n<p style=\"text-align: center;\">40 mm<\/p>\n<\/td>\n<td style=\"text-align: center;\" width=\"115\">40 mm<\/td>\n<td width=\"115\">\n<p style=\"text-align: center;\">40 mm<\/p>\n<\/td>\n<\/tr>\n<tr>\n<td width=\"230\"><strong>B\u00e2ton <\/strong><strong>\u00d8 gamme<\/strong><\/td>\n<td width=\"115\">\n<p style=\"text-align: center;\">3,2 - 6 mm<\/p>\n<\/td>\n<td style=\"text-align: center;\" width=\"115\">3,2 - 6 mm<\/td>\n<td width=\"115\">\n<p style=\"text-align: center;\">3,2 - 6 mm<\/p>\n<\/td>\n<\/tr>\n<tr>\n<td width=\"230\"><strong>Largeur du mat\u00e9riau d'emballage<\/strong><\/td>\n<td width=\"115\">\n<p style=\"text-align: center;\">80 - 135 mm<\/p>\n<\/td>\n<td style=\"text-align: center;\" width=\"115\">80 - 135 mm<\/td>\n<td width=\"115\">\n<p style=\"text-align: center;\">80 - 135 mm<\/p>\n<\/td>\n<\/tr>\n<tr>\n<td width=\"230\"><strong>Longueur maximale du mat\u00e9riau d'emballage<\/strong><\/td>\n<td width=\"115\">\n<p style=\"text-align: center;\">135 mm<\/p>\n<\/td>\n<td style=\"text-align: center;\" width=\"115\">135 mm<\/td>\n<td width=\"115\">\n<p style=\"text-align: center;\">135 mm<\/p>\n<\/td>\n<\/tr>\n<tr>\n<td width=\"230\"><strong>Gamme de poids du mat\u00e9riau d'emballage<\/strong><\/td>\n<td width=\"115\">\n<p style=\"text-align: center;\">35-45 gr\/m2<\/p>\n<\/td>\n<td style=\"text-align: center;\" width=\"115\">35-45 gr\/m2<\/td>\n<td width=\"115\">\n<p style=\"text-align: center;\">35-45 gr\/m2<\/p>\n<\/td>\n<\/tr>\n<tr>\n<td width=\"230\"><strong>Ext\u00e9rieur max.<\/strong><strong> \u00d8 de l'enrouleur <\/strong><\/td>\n<td width=\"115\">\n<p style=\"text-align: center;\">300 mm<\/p>\n<\/td>\n<td style=\"text-align: center;\" width=\"115\">300 mm<\/td>\n<td width=\"115\">\n<p style=\"text-align: center;\">300 mm<\/p>\n<\/td>\n<\/tr>\n<tr>\n<td width=\"230\"><strong>Enrouleur int\u00e9rieur <\/strong><strong>\u00d8 gamme<\/strong><\/td>\n<td width=\"115\">\n<p style=\"text-align: center;\">70 - 76 mm<\/p>\n<\/td>\n<td style=\"text-align: center;\" width=\"115\">70 - 76 mm<\/td>\n<td width=\"115\">\n<p style=\"text-align: center;\">70 - 76 mm<\/p>\n<\/td>\n<\/tr>\n<tr>\n<td width=\"230\"><strong>Machine de musculation<\/strong><\/td>\n<td width=\"115\">\n<p style=\"text-align: center;\">1100 kg<\/p>\n<\/td>\n<td style=\"text-align: center;\" width=\"115\">1200 kg<\/td>\n<td width=\"115\">\n<p style=\"text-align: center;\">2500 kg<\/p>\n<\/td>\n<\/tr>\n<tr>\n<td width=\"230\"><strong>Puissance<\/strong><\/td>\n<td width=\"115\">\n<p style=\"text-align: center;\">5,5 kW<\/p>\n<\/td>\n<td style=\"text-align: center;\" width=\"115\">9,0 kW<\/td>\n<td width=\"115\">\n<p style=\"text-align: center;\">14,0 kW<\/p>\n<\/td>\n<\/tr>\n<\/tbody>\n<\/table>","protected":false},"excerpt":{"rendered":"<p>Machine \u00e0 emballer les sucettes en forme de boules \u00e0 grande vitesse (jusqu'\u00e0 800 ppm).<\/p>","protected":false},"featured_media":2659,"comment_status":"open","ping_status":"closed","template":"","meta":{"uix_meta_title":"","uix_meta_description":"","uix_canonical_url":""},"product_brand":[],"product_cat":[104],"product_tag":[],"class_list":{"0":"post-2664","1":"product","2":"type-product","3":"status-publish","4":"has-post-thumbnail","6":"product_cat-processing","8":"first","9":"instock","10":"shipping-taxable","11":"product-type-simple"},"_links":{"self":[{"href":"https:\/\/cormac.eu\/fr\/wp-json\/wp\/v2\/product\/2664","targetHints":{"allow":["GET"]}}],"collection":[{"href":"https:\/\/cormac.eu\/fr\/wp-json\/wp\/v2\/product"}],"about":[{"href":"https:\/\/cormac.eu\/fr\/wp-json\/wp\/v2\/types\/product"}],"replies":[{"embeddable":true,"href":"https:\/\/cormac.eu\/fr\/wp-json\/wp\/v2\/comments?post=2664"}],"wp:featuredmedia":[{"embeddable":true,"href":"https:\/\/cormac.eu\/fr\/wp-json\/wp\/v2\/media\/2659"}],"wp:attachment":[{"href":"https:\/\/cormac.eu\/fr\/wp-json\/wp\/v2\/media?parent=2664"}],"wp:term":[{"taxonomy":"product_brand","embeddable":true,"href":"https:\/\/cormac.eu\/fr\/wp-json\/wp\/v2\/product_brand?post=2664"},{"taxonomy":"product_cat","embeddable":true,"href":"https:\/\/cormac.eu\/fr\/wp-json\/wp\/v2\/product_cat?post=2664"},{"taxonomy":"product_tag","embeddable":true,"href":"https:\/\/cormac.eu\/fr\/wp-json\/wp\/v2\/product_tag?post=2664"}],"curies":[{"name":"wp","href":"https:\/\/api.w.org\/{rel}","templated":true}]}}