{"id":2657,"date":"2022-04-12T18:48:22","date_gmt":"2022-04-12T16:48:22","guid":{"rendered":"https:\/\/cormac.eu\/?post_type=product&#038;p=2657"},"modified":"2022-05-30T16:24:50","modified_gmt":"2022-05-30T14:24:50","slug":"extrudeuse-cstr","status":"publish","type":"product","link":"https:\/\/cormac.eu\/fr\/product\/extruder-cstr\/","title":{"rendered":"Extrudeuse CSTR"},"content":{"rendered":"<p>Extrudeuses \u00e0 double vis contrarotatives pour la production par extrusion de produits tels que les p\u00e2tes de fruits, les bonbons mous, les caramels, les barres de c\u00e9r\u00e9ales et prot\u00e9in\u00e9es, les chewing-gums et les gommes \u00e0 bulles. Cette gamme d'extrudeuses est particuli\u00e8rement adapt\u00e9e \u00e0 la fabrication de produits \u00e0 remplissage central. Sous haute pression, la masse est constamment extrud\u00e9e en un flux r\u00e9gulier. Il est possible de raccorder \u00e0 la t\u00eate d'extrusion des dispositifs de remplissage pour poudres, granul\u00e9s, semi-liquides ou granul\u00e9s afin de fabriquer des produits \u00e0 remplissage central sp\u00e9cifique. Si deux ou plusieurs extrudeuses sont combin\u00e9es, il est possible de fabriquer des produits co-extrud\u00e9s. Gr\u00e2ce \u00e0 une large gamme de t\u00eates d'extrusion et de buses sp\u00e9ciales, de nombreuses combinaisons de formes, d'ar\u00f4mes et de couleurs peuvent \u00eatre r\u00e9alis\u00e9es.<\/p>\n<p><img decoding=\"async\" class=\"alignnone wp-image-2655\" src=\"https:\/\/cormac.eu\/wp-content\/uploads\/2022\/04\/Gum-bazooka-300x188.jpg\" alt=\"\" width=\"209\" height=\"131\" srcset=\"https:\/\/cormac.eu\/wp-content\/uploads\/2022\/04\/Gum-bazooka-300x188.jpg 300w, https:\/\/cormac.eu\/wp-content\/uploads\/2022\/04\/Gum-bazooka.jpg 600w\" sizes=\"(max-width: 209px) 100vw, 209px\" \/><img decoding=\"async\" class=\"alignnone wp-image-2654\" src=\"https:\/\/cormac.eu\/wp-content\/uploads\/2022\/04\/Chewy-cubes2.jpg\" alt=\"\" width=\"214\" height=\"126\" \/><img decoding=\"async\" class=\"alignnone wp-image-2656\" src=\"https:\/\/cormac.eu\/wp-content\/uploads\/2022\/04\/Chewy-bar2-300x85.jpg\" alt=\"\" width=\"339\" height=\"96\" srcset=\"https:\/\/cormac.eu\/wp-content\/uploads\/2022\/04\/Chewy-bar2-300x85.jpg 300w, https:\/\/cormac.eu\/wp-content\/uploads\/2022\/04\/Chewy-bar2.jpg 600w\" sizes=\"(max-width: 339px) 100vw, 339px\" \/><\/p>\n<p>&nbsp;<\/p>\n<table width=\"604\">\n<tbody>\n<tr>\n<td width=\"302\"><strong>Caract\u00e9ristiques<\/strong><\/td>\n<td width=\"302\"><strong>Avantages<\/strong><\/td>\n<\/tr>\n<tr>\n<td width=\"302\">Conception et construction robustes<\/td>\n<td width=\"302\">\n<ul>\n<li>Longue dur\u00e9e de vie<\/li>\n<li>fonctionnement s\u00fbr<\/li>\n<\/ul>\n<\/td>\n<\/tr>\n<tr>\n<td width=\"302\">Acier inoxydable pour les zones de contact avec le produit<\/td>\n<td width=\"302\">\n<ul>\n<li>S\u00e9curit\u00e9 alimentaire<\/li>\n<li>Hygi\u00e8ne<\/li>\n<\/ul>\n<\/td>\n<\/tr>\n<tr>\n<td width=\"302\">2 vis d'alimentation et vis de contre-rotation<\/td>\n<td width=\"302\">\n<ul>\n<li>Alimentation stable<\/li>\n<li>flux constant de produits<\/li>\n<\/ul>\n<\/td>\n<\/tr>\n<tr>\n<td width=\"302\">T\u00eate d'extrusion \u00e0 double enveloppe avec contr\u00f4le \u00e9lectronique de la temp\u00e9rature<\/td>\n<td width=\"302\">\n<ul>\n<li>Une temp\u00e9rature et un contr\u00f4le homog\u00e8nes<\/li>\n<\/ul>\n<\/td>\n<\/tr>\n<tr>\n<td width=\"302\">Variateur de vitesse<\/td>\n<td width=\"302\">\n<ul>\n<li>Contr\u00f4le pr\u00e9cis du processus et de la vitesse<\/li>\n<\/ul>\n<\/td>\n<\/tr>\n<tr>\n<td width=\"302\">Options<\/td>\n<td width=\"302\">\n<ul>\n<li>Combinaisons d'extrudeuses multiples<\/li>\n<\/ul>\n<\/td>\n<\/tr>\n<\/tbody>\n<\/table>","protected":false},"excerpt":{"rendered":"<p>Extrudeuse \u00e0 double vis pour la production de p\u00e2tes de fruits, de bonbons mous, de caramels, de barres de c\u00e9r\u00e9ales et de barres prot\u00e9in\u00e9es, de chewing-gums et de gommes \u00e0 bulles.<\/p>","protected":false},"featured_media":2658,"comment_status":"open","ping_status":"closed","template":"","meta":{"uix_meta_title":"","uix_meta_description":"","uix_canonical_url":""},"product_brand":[],"product_cat":[104],"product_tag":[],"class_list":{"0":"post-2657","1":"product","2":"type-product","3":"status-publish","4":"has-post-thumbnail","6":"product_cat-processing","8":"first","9":"instock","10":"shipping-taxable","11":"product-type-simple"},"_links":{"self":[{"href":"https:\/\/cormac.eu\/fr\/wp-json\/wp\/v2\/product\/2657","targetHints":{"allow":["GET"]}}],"collection":[{"href":"https:\/\/cormac.eu\/fr\/wp-json\/wp\/v2\/product"}],"about":[{"href":"https:\/\/cormac.eu\/fr\/wp-json\/wp\/v2\/types\/product"}],"replies":[{"embeddable":true,"href":"https:\/\/cormac.eu\/fr\/wp-json\/wp\/v2\/comments?post=2657"}],"wp:featuredmedia":[{"embeddable":true,"href":"https:\/\/cormac.eu\/fr\/wp-json\/wp\/v2\/media\/2658"}],"wp:attachment":[{"href":"https:\/\/cormac.eu\/fr\/wp-json\/wp\/v2\/media?parent=2657"}],"wp:term":[{"taxonomy":"product_brand","embeddable":true,"href":"https:\/\/cormac.eu\/fr\/wp-json\/wp\/v2\/product_brand?post=2657"},{"taxonomy":"product_cat","embeddable":true,"href":"https:\/\/cormac.eu\/fr\/wp-json\/wp\/v2\/product_cat?post=2657"},{"taxonomy":"product_tag","embeddable":true,"href":"https:\/\/cormac.eu\/fr\/wp-json\/wp\/v2\/product_tag?post=2657"}],"curies":[{"name":"wp","href":"https:\/\/api.w.org\/{rel}","templated":true}]}}