{"id":2643,"date":"2022-04-12T18:11:57","date_gmt":"2022-04-12T16:11:57","guid":{"rendered":"https:\/\/cormac.eu\/?post_type=product&#038;p=2643"},"modified":"2022-05-30T16:24:58","modified_gmt":"2022-05-30T14:24:58","slug":"tunnel-de-coolin-ctm-2","status":"publish","type":"product","link":"https:\/\/cormac.eu\/fr\/product\/coolin-tunnel-ctm\/","title":{"rendered":"Tunnel de refroidissement CTM"},"content":{"rendered":"<p>Tunnel de refroidissement Carugil mod\u00e8le CTM pour le refroidissement de billes et de pi\u00e8ces cylindriques, pleines, creuses et remplies. Pendant le processus de refroidissement, la forme du produit n'est pas affect\u00e9e. Gr\u00e2ce \u00e0 un syst\u00e8me efficace de circulation de l'air de refroidissement, des capacit\u00e9s \u00e9lev\u00e9es, jusqu'\u00e0 1000 kg\/h, sont possibles. Ce tunnel de refroidissement peut \u00eatre fourni avec diff\u00e9rentes options afin de r\u00e9pondre \u00e0 la situation et aux exigences sp\u00e9cifiques du client. En outre, selon le mod\u00e8le, il est possible d'augmenter la capacit\u00e9 de l'installation.<br \/>\nCes tunnels de refroidissement peuvent \u00eatre configur\u00e9s en version ouverte ou ferm\u00e9e, pour les petits et moyens producteurs ou pour les installations industrielles plus importantes. Le refroidissement peut se faire au moyen de gaz ou d'eau r\u00e9frig\u00e9r\u00e9e.<\/p>\n<p><img decoding=\"async\" class=\"alignnone wp-image-2645\" src=\"https:\/\/cormac.eu\/wp-content\/uploads\/2022\/04\/Chewy-candy-lozenges-300x202.jpg\" alt=\"\" width=\"201\" height=\"135\" srcset=\"https:\/\/cormac.eu\/wp-content\/uploads\/2022\/04\/Chewy-candy-lozenges-300x202.jpg 300w, https:\/\/cormac.eu\/wp-content\/uploads\/2022\/04\/Chewy-candy-lozenges.jpg 600w\" sizes=\"(max-width: 201px) 100vw, 201px\" \/><img decoding=\"async\" class=\"alignnone wp-image-2642\" src=\"https:\/\/cormac.eu\/wp-content\/uploads\/2022\/04\/Mentos-Choco.jpg\" alt=\"\" width=\"184\" height=\"135\" \/><\/p>\n<p>&nbsp;<\/p>\n<table>\n<tbody>\n<tr>\n<td width=\"302\"><strong>Caract\u00e9ristiques<\/strong><\/td>\n<td width=\"302\"><strong>Avantages<\/strong><\/td>\n<\/tr>\n<tr>\n<td width=\"302\">Des niveaux de produits extra-larges<\/td>\n<td width=\"302\">\n<ul>\n<li>Roulage constant des produits<\/li>\n<li>Pr\u00e9vient les d\u00e9formations<\/li>\n<\/ul>\n<\/td>\n<\/tr>\n<tr>\n<td width=\"302\">Syst\u00e8me optimal de circulation de l'air de refroidissement<\/td>\n<td width=\"302\">\n<ul>\n<li>Grande capacit\u00e9<\/li>\n<li>Refroidissement homog\u00e8ne<\/li>\n<\/ul>\n<\/td>\n<\/tr>\n<tr>\n<td width=\"302\">Connexions par modem<\/td>\n<td width=\"302\">\n<ul>\n<li>Possibilit\u00e9 d'assistance \u00e0 distance<\/li>\n<\/ul>\n<\/td>\n<\/tr>\n<tr>\n<td width=\"302\">Ex\u00e9cution en acier inoxydable<\/td>\n<td width=\"302\">\n<ul>\n<li>Hygi\u00e8ne<\/li>\n<li>nettoyage facile<\/li>\n<\/ul>\n<\/td>\n<\/tr>\n<\/tbody>\n<\/table>\n<p>&nbsp;<\/p>\n<table>\n<tbody>\n<tr>\n<td width=\"201\">\n<p style=\"text-align: center;\">\n<\/td>\n<td style=\"text-align: center;\" width=\"201\"><strong>Mod\u00e8le CTM-6000<\/strong><\/td>\n<td width=\"201\">\n<p style=\"text-align: center;\"><strong>Mod\u00e8le CTM-6000 C<\/strong><\/p>\n<\/td>\n<\/tr>\n<tr>\n<td width=\"201\"><strong>Capacit\u00e9<\/strong><\/td>\n<td width=\"201\">\n<p style=\"text-align: center;\">Jusqu'\u00e0 1000 kg\/h<\/p>\n<\/td>\n<td width=\"201\">\n<p style=\"text-align: center;\">Jusqu'\u00e0 1000 kg\/h<\/p>\n<\/td>\n<\/tr>\n<tr>\n<td width=\"201\"><strong>Nbre Nombre de niveaux<\/strong><\/td>\n<td width=\"201\">\n<p style=\"text-align: center;\">3<\/p>\n<\/td>\n<td width=\"201\">\n<p style=\"text-align: center;\">3<\/p>\n<\/td>\n<\/tr>\n<tr>\n<td width=\"201\"><strong>Dimensions<\/strong><\/td>\n<td width=\"201\">\n<p style=\"text-align: center;\">2985 x 1120 x 965 mm<\/p>\n<\/td>\n<td width=\"201\">\n<p style=\"text-align: center;\">3750 x 1710 x 1800 mm<\/p>\n<\/td>\n<\/tr>\n<tr>\n<td width=\"201\"><strong>Syst\u00e8me de refroidissement<\/strong><\/td>\n<td width=\"201\">\n<p style=\"text-align: center;\">Air ambiant<\/p>\n<\/td>\n<td width=\"201\">\n<p style=\"text-align: center;\">Jusqu'\u00e0 30 kW<\/p>\n<\/td>\n<\/tr>\n<tr>\n<td width=\"201\"><strong>Puissance<\/strong><\/td>\n<td width=\"201\">\n<p style=\"text-align: center;\">1,05 kW<\/p>\n<\/td>\n<td width=\"201\">\n<p style=\"text-align: center;\">1,05 kW + unit\u00e9 de refroidissement<\/p>\n<\/td>\n<\/tr>\n<\/tbody>\n<\/table>","protected":false},"excerpt":{"rendered":"<p>Tunnel de refroidissement pour refroidir les billes et les pi\u00e8ces cylindriques, solides, creuses et remplies.<\/p>","protected":false},"featured_media":2644,"comment_status":"open","ping_status":"closed","template":"","meta":{"uix_meta_title":"","uix_meta_description":"","uix_canonical_url":""},"product_brand":[],"product_cat":[104],"product_tag":[],"class_list":{"0":"post-2643","1":"product","2":"type-product","3":"status-publish","4":"has-post-thumbnail","6":"product_cat-processing","8":"first","9":"instock","10":"shipping-taxable","11":"product-type-simple"},"_links":{"self":[{"href":"https:\/\/cormac.eu\/fr\/wp-json\/wp\/v2\/product\/2643","targetHints":{"allow":["GET"]}}],"collection":[{"href":"https:\/\/cormac.eu\/fr\/wp-json\/wp\/v2\/product"}],"about":[{"href":"https:\/\/cormac.eu\/fr\/wp-json\/wp\/v2\/types\/product"}],"replies":[{"embeddable":true,"href":"https:\/\/cormac.eu\/fr\/wp-json\/wp\/v2\/comments?post=2643"}],"wp:featuredmedia":[{"embeddable":true,"href":"https:\/\/cormac.eu\/fr\/wp-json\/wp\/v2\/media\/2644"}],"wp:attachment":[{"href":"https:\/\/cormac.eu\/fr\/wp-json\/wp\/v2\/media?parent=2643"}],"wp:term":[{"taxonomy":"product_brand","embeddable":true,"href":"https:\/\/cormac.eu\/fr\/wp-json\/wp\/v2\/product_brand?post=2643"},{"taxonomy":"product_cat","embeddable":true,"href":"https:\/\/cormac.eu\/fr\/wp-json\/wp\/v2\/product_cat?post=2643"},{"taxonomy":"product_tag","embeddable":true,"href":"https:\/\/cormac.eu\/fr\/wp-json\/wp\/v2\/product_tag?post=2643"}],"curies":[{"name":"wp","href":"https:\/\/api.w.org\/{rel}","templated":true}]}}