{"id":2480,"date":"2022-04-03T14:12:30","date_gmt":"2022-04-03T12:12:30","guid":{"rendered":"https:\/\/cormac.eu\/?post_type=product&#038;p=2480"},"modified":"2023-10-27T15:25:41","modified_gmt":"2023-10-27T13:25:41","slug":"broyeur-de-blocs-de-cacao-2","status":"publish","type":"product","link":"https:\/\/cormac.eu\/fr\/product\/cocoa-block-crusher\/","title":{"rendered":"Broyeur de blocs de cacao"},"content":{"rendered":"<p>Cette machine coupe les blocs de liqueur de cacao de 20-30 KG en petits morceaux. En g\u00e9n\u00e9ral, ce dispositif est plac\u00e9 au-dessus d'un r\u00e9servoir de fusion de liqueur de cacao. Apr\u00e8s avoir \u00e9t\u00e9 coup\u00e9s, les morceaux de taille r\u00e9duite tombent dans le r\u00e9servoir pour une fusion plus rapide. Deux axes rotatifs en acier inoxydable \u00e9quip\u00e9s chacun de quinze couteaux et fonctionnant ind\u00e9pendamment l'un de l'autre constituent le c\u0153ur du m\u00e9canisme de coupe. La capacit\u00e9 est de 14 \u00e0 15 blocs par heure, ce qui donne un rendement moyen de 600 kg\/heure, en fonction de la vitesse d'alimentation.<\/p>\n<p>&nbsp;<\/p>\n<p>&nbsp;<\/p>\n<table width=\"604\">\n<tbody>\n<tr>\n<td width=\"302\"><strong>Caract\u00e9ristiques<\/strong><\/td>\n<td width=\"302\"><strong>Avantages<\/strong><\/td>\n<\/tr>\n<tr>\n<td width=\"302\">Compact<\/td>\n<td width=\"302\">\n<ul>\n<li>Empreinte au sol r\u00e9duite<\/li>\n<li>Montage facile au-dessus du r\u00e9servoir de fusion<\/li>\n<\/ul>\n<\/td>\n<\/tr>\n<tr>\n<td width=\"302\">Ex\u00e9cution en acier inoxydable<\/td>\n<td width=\"302\">\n<ul>\n<li>Hygi\u00e9nique<\/li>\n<li>Robuste<\/li>\n<\/ul>\n<\/td>\n<\/tr>\n<\/tbody>\n<\/table>","protected":false},"excerpt":{"rendered":"<p>Machine pour broyer et couper en petits morceaux des blocs de liqueur de cacao de 20-30 KG.<\/p>","protected":false},"featured_media":2479,"comment_status":"open","ping_status":"closed","template":"","meta":{"uix_meta_title":"","uix_meta_description":"","uix_canonical_url":""},"product_brand":[],"product_cat":[104],"product_tag":[],"class_list":{"0":"post-2480","1":"product","2":"type-product","3":"status-publish","4":"has-post-thumbnail","6":"product_cat-processing","8":"first","9":"instock","10":"shipping-taxable","11":"product-type-simple"},"_links":{"self":[{"href":"https:\/\/cormac.eu\/fr\/wp-json\/wp\/v2\/product\/2480","targetHints":{"allow":["GET"]}}],"collection":[{"href":"https:\/\/cormac.eu\/fr\/wp-json\/wp\/v2\/product"}],"about":[{"href":"https:\/\/cormac.eu\/fr\/wp-json\/wp\/v2\/types\/product"}],"replies":[{"embeddable":true,"href":"https:\/\/cormac.eu\/fr\/wp-json\/wp\/v2\/comments?post=2480"}],"wp:featuredmedia":[{"embeddable":true,"href":"https:\/\/cormac.eu\/fr\/wp-json\/wp\/v2\/media\/2479"}],"wp:attachment":[{"href":"https:\/\/cormac.eu\/fr\/wp-json\/wp\/v2\/media?parent=2480"}],"wp:term":[{"taxonomy":"product_brand","embeddable":true,"href":"https:\/\/cormac.eu\/fr\/wp-json\/wp\/v2\/product_brand?post=2480"},{"taxonomy":"product_cat","embeddable":true,"href":"https:\/\/cormac.eu\/fr\/wp-json\/wp\/v2\/product_cat?post=2480"},{"taxonomy":"product_tag","embeddable":true,"href":"https:\/\/cormac.eu\/fr\/wp-json\/wp\/v2\/product_tag?post=2480"}],"curies":[{"name":"wp","href":"https:\/\/api.w.org\/{rel}","templated":true}]}}