{"id":2446,"date":"2022-04-02T15:45:33","date_gmt":"2022-04-02T13:45:33","guid":{"rendered":"https:\/\/cormac.eu\/?post_type=product&#038;p=2446"},"modified":"2022-06-06T00:37:52","modified_gmt":"2022-06-05T22:37:52","slug":"systemes-de-manutention-des-paniers-2","status":"publish","type":"product","link":"https:\/\/cormac.eu\/fr\/product\/basket-handling-systems\/","title":{"rendered":"Syst\u00e8mes de manutention de paniers"},"content":{"rendered":"<p>Les \u00e9quipements de manutention des paniers comprennent par exemple les \u00e9l\u00e9vateurs de paniers, les empileurs et d\u00e9pileurs de paniers, les convoyeurs d'alimentation de paniers, les chargeurs de paniers, etc. Ces \u00e9quipements sont disponibles dans diff\u00e9rents types de machines et de configurations, toujours en fonction des besoins du client.<\/p>\n<p>&nbsp;<\/p>\n<table width=\"604\">\n<tbody>\n<tr>\n<td width=\"302\"><strong>Caract\u00e9ristiques<\/strong><\/td>\n<td width=\"302\"><strong>Avantages<\/strong><\/td>\n<\/tr>\n<tr>\n<td width=\"302\">Construction en acier inoxydable<\/td>\n<td width=\"302\">\n<ul>\n<li>Rigide<\/li>\n<li>Hygenic<\/li>\n<\/ul>\n<\/td>\n<\/tr>\n<tr>\n<td width=\"302\">Int\u00e9gration des syst\u00e8mes<\/td>\n<td width=\"302\">\n<ul>\n<li>L'\u00e9quipement peut \u00eatre int\u00e9gr\u00e9 \u00e0 l'\u00e9quipement existant de l'usine<\/li>\n<\/ul>\n<\/td>\n<\/tr>\n<tr>\n<td width=\"302\"><\/td>\n<td width=\"302\"><\/td>\n<\/tr>\n<tr>\n<td width=\"302\">Cycles de lavage, de rin\u00e7age et de s\u00e9chage<\/td>\n<td width=\"302\">\n<ul>\n<li>Excellents r\u00e9sultats de nettoyage<\/li>\n<\/ul>\n<\/td>\n<\/tr>\n<tr>\n<td width=\"302\">En option<\/td>\n<td width=\"302\">\n<ul>\n<li>Syst\u00e8mes cl\u00e9s en main<\/li>\n<li>Int\u00e9gration des syst\u00e8mes<\/li>\n<\/ul>\n<\/td>\n<\/tr>\n<\/tbody>\n<\/table>","protected":false},"excerpt":{"rendered":"<p>Syst\u00e8me de manutention des paniers et des caisses selon les besoins du client.<\/p>","protected":false},"featured_media":2447,"comment_status":"open","ping_status":"closed","template":"","meta":{"uix_meta_title":"","uix_meta_description":"","uix_canonical_url":""},"product_brand":[],"product_cat":[108],"product_tag":[],"class_list":{"0":"post-2446","1":"product","2":"type-product","3":"status-publish","4":"has-post-thumbnail","6":"product_cat-hygiene","8":"first","9":"instock","10":"shipping-taxable","11":"product-type-simple"},"_links":{"self":[{"href":"https:\/\/cormac.eu\/fr\/wp-json\/wp\/v2\/product\/2446","targetHints":{"allow":["GET"]}}],"collection":[{"href":"https:\/\/cormac.eu\/fr\/wp-json\/wp\/v2\/product"}],"about":[{"href":"https:\/\/cormac.eu\/fr\/wp-json\/wp\/v2\/types\/product"}],"replies":[{"embeddable":true,"href":"https:\/\/cormac.eu\/fr\/wp-json\/wp\/v2\/comments?post=2446"}],"wp:featuredmedia":[{"embeddable":true,"href":"https:\/\/cormac.eu\/fr\/wp-json\/wp\/v2\/media\/2447"}],"wp:attachment":[{"href":"https:\/\/cormac.eu\/fr\/wp-json\/wp\/v2\/media?parent=2446"}],"wp:term":[{"taxonomy":"product_brand","embeddable":true,"href":"https:\/\/cormac.eu\/fr\/wp-json\/wp\/v2\/product_brand?post=2446"},{"taxonomy":"product_cat","embeddable":true,"href":"https:\/\/cormac.eu\/fr\/wp-json\/wp\/v2\/product_cat?post=2446"},{"taxonomy":"product_tag","embeddable":true,"href":"https:\/\/cormac.eu\/fr\/wp-json\/wp\/v2\/product_tag?post=2446"}],"curies":[{"name":"wp","href":"https:\/\/api.w.org\/{rel}","templated":true}]}}