{"id":2444,"date":"2022-04-02T15:07:52","date_gmt":"2022-04-02T13:07:52","guid":{"rendered":"https:\/\/cormac.eu\/?post_type=product&#038;p=2444"},"modified":"2022-06-06T00:41:45","modified_gmt":"2022-06-05T22:41:45","slug":"laveuse-de-caisses","status":"publish","type":"product","link":"https:\/\/cormac.eu\/fr\/product\/crate-washer\/","title":{"rendered":"Lave-caisses"},"content":{"rendered":"<p>Les machines \u00e0 laver les caisses peuvent \u00eatre ex\u00e9cut\u00e9es dans une large gamme avec des capacit\u00e9s allant jusqu'\u00e0 8000 caisses\/heure. G\u00e9n\u00e9ralement construites selon les sp\u00e9cifications du client, elles peuvent aller de l'unit\u00e9 d'assainissement multiple \u00e0 l'unit\u00e9 de traitement multiple avec le programme de s\u00e9chage Newsmith.<br \/>\nLa largeur du convoyeur et la hauteur du tunnel peuvent \u00eatre adapt\u00e9es aux objets \u00e0 nettoyer. La temp\u00e9rature de la solution de nettoyage est contr\u00f4l\u00e9e par thermostat.<\/p>\n<table width=\"604\">\n<tbody>\n<tr>\n<td width=\"302\">\n<p style=\"text-align: center\"><strong>Caract\u00e9ristiques<\/strong><\/p>\n<\/td>\n<td width=\"302\">\n<p style=\"text-align: center\"><strong>Avantages<\/strong><\/p>\n<\/td>\n<\/tr>\n<tr>\n<td width=\"302\">Construction en acier inoxydable<\/td>\n<td width=\"302\">\n<ul>\n<li>Rigide<\/li>\n<li>Hygenic<\/li>\n<\/ul>\n<\/td>\n<\/tr>\n<tr>\n<td width=\"302\">Filtres de haute qualit\u00e9<\/td>\n<td width=\"302\">\n<ul>\n<li>Nettoyage et acc\u00e8s aux filtres facilit\u00e9s<\/li>\n<\/ul>\n<\/td>\n<\/tr>\n<tr>\n<td width=\"302\">Syst\u00e8mes de jetting<\/td>\n<td width=\"302\">\n<ul>\n<li>Nettoyage optimal<\/li>\n<\/ul>\n<\/td>\n<\/tr>\n<tr>\n<td width=\"302\">Cycles de lavage, de rin\u00e7age et de s\u00e9chage<\/td>\n<td width=\"302\">\n<ul>\n<li>Excellents r\u00e9sultats de nettoyage<\/li>\n<\/ul>\n<\/td>\n<\/tr>\n<tr>\n<td width=\"302\">En option<\/td>\n<td width=\"302\">\n<ul>\n<li>basculeur de piles<\/li>\n<li>enl\u00e8vement de l'\u00e9tiquette \u00e0 haute pression<\/li>\n<li>S\u00e9chage par lame d'air \u00e0 grande vitesse<\/li>\n<li>mod\u00e8les \u00e0 une ou plusieurs voies<\/li>\n<li>chauffage \u00e9lectrique, au gaz ou \u00e0 la vapeur<\/li>\n<li>convoyeur de retour pour faciliter le travail d'une seule personne)<\/li>\n<li>dernier rin\u00e7age \u00e0 l'eau douce<\/li>\n<\/ul>\n<\/td>\n<\/tr>\n<\/tbody>\n<\/table>","protected":false},"excerpt":{"rendered":"<p>Machine \u00e0 laver les caisses jusqu'\u00e0 8000 caisses\/heure, g\u00e9n\u00e9ralement construite selon les sp\u00e9cifications du client.<\/p>","protected":false},"featured_media":2445,"comment_status":"open","ping_status":"closed","template":"","meta":{"uix_meta_title":"","uix_meta_description":"","uix_canonical_url":""},"product_brand":[],"product_cat":[108],"product_tag":[],"class_list":{"0":"post-2444","1":"product","2":"type-product","3":"status-publish","4":"has-post-thumbnail","6":"product_cat-hygiene","8":"first","9":"instock","10":"shipping-taxable","11":"product-type-simple"},"_links":{"self":[{"href":"https:\/\/cormac.eu\/fr\/wp-json\/wp\/v2\/product\/2444","targetHints":{"allow":["GET"]}}],"collection":[{"href":"https:\/\/cormac.eu\/fr\/wp-json\/wp\/v2\/product"}],"about":[{"href":"https:\/\/cormac.eu\/fr\/wp-json\/wp\/v2\/types\/product"}],"replies":[{"embeddable":true,"href":"https:\/\/cormac.eu\/fr\/wp-json\/wp\/v2\/comments?post=2444"}],"wp:featuredmedia":[{"embeddable":true,"href":"https:\/\/cormac.eu\/fr\/wp-json\/wp\/v2\/media\/2445"}],"wp:attachment":[{"href":"https:\/\/cormac.eu\/fr\/wp-json\/wp\/v2\/media?parent=2444"}],"wp:term":[{"taxonomy":"product_brand","embeddable":true,"href":"https:\/\/cormac.eu\/fr\/wp-json\/wp\/v2\/product_brand?post=2444"},{"taxonomy":"product_cat","embeddable":true,"href":"https:\/\/cormac.eu\/fr\/wp-json\/wp\/v2\/product_cat?post=2444"},{"taxonomy":"product_tag","embeddable":true,"href":"https:\/\/cormac.eu\/fr\/wp-json\/wp\/v2\/product_tag?post=2444"}],"curies":[{"name":"wp","href":"https:\/\/api.w.org\/{rel}","templated":true}]}}