{"id":2439,"date":"2022-04-02T15:02:33","date_gmt":"2022-04-02T13:02:33","guid":{"rendered":"https:\/\/cormac.eu\/?post_type=product&#038;p=2439"},"modified":"2022-06-06T00:44:06","modified_gmt":"2022-06-05T22:44:06","slug":"laveuse-a-cremaillere","status":"publish","type":"product","link":"https:\/\/cormac.eu\/fr\/product\/rack-washer\/","title":{"rendered":"Laveuse \u00e0 cr\u00e9maill\u00e8re"},"content":{"rendered":"<p>Cette laveuse de racks flexible peut traiter les racks, les grands vases et les chariots avec un r\u00e9sultat de nettoyage optimal. Elle peut \u00eatre ex\u00e9cut\u00e9e avec des largeurs de porte et des tailles d'armoire conformes aux exigences sp\u00e9cifiques des clients. La zone de lavage est \u00e9galement personnalisable. Cette machine efficace peut \u00eatre utilis\u00e9e par une seule personne. La machine peut \u00eatre \u00e9quip\u00e9e d'une rampe lorsqu'elle est plac\u00e9e \u00e0 un niveau sup\u00e9rieur. Elle peut \u00e9galement \u00eatre install\u00e9e dans une fosse.<\/p>\n<table width=\"604\">\n<tbody>\n<tr>\n<td width=\"302\"><strong>Caract\u00e9ristiques<\/strong><\/td>\n<td width=\"302\"><strong>Avantages<\/strong><\/td>\n<\/tr>\n<tr>\n<td width=\"302\">Construction en acier inoxydable<\/td>\n<td width=\"302\">\n<ul>\n<li>Rigide<\/li>\n<li>Hygenic<\/li>\n<\/ul>\n<\/td>\n<\/tr>\n<tr>\n<td width=\"302\">Jets rotatifs<\/td>\n<td width=\"302\">\n<ul>\n<li>Puissance de lavage intense<\/li>\n<\/ul>\n<\/td>\n<\/tr>\n<tr>\n<td width=\"302\">Lavage des bacs en circuit ferm\u00e9<\/td>\n<td width=\"302\">\n<ul>\n<li>R\u00e9duire la consommation d'eau<\/li>\n<\/ul>\n<\/td>\n<\/tr>\n<tr>\n<td width=\"302\">Commandes par \u00e9cran tactile<\/td>\n<td width=\"302\">\n<ul>\n<li>S\u00e9lection des param\u00e8tres<\/li>\n<li>Enregistrement et stockage des donn\u00e9es<\/li>\n<li>Contr\u00f4le du temps de lavage et de rin\u00e7age<\/li>\n<li>Programmes de lavage multiples<\/li>\n<\/ul>\n<\/td>\n<\/tr>\n<tr>\n<td width=\"302\">Conception \u00e9conome en \u00e9nergie<\/td>\n<td width=\"302\">\n<ul>\n<li>R\u00e9duction de la consommation de d\u00e9tergent<\/li>\n<li>Co\u00fbt de fonctionnement r\u00e9duit<\/li>\n<li>Moins d'impact sur l'environnement<\/li>\n<\/ul>\n<\/td>\n<\/tr>\n<tr>\n<td width=\"302\">Cycles de lavage, de rin\u00e7age et de s\u00e9chage<\/td>\n<td width=\"302\">\n<ul>\n<li>Excellents r\u00e9sultats de nettoyage<\/li>\n<\/ul>\n<\/td>\n<\/tr>\n<tr>\n<td width=\"302\">En option<\/td>\n<td width=\"302\">\n<ul>\n<li>R\u00e9servoir de rin\u00e7age \u00e0 chauffage automatique<\/li>\n<li>Pompe de rin\u00e7age<\/li>\n<li>Ventilateur d'extraction de vapeur<\/li>\n<li>Conception \u00e0 deux portes de passage<\/li>\n<li>Chauffage \u00e0 vapeur, \u00e9lectrique ou au gaz<\/li>\n<\/ul>\n<\/td>\n<\/tr>\n<\/tbody>\n<\/table>","protected":false},"excerpt":{"rendered":"<p>Machine \u00e0 laver flexible pour racks, grands r\u00e9cipients et chariots.<\/p>","protected":false},"featured_media":2438,"comment_status":"open","ping_status":"closed","template":"","meta":{"uix_meta_title":"","uix_meta_description":"","uix_canonical_url":""},"product_brand":[],"product_cat":[108],"product_tag":[],"class_list":{"0":"post-2439","1":"product","2":"type-product","3":"status-publish","4":"has-post-thumbnail","6":"product_cat-hygiene","8":"first","9":"instock","10":"shipping-taxable","11":"product-type-simple"},"_links":{"self":[{"href":"https:\/\/cormac.eu\/fr\/wp-json\/wp\/v2\/product\/2439","targetHints":{"allow":["GET"]}}],"collection":[{"href":"https:\/\/cormac.eu\/fr\/wp-json\/wp\/v2\/product"}],"about":[{"href":"https:\/\/cormac.eu\/fr\/wp-json\/wp\/v2\/types\/product"}],"replies":[{"embeddable":true,"href":"https:\/\/cormac.eu\/fr\/wp-json\/wp\/v2\/comments?post=2439"}],"wp:featuredmedia":[{"embeddable":true,"href":"https:\/\/cormac.eu\/fr\/wp-json\/wp\/v2\/media\/2438"}],"wp:attachment":[{"href":"https:\/\/cormac.eu\/fr\/wp-json\/wp\/v2\/media?parent=2439"}],"wp:term":[{"taxonomy":"product_brand","embeddable":true,"href":"https:\/\/cormac.eu\/fr\/wp-json\/wp\/v2\/product_brand?post=2439"},{"taxonomy":"product_cat","embeddable":true,"href":"https:\/\/cormac.eu\/fr\/wp-json\/wp\/v2\/product_cat?post=2439"},{"taxonomy":"product_tag","embeddable":true,"href":"https:\/\/cormac.eu\/fr\/wp-json\/wp\/v2\/product_tag?post=2439"}],"curies":[{"name":"wp","href":"https:\/\/api.w.org\/{rel}","templated":true}]}}