{"id":2437,"date":"2022-04-01T23:08:48","date_gmt":"2022-04-01T21:08:48","guid":{"rendered":"https:\/\/cormac.eu\/?post_type=product&#038;p=2437"},"modified":"2022-06-06T00:35:29","modified_gmt":"2022-06-05T22:35:29","slug":"laveur-de-bacs-2","status":"publish","type":"product","link":"https:\/\/cormac.eu\/fr\/product\/bin-washer\/","title":{"rendered":"Lave-bacs"},"content":{"rendered":"<p>Les laveurs de bacs peuvent \u00eatre utilis\u00e9s pour laver et nettoyer diff\u00e9rents types de bacs sur roues ou sans roues. Elles sont \u00e9galement parfaites pour laver les palettes et les conteneurs IBC. Les machines sont fabriqu\u00e9es sur mesure en fonction des dimensions et des caract\u00e9ristiques de vos bacs\/conteneurs \u00e0 aliments et \u00e0 d\u00e9chets. La machine peut \u00eatre \u00e9quip\u00e9e d'une rampe si le sol est sur\u00e9lev\u00e9. Sinon, il est \u00e9galement possible de fournir un mod\u00e8le adapt\u00e9 \u00e0 une installation dans une fosse. La poubelle est tourn\u00e9e au moyen d'un sch\u00e9ma d'indexation contr\u00f4l\u00e9 par PLC, ce qui permet une variabilit\u00e9 de style sans fin. De cette mani\u00e8re, toutes les surfaces \u00e0 l'int\u00e9rieur et \u00e0 l'ext\u00e9rieur des bacs sont assainies. La machine peut \u00eatre utilis\u00e9e par une seule personne.<\/p>\n<p>&nbsp;<\/p>\n<table width=\"604\">\n<tbody>\n<tr>\n<td width=\"302\"><strong>Caract\u00e9ristiques<\/strong><\/td>\n<td width=\"302\"><strong>Avantages<\/strong><\/td>\n<\/tr>\n<tr>\n<td width=\"302\">Construction en acier inoxydable<\/td>\n<td width=\"302\">\n<ul>\n<li>Rigide<\/li>\n<li>Hygenic<\/li>\n<\/ul>\n<\/td>\n<\/tr>\n<tr>\n<td width=\"302\">Syst\u00e8me de jets d'eau \u00e0 haute efficacit\u00e9<\/td>\n<td width=\"302\">\n<ul>\n<li>Performance de nettoyage intense<\/li>\n<\/ul>\n<\/td>\n<\/tr>\n<tr>\n<td width=\"302\">Lavage des bacs en circuit ferm\u00e9<\/td>\n<td width=\"302\">\n<ul>\n<li>R\u00e9duire la consommation d'eau<\/li>\n<\/ul>\n<\/td>\n<\/tr>\n<tr>\n<td width=\"302\">Commandes par \u00e9cran tactile<\/td>\n<td width=\"302\">\n<ul>\n<li>S\u00e9lection des param\u00e8tres<\/li>\n<li>Enregistrement et stockage des donn\u00e9es<\/li>\n<li>Contr\u00f4le du temps de lavage et de rin\u00e7age<\/li>\n<li>Programmes de lavage multiples<\/li>\n<\/ul>\n<\/td>\n<\/tr>\n<tr>\n<td width=\"302\">Conception \u00e9conome en \u00e9nergie<\/td>\n<td width=\"302\">\n<ul>\n<li>R\u00e9duction de la consommation de d\u00e9tergent<\/li>\n<li>Co\u00fbt de fonctionnement r\u00e9duit<\/li>\n<li>Moins d'impact sur l'environnement<\/li>\n<\/ul>\n<\/td>\n<\/tr>\n<tr>\n<td width=\"302\">Cycles de lavage, de rin\u00e7age et de s\u00e9chage<\/td>\n<td width=\"302\">\n<ul>\n<li>Excellents r\u00e9sultats de nettoyage<\/li>\n<\/ul>\n<\/td>\n<\/tr>\n<tr>\n<td width=\"302\">\u00c9quipement en option<\/td>\n<td width=\"302\">\n<ul>\n<li>R\u00e9servoir de rin\u00e7age (avec pompe)<\/li>\n<li>Chauffage \u00e0 la vapeur, au gaz ou \u00e0 l'\u00e9lectricit\u00e9<\/li>\n<li>Ex\u00e9cution \u00e0 deux portes<\/li>\n<li>Ventilateur d'extraction de vapeur (acier inoxydable)<\/li>\n<li>Distributeur de d\u00e9tergent pour le lavage et le rin\u00e7age<\/li>\n<li>Alimentation et d\u00e9chargement automatiques du convoyeur<\/li>\n<li>Assainissement automatique des poubelles<\/li>\n<li>Support sp\u00e9cial pour le lavage des couvercles<\/li>\n<li>Dernier rin\u00e7age \u00e0 l'eau douce<\/li>\n<\/ul>\n<\/td>\n<\/tr>\n<\/tbody>\n<\/table>","protected":false},"excerpt":{"rendered":"<p>Machine \u00e0 laver pour bacs sur roues ou sans roues, palettes et conteneurs IBC.<\/p>","protected":false},"featured_media":2436,"comment_status":"open","ping_status":"closed","template":"","meta":{"uix_meta_title":"","uix_meta_description":"","uix_canonical_url":""},"product_brand":[],"product_cat":[108],"product_tag":[],"class_list":{"0":"post-2437","1":"product","2":"type-product","3":"status-publish","4":"has-post-thumbnail","6":"product_cat-hygiene","8":"first","9":"instock","10":"shipping-taxable","11":"product-type-simple"},"_links":{"self":[{"href":"https:\/\/cormac.eu\/fr\/wp-json\/wp\/v2\/product\/2437","targetHints":{"allow":["GET"]}}],"collection":[{"href":"https:\/\/cormac.eu\/fr\/wp-json\/wp\/v2\/product"}],"about":[{"href":"https:\/\/cormac.eu\/fr\/wp-json\/wp\/v2\/types\/product"}],"replies":[{"embeddable":true,"href":"https:\/\/cormac.eu\/fr\/wp-json\/wp\/v2\/comments?post=2437"}],"wp:featuredmedia":[{"embeddable":true,"href":"https:\/\/cormac.eu\/fr\/wp-json\/wp\/v2\/media\/2436"}],"wp:attachment":[{"href":"https:\/\/cormac.eu\/fr\/wp-json\/wp\/v2\/media?parent=2437"}],"wp:term":[{"taxonomy":"product_brand","embeddable":true,"href":"https:\/\/cormac.eu\/fr\/wp-json\/wp\/v2\/product_brand?post=2437"},{"taxonomy":"product_cat","embeddable":true,"href":"https:\/\/cormac.eu\/fr\/wp-json\/wp\/v2\/product_cat?post=2437"},{"taxonomy":"product_tag","embeddable":true,"href":"https:\/\/cormac.eu\/fr\/wp-json\/wp\/v2\/product_tag?post=2437"}],"curies":[{"name":"wp","href":"https:\/\/api.w.org\/{rel}","templated":true}]}}