{"id":2433,"date":"2022-04-01T22:38:57","date_gmt":"2022-04-01T20:38:57","guid":{"rendered":"https:\/\/cormac.eu\/?post_type=product&#038;p=2433"},"modified":"2022-06-06T00:36:17","modified_gmt":"2022-06-05T22:36:17","slug":"rondelles-de-plaque-en-chocolat-2","status":"publish","type":"product","link":"https:\/\/cormac.eu\/fr\/product\/chocolate-plaque-washers\/","title":{"rendered":"Rondelles pour moules \u00e0 chocolat et plaques"},"content":{"rendered":"<p>Les laveurs de moules et de plaques de chocolat Newsmith peuvent \u00eatre construits \u00e0 la fois en ex\u00e9cution simple et en ex\u00e9cution \u00e0 plusieurs voies. Elles sont utilis\u00e9es non seulement pour le lavage des moules \u00e0 chocolat et des plaques, mais aussi pour diff\u00e9rents plateaux en plastique.<br \/>\nElles sont g\u00e9n\u00e9ralement plus compactes que d'autres machines \u00e0 usage similaire sur le march\u00e9, et mesurent g\u00e9n\u00e9ralement moins de 4 m\u00e8tres de long. Les options de cycles multiples comprennent par exemple le pr\u00e9lavage, le lavage, le rin\u00e7age multiple et le s\u00e9chage.<\/p>\n<p>&nbsp;<\/p>\n<table width=\"604\">\n<tbody>\n<tr>\n<td width=\"302\"><strong>Caract\u00e9ristiques<\/strong><\/td>\n<td width=\"302\"><strong>Avantages<\/strong><\/td>\n<\/tr>\n<tr>\n<td width=\"302\">Construction en acier inoxydable<\/td>\n<td width=\"302\">\n<ul>\n<li>Rigide<\/li>\n<li>Hygenic<\/li>\n<\/ul>\n<\/td>\n<\/tr>\n<tr>\n<td width=\"302\">Poste de chargement et de travail ventil\u00e9<\/td>\n<td width=\"302\">\n<ul>\n<li>Convivialit\u00e9 de l'op\u00e9rateur<\/li>\n<\/ul>\n<\/td>\n<\/tr>\n<tr>\n<td width=\"302\">Commandes par \u00e9cran tactile<\/td>\n<td width=\"302\">\n<ul>\n<li>D\u00e9marrage progressif<\/li>\n<li>S\u00e9lection des param\u00e8tres<\/li>\n<li>Enregistrement et stockage des donn\u00e9es<\/li>\n<li>Impression &amp; r<span style=\"font-family: inherit;font-size: inherit\">emote download<\/span><\/li>\n<\/ul>\n<\/td>\n<\/tr>\n<tr>\n<td width=\"302\">Conception \u00e9conome en \u00e9nergie<\/td>\n<td width=\"302\">\n<ul>\n<li>R\u00e9duction de la consommation de d\u00e9tergent<\/li>\n<li>Co\u00fbt de fonctionnement r\u00e9duit<\/li>\n<li>Moins d'impact sur l'environnement<\/li>\n<\/ul>\n<\/td>\n<\/tr>\n<tr>\n<td width=\"302\">Option de s\u00e9chage complet<\/td>\n<td width=\"302\">\n<ul>\n<li>Objets extra secs<\/li>\n<\/ul>\n<\/td>\n<\/tr>\n<tr>\n<td width=\"302\">Cycles de lavage, de rin\u00e7age et de s\u00e9chage<\/td>\n<td width=\"302\">\n<ul>\n<li>Excellents r\u00e9sultats de nettoyage<\/li>\n<\/ul>\n<\/td>\n<\/tr>\n<tr>\n<td width=\"302\">\u00c9quipement en option<\/td>\n<td width=\"302\">\n<ul>\n<li>Chauffage \u00e0 la vapeur, au gaz, \u00e0 l'\u00e9lectricit\u00e9 ou \u00e0 l'eau chaude<\/li>\n<\/ul>\n<\/td>\n<\/tr>\n<\/tbody>\n<\/table>\n<p>&nbsp;<\/p>","protected":false},"excerpt":{"rendered":"<p>Machine \u00e0 laver \u00e0 une ou plusieurs pistes pour les moules \u00e0 chocolat, les plaques de chocolat et les plateaux en plastique.<\/p>","protected":false},"featured_media":2434,"comment_status":"open","ping_status":"closed","template":"","meta":{"uix_meta_title":"","uix_meta_description":"","uix_canonical_url":""},"product_brand":[],"product_cat":[108],"product_tag":[],"class_list":{"0":"post-2433","1":"product","2":"type-product","3":"status-publish","4":"has-post-thumbnail","6":"product_cat-hygiene","8":"first","9":"instock","10":"shipping-taxable","11":"product-type-simple"},"_links":{"self":[{"href":"https:\/\/cormac.eu\/fr\/wp-json\/wp\/v2\/product\/2433","targetHints":{"allow":["GET"]}}],"collection":[{"href":"https:\/\/cormac.eu\/fr\/wp-json\/wp\/v2\/product"}],"about":[{"href":"https:\/\/cormac.eu\/fr\/wp-json\/wp\/v2\/types\/product"}],"replies":[{"embeddable":true,"href":"https:\/\/cormac.eu\/fr\/wp-json\/wp\/v2\/comments?post=2433"}],"wp:featuredmedia":[{"embeddable":true,"href":"https:\/\/cormac.eu\/fr\/wp-json\/wp\/v2\/media\/2434"}],"wp:attachment":[{"href":"https:\/\/cormac.eu\/fr\/wp-json\/wp\/v2\/media?parent=2433"}],"wp:term":[{"taxonomy":"product_brand","embeddable":true,"href":"https:\/\/cormac.eu\/fr\/wp-json\/wp\/v2\/product_brand?post=2433"},{"taxonomy":"product_cat","embeddable":true,"href":"https:\/\/cormac.eu\/fr\/wp-json\/wp\/v2\/product_cat?post=2433"},{"taxonomy":"product_tag","embeddable":true,"href":"https:\/\/cormac.eu\/fr\/wp-json\/wp\/v2\/product_tag?post=2433"}],"curies":[{"name":"wp","href":"https:\/\/api.w.org\/{rel}","templated":true}]}}