{"id":2390,"date":"2022-03-20T12:25:04","date_gmt":"2022-03-20T11:25:04","guid":{"rendered":"https:\/\/cormac.eu\/?post_type=product&#038;p=2390"},"modified":"2022-05-30T16:25:08","modified_gmt":"2022-05-30T14:25:08","slug":"machine-a-former-les-billes-cbf","status":"publish","type":"product","link":"https:\/\/cormac.eu\/fr\/product\/ball-forming-machine-cbf\/","title":{"rendered":"Machine \u00e0 former les billes CBF"},"content":{"rendered":"<p>Les formeuses de billes en continu de la gamme CBF conviennent \u00e0 la production de produits de forme cylindrique tels que les bonbons mous, les p\u00e2tes de fruits, les gommes \u00e0 bulles et les masses comparables, qu'elles soient remplies au centre, solides ou creuses. Ces formeuses de billes fabriquent un produit de haute qualit\u00e9 \u00e0 des vitesses \u00e9lev\u00e9es allant jusqu'\u00e0 6 500 ppm. Les machines sont entra\u00een\u00e9es par des servomoteurs et tous les param\u00e8tres de production peuvent \u00eatre r\u00e9gl\u00e9s et enregistr\u00e9s sur l'\u00e9cran tactile convivial. Tout au long du fonctionnement de la machine, les vitesses de rotation et de translation des rouleaux de formage peuvent \u00eatre contr\u00f4l\u00e9es. Un nouveau syst\u00e8me de calibrage et de d\u00e9coupe permet de fabriquer des pi\u00e8ces avec un taux de remplissage \u00e9lev\u00e9, jusqu'\u00e0 20%.  Cette machine permet au confiseur de fabriquer une grande vari\u00e9t\u00e9 de produits \u00e0 faible co\u00fbt afin de servir le march\u00e9 de mani\u00e8re cr\u00e9ative et d'obtenir un temps de retour rapide et un retour sur investissement \u00e9lev\u00e9. Le mod\u00e8le CBF-8000 de formeuse \u00e0 double bille comporte 2 phases de formage utilisant des rouleaux de 1 000 mm de long. Cette machine peut fonctionner \u00e0 une vitesse de 80 m\u00e8tres\/min. Elle peut donc remplacer jusqu'\u00e0 6 machines de formage de billes conventionnelles, tout en produisant un produit de meilleure qualit\u00e9 avec un taux plus \u00e9lev\u00e9 de remplissage au centre. Des lignes compl\u00e8tes de formage de billes peuvent \u00eatre livr\u00e9es.<\/p>\n<p><img decoding=\"async\" class=\"alignnone wp-image-2516\" src=\"https:\/\/cormac.eu\/wp-content\/uploads\/2022\/04\/Gum-center-filled-300x197.jpg\" alt=\"\" width=\"192\" height=\"126\" srcset=\"https:\/\/cormac.eu\/wp-content\/uploads\/2022\/04\/Gum-center-filled-300x197.jpg 300w, https:\/\/cormac.eu\/wp-content\/uploads\/2022\/04\/Gum-center-filled.jpg 600w\" sizes=\"(max-width: 192px) 100vw, 192px\" \/><img decoding=\"async\" class=\"alignnone wp-image-2642\" src=\"https:\/\/cormac.eu\/wp-content\/uploads\/2022\/04\/Mentos-Choco.jpg\" alt=\"\" width=\"175\" height=\"128\" \/><img decoding=\"async\" class=\"alignnone wp-image-2641\" src=\"https:\/\/cormac.eu\/wp-content\/uploads\/2022\/04\/Gum-tennis-balls-300x208.jpg\" alt=\"\" width=\"202\" height=\"141\" srcset=\"https:\/\/cormac.eu\/wp-content\/uploads\/2022\/04\/Gum-tennis-balls-300x208.jpg 300w, https:\/\/cormac.eu\/wp-content\/uploads\/2022\/04\/Gum-tennis-balls.jpg 600w\" sizes=\"(max-width: 202px) 100vw, 202px\" \/><img loading=\"lazy\" decoding=\"async\" class=\"alignnone wp-image-2640\" src=\"https:\/\/cormac.eu\/wp-content\/uploads\/2022\/04\/Gum-dinosaur-eggs.jpg\" alt=\"\" width=\"189\" height=\"138\" \/><\/p>\n<p>&nbsp;<\/p>\n<table>\n<tbody>\n<tr>\n<td width=\"158\">\u00a0<strong>\u00a0\u00a0\u00a0\u00a0\u00a0\u00a0\u00a0\u00a0\u00a0\u00a0\u00a0\u00a0\u00a0\u00a0\u00a0\u00a0\u00a0\u00a0\u00a0\u00a0\u00a0\u00a0\u00a0\u00a0\u00a0\u00a0\u00a0\u00a0 \u00a0\u00a0\u00a0\u00a0\u00a0\u00a0\u00a0\u00a0<\/strong><\/td>\n<td width=\"153\">\n<p style=\"text-align: center;\"><strong>CBF 4000<\/strong><\/p>\n<\/td>\n<td style=\"text-align: center;\" width=\"140\"><strong>CBF 6000<\/strong><\/td>\n<td width=\"153\">\n<p style=\"text-align: center;\"><strong>CBF 8000<\/strong><\/p>\n<\/td>\n<\/tr>\n<tr>\n<td width=\"158\"><strong>vitesse<\/strong><\/td>\n<td width=\"153\">\n<p style=\"text-align: center;\">40 m\u00e8tres\/min<\/p>\n<\/td>\n<td style=\"text-align: center;\" width=\"140\">60 m\u00e8tres\/min<\/td>\n<td width=\"153\">\n<p style=\"text-align: center;\">80 m\u00e8tres\/min<\/p>\n<\/td>\n<\/tr>\n<tr>\n<td width=\"158\"><strong>Nombre de rouleaux<\/strong><\/td>\n<td width=\"153\">\n<p style=\"text-align: center;\">1<\/p>\n<\/td>\n<td width=\"140\">\n<p style=\"text-align: center;\">1, 2<\/p>\n<\/td>\n<td width=\"153\">\n<p style=\"text-align: center;\">2<\/p>\n<\/td>\n<\/tr>\n<tr>\n<td width=\"158\"><strong>Produit <\/strong><strong>\u00d8 gamme<\/strong><\/td>\n<td width=\"153\">\n<p style=\"text-align: center;\">10 - 30 mm<\/p>\n<\/td>\n<td style=\"text-align: center;\" width=\"140\">10-30 mm<\/td>\n<td width=\"153\">\n<p style=\"text-align: center;\">10-30 mm<\/p>\n<\/td>\n<\/tr>\n<tr>\n<td width=\"158\"><strong>Puissance<\/strong><\/td>\n<td width=\"153\">\n<p style=\"text-align: center;\">3,9 kW<\/p>\n<\/td>\n<td style=\"text-align: center;\" width=\"140\">4,2 kW<\/td>\n<td width=\"153\">\n<p style=\"text-align: center;\">4,8 kW<\/p>\n<\/td>\n<\/tr>\n<\/tbody>\n<\/table>\n<p>&nbsp;<\/p>\n<table style=\"height: 505px;\" width=\"625\">\n<tbody>\n<tr>\n<td width=\"302\">\n<p style=\"text-align: center;\"><strong>Caract\u00e9ristiques<\/strong><\/p>\n<\/td>\n<td width=\"302\">\n<p style=\"text-align: center;\"><strong>Avantages<\/strong><\/p>\n<\/td>\n<\/tr>\n<tr>\n<td width=\"302\">Ex\u00e9cution en acier inoxydable<\/td>\n<td width=\"302\">\n<ul>\n<li>Nettoyage facile<\/li>\n<li>Conception hygi\u00e9nique<\/li>\n<\/ul>\n<\/td>\n<\/tr>\n<tr>\n<td width=\"302\">Ch\u00e2ssis de machine robuste<\/td>\n<td width=\"302\">\n<ul>\n<li>Fiable<\/li>\n<li>Longue dur\u00e9e de vie technique<\/li>\n<\/ul>\n<\/td>\n<\/tr>\n<tr>\n<td width=\"302\">1 ou 2 jeux de rouleaux (longueur 1000 mm)<\/td>\n<td width=\"302\">\n<ul>\n<li>Vitesses \u00e9lev\u00e9es<\/li>\n<\/ul>\n<\/td>\n<\/tr>\n<tr>\n<td width=\"302\">Mouvements entra\u00een\u00e9s par servomoteur<\/td>\n<td width=\"302\">\n<ul>\n<li>Haut niveau de contr\u00f4le des processus<\/li>\n<\/ul>\n<\/td>\n<\/tr>\n<tr>\n<td width=\"302\">Syst\u00e8me de coupe sp\u00e9cial avec couteau \u00e0 servomoteur<\/td>\n<td width=\"302\">\n<ul>\n<li>Pr\u00e9vention des fuites<\/li>\n<li>Coupe pr\u00e9cise en fonction de la vitesse du c\u00e2ble<\/li>\n<\/ul>\n<\/td>\n<\/tr>\n<tr>\n<td width=\"302\">Changement rapide<\/td>\n<td width=\"302\">\n<ul>\n<li>&lt; 10 minutes pour le changement<\/li>\n<\/ul>\n<\/td>\n<\/tr>\n<\/tbody>\n<\/table>","protected":false},"excerpt":{"rendered":"<p>Formeuses de billes en continu pour la production de produits de forme cylindrique tels que les bonbons mous, les p\u00e2tes de fruits, les gommes \u00e0 bulles et les masses comparables.<\/p>","protected":false},"featured_media":2515,"comment_status":"open","ping_status":"closed","template":"","meta":{"uix_meta_title":"","uix_meta_description":"","uix_canonical_url":""},"product_brand":[],"product_cat":[104],"product_tag":[],"class_list":{"0":"post-2390","1":"product","2":"type-product","3":"status-publish","4":"has-post-thumbnail","6":"product_cat-processing","8":"first","9":"instock","10":"shipping-taxable","11":"product-type-simple"},"_links":{"self":[{"href":"https:\/\/cormac.eu\/fr\/wp-json\/wp\/v2\/product\/2390","targetHints":{"allow":["GET"]}}],"collection":[{"href":"https:\/\/cormac.eu\/fr\/wp-json\/wp\/v2\/product"}],"about":[{"href":"https:\/\/cormac.eu\/fr\/wp-json\/wp\/v2\/types\/product"}],"replies":[{"embeddable":true,"href":"https:\/\/cormac.eu\/fr\/wp-json\/wp\/v2\/comments?post=2390"}],"wp:featuredmedia":[{"embeddable":true,"href":"https:\/\/cormac.eu\/fr\/wp-json\/wp\/v2\/media\/2515"}],"wp:attachment":[{"href":"https:\/\/cormac.eu\/fr\/wp-json\/wp\/v2\/media?parent=2390"}],"wp:term":[{"taxonomy":"product_brand","embeddable":true,"href":"https:\/\/cormac.eu\/fr\/wp-json\/wp\/v2\/product_brand?post=2390"},{"taxonomy":"product_cat","embeddable":true,"href":"https:\/\/cormac.eu\/fr\/wp-json\/wp\/v2\/product_cat?post=2390"},{"taxonomy":"product_tag","embeddable":true,"href":"https:\/\/cormac.eu\/fr\/wp-json\/wp\/v2\/product_tag?post=2390"}],"curies":[{"name":"wp","href":"https:\/\/api.w.org\/{rel}","templated":true}]}}