{"id":1911,"date":"2021-08-12T16:01:33","date_gmt":"2021-08-12T14:01:33","guid":{"rendered":"https:\/\/cormac.tijdelijk.org\/?post_type=product&#038;p=1911"},"modified":"2022-06-06T00:45:26","modified_gmt":"2022-06-05T22:45:26","slug":"newsmith-batch-galaxy","status":"publish","type":"product","link":"https:\/\/cormac.eu\/fr\/product\/newsmith-batch-galaxy\/","title":{"rendered":"Lot Galaxy"},"content":{"rendered":"<p>Machine \u00e0 laver compacte, polyvalente et \u00e0 haut rendement, id\u00e9ale pour les \u00e9tablissements disposant de peu d'espace. Machine puissante mais simple, enti\u00e8rement construite en acier inoxydable. L'action continue de la laveuse rotative permet d'obtenir une action similaire \u00e0 celle d'une brosse. La table rotative permet d'exposer les articles \u00e0 nettoyer aux jets de d\u00e9tergent chaud \u00e0 haute pression sous diff\u00e9rents angles. Le Batch Galaxy existe en diff\u00e9rentes tailles, capables de recevoir diverses charges, conform\u00e9ment aux exigences de nos clients. Ses cycles comprennent le lavage, le rin\u00e7age et le s\u00e9chage. Cette machine est souvent utilis\u00e9e pour les moules \u00e0 chocolat et les ustensiles dans les usines de confiserie ou de boulangerie, mais elle convient \u00e9galement \u00e0 d'autres industries alimentaires.<\/p>\n<p>&nbsp;<\/p>\n<h3>Gamme de capacit\u00e9<\/h3>\n<p>En fonction de la taille et de la forme des objets \u00e0 laver<\/p>\n<p>&nbsp;<\/p>\n<table class=\"features\" border=\"0\">\n<tbody>\n<tr>\n<td><strong>Caract\u00e9ristiques<\/strong><\/td>\n<td><strong>Avantages<\/strong><\/td>\n<\/tr>\n<tr>\n<td>Machine compacte<\/td>\n<td>\n<ul>\n<li>\u00e9conomie d'espace<\/li>\n<li>facilit\u00e9 d'utilisation<\/li>\n<\/ul>\n<\/td>\n<\/tr>\n<tr>\n<td>\u00a0Pompe de lavage de 5,5 kW<\/td>\n<td>\n<ul>\n<li>Puissance de nettoyage \u00e9lev\u00e9e<\/li>\n<\/ul>\n<\/td>\n<\/tr>\n<tr>\n<td>Cycles de machines contr\u00f4l\u00e9s automatiquement<\/td>\n<td>\n<ul>\n<li>Minimiser la consommation d'\u00e9nergie, d'eau et de d\u00e9tergent<\/li>\n<\/ul>\n<\/td>\n<\/tr>\n<tr>\n<td>Panneaux amovibles<\/td>\n<td>\n<ul>\n<li>Acc\u00e8s total<\/li>\n<\/ul>\n<\/td>\n<\/tr>\n<tr>\n<td>Grande porte<\/td>\n<td>\n<ul>\n<li>Facile \u00e0 charger<\/li>\n<\/ul>\n<\/td>\n<\/tr>\n<\/tbody>\n<\/table>","protected":false},"excerpt":{"rendered":"<p>Puissant mais simple, compact et polyvalent, ce lave-linge polyvalent \u00e0 haut rendement est id\u00e9al pour les \u00e9tablissements disposant de peu d'espace. Il est enti\u00e8rement construit en acier inoxydable.<\/p>","protected":false},"featured_media":2417,"comment_status":"open","ping_status":"closed","template":"","meta":{"uix_meta_title":"","uix_meta_description":"","uix_canonical_url":""},"product_brand":[],"product_cat":[108],"product_tag":[],"class_list":{"0":"post-1911","1":"product","2":"type-product","3":"status-publish","4":"has-post-thumbnail","6":"product_cat-hygiene","8":"first","9":"instock","10":"shipping-taxable","11":"purchasable","12":"product-type-simple"},"_links":{"self":[{"href":"https:\/\/cormac.eu\/fr\/wp-json\/wp\/v2\/product\/1911","targetHints":{"allow":["GET"]}}],"collection":[{"href":"https:\/\/cormac.eu\/fr\/wp-json\/wp\/v2\/product"}],"about":[{"href":"https:\/\/cormac.eu\/fr\/wp-json\/wp\/v2\/types\/product"}],"replies":[{"embeddable":true,"href":"https:\/\/cormac.eu\/fr\/wp-json\/wp\/v2\/comments?post=1911"}],"wp:featuredmedia":[{"embeddable":true,"href":"https:\/\/cormac.eu\/fr\/wp-json\/wp\/v2\/media\/2417"}],"wp:attachment":[{"href":"https:\/\/cormac.eu\/fr\/wp-json\/wp\/v2\/media?parent=1911"}],"wp:term":[{"taxonomy":"product_brand","embeddable":true,"href":"https:\/\/cormac.eu\/fr\/wp-json\/wp\/v2\/product_brand?post=1911"},{"taxonomy":"product_cat","embeddable":true,"href":"https:\/\/cormac.eu\/fr\/wp-json\/wp\/v2\/product_cat?post=1911"},{"taxonomy":"product_tag","embeddable":true,"href":"https:\/\/cormac.eu\/fr\/wp-json\/wp\/v2\/product_tag?post=1911"}],"curies":[{"name":"wp","href":"https:\/\/api.w.org\/{rel}","templated":true}]}}