{"id":1904,"date":"2021-08-12T15:51:32","date_gmt":"2021-08-12T13:51:32","guid":{"rendered":"https:\/\/cormac.tijdelijk.org\/?post_type=product&#038;p=1904"},"modified":"2022-04-21T22:28:06","modified_gmt":"2022-04-21T20:28:06","slug":"enveloppe-rasch-fi","status":"publish","type":"product","link":"https:\/\/cormac.eu\/fr\/product\/rasch-fi-wrapper\/","title":{"rendered":"Figure machine d'emballage FI"},"content":{"rendered":"<p>Machine d'emballage sur mesure sp\u00e9cialement con\u00e7ue pour les figurines creuses (sym\u00e9triques et asym\u00e9triques) telles que les lapins, les lapins assis, le P\u00e8re No\u00ebl et autres figurines similaires. Rasch a sp\u00e9cialement mis au point le pli en Z, qui est en fait un triple pli au dos de la figurine, \u00e9vitant ainsi qu'une partie brillante non imprim\u00e9e de la feuille ne soit visible sur la couture. En combinaison avec une technique de thermoscellage pr\u00e9cise, cela permet d'obtenir des produits parfaitement emball\u00e9s, o\u00f9 tous les d\u00e9tails du relief sont respect\u00e9s.  L'alimentation de la machine peut se faire manuellement ou automatiquement gr\u00e2ce \u00e0 plusieurs syst\u00e8mes d'alimentation disponibles. Poids approx. 3400 kg ; Puissance 3,5 kVA ;<\/p>\n<p>Application : figurines, toutes sortes de figurines creuses telles que : P\u00e8re No\u00ebl, ange, poulet, ours en peluche, pingouin, lapin, li\u00e8vre, personnages de bandes dessin\u00e9es, etc.<br \/>\nMode d'emballage : pliage frontal, thermoscellage, \u00e9tiquetage, film plastique, couture arri\u00e8re ;<\/p>\n<p><img decoding=\"async\" class=\"alignnone wp-image-2698\" src=\"https:\/\/cormac.eu\/wp-content\/uploads\/2022\/04\/sample-2.jpg\" alt=\"\" width=\"120\" height=\"129\" \/><img decoding=\"async\" class=\"alignnone wp-image-2741\" src=\"https:\/\/cormac.eu\/wp-content\/uploads\/2022\/04\/Product-Knipsel.jpg\" alt=\"\" width=\"107\" height=\"148\" \/><img decoding=\"async\" class=\"alignnone wp-image-2697\" src=\"https:\/\/cormac.eu\/wp-content\/uploads\/2022\/04\/sample-1.jpg\" alt=\"\" width=\"163\" height=\"118\" \/><\/p>\n<p>Plage de capacit\u00e9 : Jusqu'\u00e0 33, 50 ou 60 produits par minute, selon le mod\u00e8le et les caract\u00e9ristiques du produit.<\/p>\n<table>\n<tbody>\n<tr>\n<td width=\"293\">\n<p style=\"text-align: center\"><strong>Caract\u00e9ristiques (certaines en option)<\/strong><\/p>\n<\/td>\n<td width=\"293\">\n<p style=\"text-align: center\"><strong>Avantages<\/strong><\/p>\n<\/td>\n<\/tr>\n<tr>\n<td width=\"293\">Entra\u00eenement par servomoteur<\/td>\n<td width=\"293\">\n<ul>\n<li>Synchronisation pr\u00e9cise des modules<\/li>\n<\/ul>\n<\/td>\n<\/tr>\n<tr>\n<td width=\"293\">Syst\u00e8mes de changement rapide<\/td>\n<td width=\"293\">\n<ul>\n<li>Moins de temps d'arr\u00eat<\/li>\n<\/ul>\n<\/td>\n<\/tr>\n<tr>\n<td width=\"293\">Anneaux d'ours sp\u00e9ciaux sans entretien<\/td>\n<td width=\"293\">\n<ul>\n<li>Faible co\u00fbt d'entretien<\/li>\n<\/ul>\n<\/td>\n<\/tr>\n<tr>\n<td width=\"293\">Cellule photo-\u00e9lectrique<\/td>\n<td width=\"293\">\n<ul>\n<li>Pas de contact avec le produit<\/li>\n<\/ul>\n<\/td>\n<\/tr>\n<tr>\n<td width=\"293\">Contr\u00f4leur et syst\u00e8me de surveillance programmables pour les syst\u00e8mes de traitement des eaux us\u00e9es<\/td>\n<td width=\"293\">\n<ul>\n<li>Production ininterrompue<\/li>\n<\/ul>\n<\/td>\n<\/tr>\n<tr>\n<td width=\"293\">Syst\u00e8me d'alimentation Pick &amp; Place<\/td>\n<td width=\"293\">\n<ul>\n<li>Efficacit\u00e9 accrue et hygi\u00e8ne am\u00e9lior\u00e9e<\/li>\n<\/ul>\n<\/td>\n<\/tr>\n<tr>\n<td width=\"293\">Construction robuste<\/td>\n<td width=\"293\">\n<ul>\n<li>Fonctionnement stable Valeur \u00e9lev\u00e9e de repos de la machine<\/li>\n<\/ul>\n<\/td>\n<\/tr>\n<tr>\n<td width=\"293\">Pli en Z \/ Triple pli<\/td>\n<td width=\"293\">\n<ul>\n<li>Aucune partie brillante non imprim\u00e9e n'est visible sur la couture.<\/li>\n<\/ul>\n<\/td>\n<\/tr>\n<tr>\n<td width=\"293\">Station de lissage des figures<\/td>\n<td width=\"293\">\n<ul>\n<li>Aspect lisse et toucher doux<\/li>\n<\/ul>\n<\/td>\n<\/tr>\n<tr>\n<td width=\"293\">Dispositif de fixation d'\u00e9tiquettes<\/td>\n<td width=\"293\">\n<ul>\n<li>Plus d'informations sur le produit<\/li>\n<\/ul>\n<\/td>\n<\/tr>\n<\/tbody>\n<\/table>","protected":false},"excerpt":{"rendered":"<p>Les s\u00e9ries FI-14, FI-15 et FI-16 de Rasch sont des machines d\u00e9di\u00e9es \u00e0 l'emballage de figurines creuses (sym\u00e9triques et asym\u00e9triques) telles que les lapins, les lapins assis, le P\u00e8re No\u00ebl et autres figurines similaires.<\/p>","protected":false},"featured_media":2742,"comment_status":"open","ping_status":"closed","template":"","meta":{"uix_meta_title":"","uix_meta_description":"","uix_canonical_url":""},"product_brand":[],"product_cat":[105],"product_tag":[],"class_list":{"0":"post-1904","1":"product","2":"type-product","3":"status-publish","4":"has-post-thumbnail","6":"product_cat-packaging","8":"first","9":"instock","10":"shipping-taxable","11":"product-type-simple"},"_links":{"self":[{"href":"https:\/\/cormac.eu\/fr\/wp-json\/wp\/v2\/product\/1904","targetHints":{"allow":["GET"]}}],"collection":[{"href":"https:\/\/cormac.eu\/fr\/wp-json\/wp\/v2\/product"}],"about":[{"href":"https:\/\/cormac.eu\/fr\/wp-json\/wp\/v2\/types\/product"}],"replies":[{"embeddable":true,"href":"https:\/\/cormac.eu\/fr\/wp-json\/wp\/v2\/comments?post=1904"}],"wp:featuredmedia":[{"embeddable":true,"href":"https:\/\/cormac.eu\/fr\/wp-json\/wp\/v2\/media\/2742"}],"wp:attachment":[{"href":"https:\/\/cormac.eu\/fr\/wp-json\/wp\/v2\/media?parent=1904"}],"wp:term":[{"taxonomy":"product_brand","embeddable":true,"href":"https:\/\/cormac.eu\/fr\/wp-json\/wp\/v2\/product_brand?post=1904"},{"taxonomy":"product_cat","embeddable":true,"href":"https:\/\/cormac.eu\/fr\/wp-json\/wp\/v2\/product_cat?post=1904"},{"taxonomy":"product_tag","embeddable":true,"href":"https:\/\/cormac.eu\/fr\/wp-json\/wp\/v2\/product_tag?post=1904"}],"curies":[{"name":"wp","href":"https:\/\/api.w.org\/{rel}","templated":true}]}}