{"id":1892,"date":"2021-08-12T15:34:50","date_gmt":"2021-08-12T13:34:50","guid":{"rendered":"https:\/\/cormac.tijdelijk.org\/?post_type=product&#038;p=1892"},"modified":"2022-06-06T00:46:13","modified_gmt":"2022-06-05T22:46:13","slug":"laveuse-de-palettes-newsmith","status":"publish","type":"product","link":"https:\/\/cormac.eu\/fr\/product\/newsmith-pallet-washer\/","title":{"rendered":"Laveuse de palettes"},"content":{"rendered":"<p>La gamme de laveurs de palettes Newsmith comprend des machines permettant de traiter des palettes individuelles \u00e0 la fois avec un simple lavage et un rin\u00e7age, ainsi que des syst\u00e8mes de lavage de palettes enti\u00e8rement automatiques. Ces derniers sont capables de d\u00e9sempiler, laver, s\u00e9cher et r\u00e9-empiler automatiquement des quantit\u00e9s consid\u00e9rables de palettes par heure. En option, les machines peuvent \u00eatre ex\u00e9cut\u00e9es comme des laveurs de palettes enti\u00e8rement automatiques \u00e0 convoyeur, offrant une progression du sale au propre. Les tuyaux de jet \u00e0 d\u00e9gagement rapide facilitent le nettoyage. Options de syst\u00e8mes de chauffage, de convoyeurs d'alimentation et de d\u00e9charge motoris\u00e9s pour faciliter la manutention.<\/p>\n<p>&nbsp;<\/p>\n<table width=\"604\">\n<tbody>\n<tr>\n<td width=\"302\"><strong>Caract\u00e9ristiques<\/strong><\/td>\n<td width=\"302\"><strong>Avantages<\/strong><\/td>\n<\/tr>\n<tr>\n<td width=\"302\">Construction en acier inoxydable<\/td>\n<td width=\"302\">\n<ul>\n<li>Rigide<\/li>\n<li>Hygenic<\/li>\n<\/ul>\n<\/td>\n<\/tr>\n<tr>\n<td width=\"302\">Contr\u00f4le thermostatique de la temp\u00e9rature<\/td>\n<td width=\"302\">\n<ul>\n<li>Contr\u00f4le de la temp\u00e9rature des r\u00e9servoirs<\/li>\n<\/ul>\n<\/td>\n<\/tr>\n<tr>\n<td width=\"302\">Tuyaux de jet facilement amovibles<\/td>\n<td width=\"302\">\n<ul>\n<li>Aucun outil n'est n\u00e9cessaire<\/li>\n<li>inspection et nettoyage faciles<\/li>\n<\/ul>\n<\/td>\n<\/tr>\n<tr>\n<td width=\"302\">S\u00e9chage par lame d'air en option<\/td>\n<td width=\"302\">\n<ul>\n<li>palettes extra s\u00e8ches<\/li>\n<\/ul>\n<\/td>\n<\/tr>\n<tr>\n<td width=\"302\">Cycles de lavage, de rin\u00e7age et de s\u00e9chage<\/td>\n<td width=\"302\">\n<ul>\n<li>Excellents r\u00e9sultats de nettoyage<\/li>\n<\/ul>\n<\/td>\n<\/tr>\n<tr>\n<td width=\"302\">Fonds de cuve inclin\u00e9s<\/td>\n<td width=\"302\">\n<ul>\n<li>Hygi\u00e8ne des r\u00e9servoirs<\/li>\n<\/ul>\n<\/td>\n<\/tr>\n<tr>\n<td width=\"302\">En option<\/td>\n<td width=\"302\">\n<ul>\n<li>S\u00e9chage des lames d'air<\/li>\n<li>Chauffage \u00e0 la vapeur, au gaz ou \u00e0 l'\u00e9lectricit\u00e9<\/li>\n<li>R\u00e9servoir de surpression pour le rin\u00e7age<\/li>\n<li>Contr\u00f4le PLC\/HMI<\/li>\n<li>Traitement de l'eau<\/li>\n<li>Pouss\u00e9e manuelle \u00e0 travers<\/li>\n<li>Convoyeur<\/li>\n<\/ul>\n<\/td>\n<\/tr>\n<\/tbody>\n<\/table>\n<p>&nbsp;<\/p>","protected":false},"excerpt":{"rendered":"<p>Machine \u00e0 laver enti\u00e8rement automatique \u00e0 convoyeur pour palettes simples ou syst\u00e8me complet pour le lavage enti\u00e8rement automatique de palettes avec une capacit\u00e9 allant jusqu'\u00e0 100 palettes par heure.<\/p>","protected":false},"featured_media":2425,"comment_status":"open","ping_status":"closed","template":"","meta":{"uix_meta_title":"","uix_meta_description":"","uix_canonical_url":""},"product_brand":[],"product_cat":[108],"product_tag":[],"class_list":{"0":"post-1892","1":"product","2":"type-product","3":"status-publish","4":"has-post-thumbnail","6":"product_cat-hygiene","8":"first","9":"instock","10":"shipping-taxable","11":"product-type-simple"},"_links":{"self":[{"href":"https:\/\/cormac.eu\/fr\/wp-json\/wp\/v2\/product\/1892","targetHints":{"allow":["GET"]}}],"collection":[{"href":"https:\/\/cormac.eu\/fr\/wp-json\/wp\/v2\/product"}],"about":[{"href":"https:\/\/cormac.eu\/fr\/wp-json\/wp\/v2\/types\/product"}],"replies":[{"embeddable":true,"href":"https:\/\/cormac.eu\/fr\/wp-json\/wp\/v2\/comments?post=1892"}],"wp:featuredmedia":[{"embeddable":true,"href":"https:\/\/cormac.eu\/fr\/wp-json\/wp\/v2\/media\/2425"}],"wp:attachment":[{"href":"https:\/\/cormac.eu\/fr\/wp-json\/wp\/v2\/media?parent=1892"}],"wp:term":[{"taxonomy":"product_brand","embeddable":true,"href":"https:\/\/cormac.eu\/fr\/wp-json\/wp\/v2\/product_brand?post=1892"},{"taxonomy":"product_cat","embeddable":true,"href":"https:\/\/cormac.eu\/fr\/wp-json\/wp\/v2\/product_cat?post=1892"},{"taxonomy":"product_tag","embeddable":true,"href":"https:\/\/cormac.eu\/fr\/wp-json\/wp\/v2\/product_tag?post=1892"}],"curies":[{"name":"wp","href":"https:\/\/api.w.org\/{rel}","templated":true}]}}