{"id":184,"date":"2021-02-02T11:30:23","date_gmt":"2021-02-02T11:30:23","guid":{"rendered":"https:\/\/cormac.tijdelijk.org\/?post_type=product&#038;p=184"},"modified":"2022-05-30T16:27:13","modified_gmt":"2022-05-30T14:27:13","slug":"lloveras-sire-enrobing-line","status":"publish","type":"product","link":"https:\/\/cormac.eu\/fr\/product\/lloveras-sire-enrobing-line\/","title":{"rendered":"Ligne d'enrobage Lloveras Sire"},"content":{"rendered":"<p>Les enrobeuses Sire-N(N) de Lloveras offrent des lignes d'enrobage complet et partiel. Les enrobeuses Sire-N peuvent enrober n'importe quel type de produit, des produits de confiserie aux gaufrettes, biscuits ou autres produits de boulangerie. Les lignes peuvent \u00eatre personnalis\u00e9es par l'ajout de composants optionnels tels que des pr\u00e9-bouteilleurs, des t\u00eates d'enrobage doubles, des arroseurs d'\u00e9crous et des d\u00e9corateurs de cordes. Les tunnels de refroidissement de la ligne peuvent \u00eatre r\u00e9gl\u00e9s pour refroidir les produits par convection et\/ou par rayonnement, en fonction du produit en question, et une ou plusieurs unit\u00e9s de refroidissement ind\u00e9pendantes peuvent \u00eatre ajout\u00e9es. Toutes les fonctions sont contr\u00f4l\u00e9es au moyen d'un panneau de commande complet. De nouveaux composants motoris\u00e9s ont \u00e9t\u00e9 incorpor\u00e9s dans tous les m\u00e9canismes n\u00e9cessitant un contr\u00f4le du mouvement, dans un souci de standardisation et de facilit\u00e9 de remplacement. L'utilisation d'actionneurs lin\u00e9aires et rotatifs \u00e9limine la n\u00e9cessit\u00e9 de fournir de l'air comprim\u00e9.<\/p>\n<h3>Application<\/h3>\n<p>Enrobage de produits de confiserie et de boulangerie avec du chocolat ou un compos\u00e9, suivi d'un d\u00e9p\u00f4t de noix, d'une d\u00e9coration en cordon et d'un refroidissement.<\/p>\n<p>&nbsp;<\/p>\n<h3>Gamme de capacit\u00e9<\/h3>\n<p>Largeurs de 400, 500, 600, 800 et 12000 MM<br \/>\nLes capacit\u00e9s d\u00e9pendent du produit, de l'\u00e9paisseur de la couche de rev\u00eatement, du type de mat\u00e9riau de rev\u00eatement et des temps de refroidissement requis.<\/p>\n<p>&nbsp;<\/p>\n<table class=\"features\" border=\"0\">\n<tbody>\n<tr>\n<td><strong>Caract\u00e9ristiques<\/strong><\/td>\n<td><strong>Avantages<\/strong><\/td>\n<\/tr>\n<tr>\n<td>Cantylever design<\/td>\n<td>\n<ul>\n<li>Acc\u00e8s facile pour l'entretien<\/li>\n<li>Nettoyage facile<\/li>\n<\/ul>\n<\/td>\n<\/tr>\n<tr>\n<td>Ex\u00e9cution enti\u00e8rement en acier inoxydable avec des mat\u00e9riaux approuv\u00e9s par la FDA<\/td>\n<td>\n<ul>\n<li>Concept compact tout-en-un<\/li>\n<\/ul>\n<\/td>\n<\/tr>\n<tr>\n<td>R\u00e9servoir inf\u00e9rieur et convoyeur amovibles<\/td>\n<td>\n<ul>\n<li>Pr\u00e9venir la pollution des sols<\/li>\n<li>Changement facile pour un autre type de chocolat<\/li>\n<li>Module inf\u00e9rieur lavable \u00e0 la chasse d'eau (bassin en chocolat)<\/li>\n<\/ul>\n<\/td>\n<\/tr>\n<tr>\n<td>Panneau de contr\u00f4le int\u00e9gr\u00e9<\/td>\n<td>\n<ul>\n<li>Contr\u00f4le total du processus<\/li>\n<li>Convivialit\u00e9 de l'op\u00e9rateur<\/li>\n<\/ul>\n<\/td>\n<\/tr>\n<tr>\n<td>Table en treillis titrable \u00e9lectriquement<\/td>\n<td>\n<ul>\n<li>bonne ergonomie<\/li>\n<\/ul>\n<\/td>\n<\/tr>\n<tr>\n<td>Utilisation d'actionneurs lin\u00e9aires et rotatifs<\/td>\n<td>\n<ul>\n<li>Haut niveau de personnalisation<\/li>\n<\/ul>\n<\/td>\n<\/tr>\n<\/tbody>\n<\/table>","protected":false},"excerpt":{"rendered":"<p>Les enrobeuses Lloveras Sire-N(N) offrent les toutes derni\u00e8res lignes d'enduction compl\u00e8te et partielle. Elles sont disponibles en six largeurs de maille allant de 400 \u00e0 12000 MM et offrent un large \u00e9ventail de possibilit\u00e9s d'enrobage.<\/p>","protected":false},"featured_media":995,"comment_status":"open","ping_status":"closed","template":"","meta":{"uix_meta_title":"","uix_meta_description":"","uix_canonical_url":""},"product_brand":[],"product_cat":[104],"product_tag":[],"class_list":{"0":"post-184","1":"product","2":"type-product","3":"status-publish","4":"has-post-thumbnail","6":"product_cat-processing","8":"first","9":"instock","10":"downloadable","11":"virtual","12":"product-type-simple"},"_links":{"self":[{"href":"https:\/\/cormac.eu\/fr\/wp-json\/wp\/v2\/product\/184","targetHints":{"allow":["GET"]}}],"collection":[{"href":"https:\/\/cormac.eu\/fr\/wp-json\/wp\/v2\/product"}],"about":[{"href":"https:\/\/cormac.eu\/fr\/wp-json\/wp\/v2\/types\/product"}],"replies":[{"embeddable":true,"href":"https:\/\/cormac.eu\/fr\/wp-json\/wp\/v2\/comments?post=184"}],"wp:featuredmedia":[{"embeddable":true,"href":"https:\/\/cormac.eu\/fr\/wp-json\/wp\/v2\/media\/995"}],"wp:attachment":[{"href":"https:\/\/cormac.eu\/fr\/wp-json\/wp\/v2\/media?parent=184"}],"wp:term":[{"taxonomy":"product_brand","embeddable":true,"href":"https:\/\/cormac.eu\/fr\/wp-json\/wp\/v2\/product_brand?post=184"},{"taxonomy":"product_cat","embeddable":true,"href":"https:\/\/cormac.eu\/fr\/wp-json\/wp\/v2\/product_cat?post=184"},{"taxonomy":"product_tag","embeddable":true,"href":"https:\/\/cormac.eu\/fr\/wp-json\/wp\/v2\/product_tag?post=184"}],"curies":[{"name":"wp","href":"https:\/\/api.w.org\/{rel}","templated":true}]}}