{"id":183,"date":"2021-02-02T11:30:04","date_gmt":"2021-02-02T11:30:04","guid":{"rendered":"https:\/\/cormac.tijdelijk.org\/?post_type=product&#038;p=183"},"modified":"2022-05-30T16:27:39","modified_gmt":"2022-05-30T14:27:39","slug":"tunnel-de-refroidissement-de-lloveras","status":"publish","type":"product","link":"https:\/\/cormac.eu\/fr\/product\/lloveras-cooling-tunnel\/","title":{"rendered":"Tunnel de refroidissement de Lloveras"},"content":{"rendered":"<p>Le tunnel de refroidissement Lloveras est constitu\u00e9 d'un solide ch\u00e2ssis de machine. Les couvercles sont rev\u00eatus d'une plaque d'acier d\u00e9corative avec une surface lamin\u00e9e en pvc et une isolation en polyur\u00e9thane, ce qui pr\u00e9sente l'avantage d'\u00eatre l\u00e9ger. La longueur du tunnel de refroidissement est flexible et consiste \u00e0 assembler des sections de taille standard. Le couvercle de chaque section peut \u00eatre compl\u00e8tement ouvert pour l'inspection et le nettoyage. La circulation de l'air \u00e0 l'int\u00e9rieur du tunnel est longitudinale et l'unit\u00e9 incorpore tous les canaux n\u00e9cessaires pour permettre un flux d'air optimal le long du tunnel et une distribution uniforme de la temp\u00e9rature. Le tunnel de refroidissement est pr\u00e9par\u00e9 pour fonctionner avec un flux d'air froid soit par convection (refroidissement direct), soit par rayonnement (refroidissement indirect). L'\u00e9vaporateur et les turbines sont situ\u00e9s dans la partie inf\u00e9rieure du tunnel. Le compresseur et le condenseur sont livr\u00e9s en tant qu'unit\u00e9s ind\u00e9pendantes \u00e0 placer selon les pr\u00e9f\u00e9rences du client. Il est recommand\u00e9 d'installer le tunnel de refroidissement dans une zone climatis\u00e9e o\u00f9 la temp\u00e9rature est de 20-22 \u00b0C et l'humidit\u00e9 maximale de 55%.<\/p>\n<p>&nbsp;<\/p>\n<h3>Application<\/h3>\n<p>Refroidissement du produit enrob\u00e9 de chocolat ou de compos\u00e9<\/p>\n<p>&nbsp;<\/p>\n<h3>Gamme de capacit\u00e9<\/h3>\n<p>La capacit\u00e9 est d\u00e9termin\u00e9e par la longueur du tunnel de refroidissement.<\/p>\n<p>&nbsp;<\/p>\n<table class=\"features\" border=\"0\">\n<tbody>\n<tr>\n<td><strong>Caract\u00e9ristiques<\/strong><\/td>\n<td><strong>Avantages<\/strong><\/td>\n<\/tr>\n<tr>\n<td>Rev\u00eatement en acier inoxydable stratifi\u00e9 PVC<\/td>\n<td>\n<ul>\n<li>Conception hygi\u00e9nique<\/li>\n<li>Facile \u00e0 inspecter et \u00e0 nettoyer<\/li>\n<\/ul>\n<\/td>\n<\/tr>\n<tr>\n<td>Isolation PU<\/td>\n<td>\n<ul>\n<li>une consommation d'\u00e9nergie plus faible<\/li>\n<\/ul>\n<\/td>\n<\/tr>\n<tr>\n<td>Refroidissement par convection ou par rayonnement<\/td>\n<td>\n<ul>\n<li>Excellent contr\u00f4le du flux d'air<\/li>\n<li>Excellentes capacit\u00e9s de refroidissement<\/li>\n<\/ul>\n<\/td>\n<\/tr>\n<tr>\n<td>Syst\u00e8me de courroie \u00e0 centrage automatique<\/td>\n<td>\n<ul>\n<li>mouvement fiable de la bande<\/li>\n<li>Moins de pollution de la ceinture<\/li>\n<\/ul>\n<\/td>\n<\/tr>\n<tr>\n<td>Variation ind\u00e9pendante de la vitesse de la bande et de la maille<\/td>\n<td>\n<ul>\n<li>un bon contr\u00f4le des processus<\/li>\n<\/ul>\n<\/td>\n<\/tr>\n<tr>\n<td>PLC plus LCD<\/td>\n<td>\n<ul>\n<li>convivialit\u00e9 pour l'op\u00e9rateur<\/li>\n<\/ul>\n<\/td>\n<\/tr>\n<\/tbody>\n<\/table>","protected":false},"excerpt":{"rendered":"<p>Le tunnel de refroidissement Lloveras est constitu\u00e9 d'un solide ch\u00e2ssis de machine. Les couvertures sont rev\u00eatues d'une plaque d'acier d\u00e9corative avec une surface lamin\u00e9e en pvc et une isolation en polyur\u00e9thane, ce qui pr\u00e9sente l'avantage d'\u00eatre l\u00e9ger.<\/p>","protected":false},"featured_media":996,"comment_status":"open","ping_status":"closed","template":"","meta":{"uix_meta_title":"","uix_meta_description":"","uix_canonical_url":""},"product_brand":[],"product_cat":[104],"product_tag":[],"class_list":{"0":"post-183","1":"product","2":"type-product","3":"status-publish","4":"has-post-thumbnail","6":"product_cat-processing","8":"first","9":"instock","10":"downloadable","11":"virtual","12":"product-type-simple"},"_links":{"self":[{"href":"https:\/\/cormac.eu\/fr\/wp-json\/wp\/v2\/product\/183","targetHints":{"allow":["GET"]}}],"collection":[{"href":"https:\/\/cormac.eu\/fr\/wp-json\/wp\/v2\/product"}],"about":[{"href":"https:\/\/cormac.eu\/fr\/wp-json\/wp\/v2\/types\/product"}],"replies":[{"embeddable":true,"href":"https:\/\/cormac.eu\/fr\/wp-json\/wp\/v2\/comments?post=183"}],"wp:featuredmedia":[{"embeddable":true,"href":"https:\/\/cormac.eu\/fr\/wp-json\/wp\/v2\/media\/996"}],"wp:attachment":[{"href":"https:\/\/cormac.eu\/fr\/wp-json\/wp\/v2\/media?parent=183"}],"wp:term":[{"taxonomy":"product_brand","embeddable":true,"href":"https:\/\/cormac.eu\/fr\/wp-json\/wp\/v2\/product_brand?post=183"},{"taxonomy":"product_cat","embeddable":true,"href":"https:\/\/cormac.eu\/fr\/wp-json\/wp\/v2\/product_cat?post=183"},{"taxonomy":"product_tag","embeddable":true,"href":"https:\/\/cormac.eu\/fr\/wp-json\/wp\/v2\/product_tag?post=183"}],"curies":[{"name":"wp","href":"https:\/\/api.w.org\/{rel}","templated":true}]}}