{"id":172,"date":"2021-02-02T11:27:41","date_gmt":"2021-02-02T11:27:41","guid":{"rendered":"https:\/\/cormac.tijdelijk.org\/?post_type=product&#038;p=172"},"modified":"2022-05-30T16:25:18","modified_gmt":"2022-05-30T14:25:18","slug":"carugil-omnia-bunch-wrapper-2","status":"publish","type":"product","link":"https:\/\/cormac.eu\/fr\/product\/carugil-omnia-bunch-wrapper\/","title":{"rendered":"Carugil Omnia Enveloppe de la grappe"},"content":{"rendered":"<p>Les machines \u00e0 emballer les sucettes de la s\u00e9rie Omnia sont des machines d'emballage nouvelles et innovantes de Carugil. La machine Omnia est le r\u00e9sultat de nombreuses ann\u00e9es d'exp\u00e9rience, de recherche et de d\u00e9veloppement et a \u00e9t\u00e9 mise au point en tenant compte des suggestions et des exp\u00e9riences de production de la client\u00e8le mondiale de Carugil. Cette nouvelle machine est fiable, flexible, efficace, tr\u00e8s performante et offre au producteur des caract\u00e9ristiques suppl\u00e9mentaires qui conf\u00e8rent \u00e0 ses sucettes une valeur ajout\u00e9e leur permettant de se d\u00e9marquer sur le march\u00e9. La machine int\u00e8gre des \u00e9tiqueteuses, une imprimante \u00e0 jet d'encre, un contr\u00f4le de qualit\u00e9 par vision artificielle, un syst\u00e8me de contr\u00f4le et de communication int\u00e9gral, un dispositif de remplissage automatique, un syst\u00e8me d'auto-nettoyage pour \u00e9liminer toute poudre dans la zone d'alimentation, un porte-bobine de r\u00e9serve, une \u00e9pissureuse automatique, des syst\u00e8mes de centrage et bien d'autres choses encore. La machine peut sceller herm\u00e9tiquement le b\u00e2tonnet ou laisser une petite l\u00e8vre facile \u00e0 ouvrir. Les \u00e9l\u00e9ments de scellage utilisent des r\u00e9sistances \u00e9lectriques \u00e0 faible consommation d'\u00e9nergie.<\/p>\n<p>&nbsp;<\/p>\n<h3>Application<\/h3>\n<p>Enveloppe pour sucettes en forme de boules avec une seule torsion.<\/p>\n<p>&nbsp;<\/p>\n<h3>Gamme de capacit\u00e9<\/h3>\n<p>Omnia 600 : jusqu'\u00e0 600 ppm<br \/>\nOmnia 2000 : jusqu'\u00e0 1500 ppm<\/p>\n<p>&nbsp;<\/p>\n<table class=\"features\" border=\"0\">\n<tbody>\n<tr>\n<td><strong>Caract\u00e9ristiques<\/strong><\/td>\n<td><strong>Avantages<\/strong><\/td>\n<\/tr>\n<tr>\n<td>Construction en acier inoxydable<\/td>\n<td>\n<ul>\n<li>Hygi\u00e9nique<\/li>\n<li>Nettoyage facile<\/li>\n<\/ul>\n<\/td>\n<\/tr>\n<tr>\n<td>Syst\u00e8me de servocommande sans balais \u00e0 faible inertie<\/td>\n<td>\n<ul>\n<li>des coupes de film pr\u00e9cises<\/li>\n<li>positionnement exact du film \u00e0 grande vitesse<\/li>\n<\/ul>\n<\/td>\n<\/tr>\n<tr>\n<td>M\u00e2choires d'\u00e9tanch\u00e9it\u00e9 faciles \u00e0 retirer<\/td>\n<td>\n<ul>\n<li>nettoyage rapide<\/li>\n<\/ul>\n<\/td>\n<\/tr>\n<tr>\n<td>WIFI int\u00e9gr\u00e9 + SCADA + RFID + Contr\u00f4le de la vision<\/td>\n<td>\n<ul>\n<li>int\u00e9gration dans l'intranet du client<\/li>\n<li>la tenue de journaux et de statistiques par op\u00e9rateur<\/li>\n<li>des fonctions faciles \u00e0 utiliser sur l'\u00e9cran tactile<\/li>\n<li>D\u00e9tection et rejet des sucettes d\u00e9centr\u00e9es apr\u00e8s \u00e9pissage<\/li>\n<li>Diagnostic \u00e0 distance<\/li>\n<\/ul>\n<\/td>\n<\/tr>\n<tr>\n<td>Conception ergonomique<\/td>\n<td>\n<ul>\n<li>tout ce qui est visible<\/li>\n<li>acc\u00e8s facile \u00e0 l'int\u00e9rieur de la machine<\/li>\n<\/ul>\n<\/td>\n<\/tr>\n<tr>\n<td>Syst\u00e8me de d\u00e9charge \u00e9lectrostatique<\/td>\n<td>\n<ul>\n<li>\u00e9liminer la charge statique des films<\/li>\n<\/ul>\n<\/td>\n<\/tr>\n<tr>\n<td>\u00c9quipement d'alimentation et de remplissage automatique<\/td>\n<td>\n<ul>\n<li>Efficacit\u00e9 \u00e9lev\u00e9e et r\u00e9duction des investissements<\/li>\n<\/ul>\n<\/td>\n<\/tr>\n<\/tbody>\n<\/table>\n<p>&nbsp;<\/p>","protected":false},"excerpt":{"rendered":"<p>Les machines \u00e0 emballer les sucettes de la s\u00e9rie Omnia sont des machines d'emballage nouvelles et innovantes de Carugil. La machine Omnia est le r\u00e9sultat de nombreuses ann\u00e9es d'exp\u00e9rience, de recherche et de d\u00e9veloppement.<\/p>","protected":false},"featured_media":997,"comment_status":"open","ping_status":"closed","template":"","meta":{"uix_meta_title":"","uix_meta_description":"","uix_canonical_url":""},"product_brand":[],"product_cat":[105],"product_tag":[],"class_list":{"0":"post-172","1":"product","2":"type-product","3":"status-publish","4":"has-post-thumbnail","6":"product_cat-packaging","8":"first","9":"instock","10":"shipping-taxable","11":"product-type-simple"},"_links":{"self":[{"href":"https:\/\/cormac.eu\/fr\/wp-json\/wp\/v2\/product\/172","targetHints":{"allow":["GET"]}}],"collection":[{"href":"https:\/\/cormac.eu\/fr\/wp-json\/wp\/v2\/product"}],"about":[{"href":"https:\/\/cormac.eu\/fr\/wp-json\/wp\/v2\/types\/product"}],"replies":[{"embeddable":true,"href":"https:\/\/cormac.eu\/fr\/wp-json\/wp\/v2\/comments?post=172"}],"wp:featuredmedia":[{"embeddable":true,"href":"https:\/\/cormac.eu\/fr\/wp-json\/wp\/v2\/media\/997"}],"wp:attachment":[{"href":"https:\/\/cormac.eu\/fr\/wp-json\/wp\/v2\/media?parent=172"}],"wp:term":[{"taxonomy":"product_brand","embeddable":true,"href":"https:\/\/cormac.eu\/fr\/wp-json\/wp\/v2\/product_brand?post=172"},{"taxonomy":"product_cat","embeddable":true,"href":"https:\/\/cormac.eu\/fr\/wp-json\/wp\/v2\/product_cat?post=172"},{"taxonomy":"product_tag","embeddable":true,"href":"https:\/\/cormac.eu\/fr\/wp-json\/wp\/v2\/product_tag?post=172"}],"curies":[{"name":"wp","href":"https:\/\/api.w.org\/{rel}","templated":true}]}}