{"id":4065,"date":"2023-11-10T14:43:58","date_gmt":"2023-11-10T13:43:58","guid":{"rendered":"https:\/\/cormac.eu\/?post_type=product&#038;p=4065"},"modified":"2023-11-10T14:47:56","modified_gmt":"2023-11-10T13:47:56","slug":"enfundadora","status":"publish","type":"product","link":"https:\/\/cormac.eu\/es\/product\/sleeving-machine\/","title":{"rendered":"Enfundadora"},"content":{"rendered":"<p>Las enfajadoras est\u00e1n dise\u00f1adas para colocar una funda de cart\u00f3n alrededor de un solo producto (por ejemplo, bandejas de platos preparados, vasos de postre, etc.) o de un grupo de productos (por ejemplo, vasos, bricks, latas, etc.). Esta funda de cart\u00f3n se envuelve y se fija con cola termofusible o mediante ganchos. Las enfajadoras est\u00e1n disponibles con varios tipos de cierres (inferior, lateral, superior, etc.) y con un cambio de formato r\u00e1pido y sencillo. La velocidad se ajusta electr\u00f3nicamente hasta un m\u00e1ximo de 250 sleeves por minuto. La gama de enfundadoras dise\u00f1ada por VIMCO est\u00e1 disponible con una amplia variedad de pasos de m\u00e1quina diferentes para satisfacer las distintas necesidades de los clientes y trabajar con diferentes productos. El equipo de Vimco est\u00e1 a su disposici\u00f3n para estudiar y dise\u00f1ar m\u00e1quinas personalizadas para tama\u00f1os o formas especiales de las cajas.<\/p>\n<p><img decoding=\"async\" class=\"alignnone size-medium wp-image-4042\" src=\"https:\/\/cormac.eu\/wp-content\/uploads\/2023\/11\/sleeving-process-300x120.jpg\" alt=\"\" width=\"300\" height=\"120\" srcset=\"https:\/\/cormac.eu\/wp-content\/uploads\/2023\/11\/sleeving-process-300x120.jpg 300w, https:\/\/cormac.eu\/wp-content\/uploads\/2023\/11\/sleeving-process.jpg 582w\" sizes=\"(max-width: 300px) 100vw, 300px\" \/><\/p>\n<p>&nbsp;<\/p>\n<p>MODELOS DISPONIBLES:<\/p>\n<ul>\n<li>Enfajadoras para bandejas, velocidad m\u00e1xima de hasta 120 piezas\/min.<\/li>\n<li>Enfajadoras para botes y latas, velocidad m\u00e1xima de hasta 250 piezas\/min.<\/li>\n<li>ESPECIALES: enfundadoras a medida<\/li>\n<\/ul>\n<p>&nbsp;<\/p>\n<table style=\"height: 358px\" width=\"828\">\n<tbody>\n<tr>\n<td width=\"264\"><strong>F<\/strong><strong>eatures<\/strong><\/td>\n<td width=\"340\"><strong>Beneficios<\/strong><\/td>\n<\/tr>\n<tr>\n<td width=\"264\">Control de velocidad<\/td>\n<td width=\"340\">Velocidad regulable<\/td>\n<\/tr>\n<tr>\n<td width=\"264\">Cierre lateral, superior o inferior<\/td>\n<td width=\"340\">Diferentes sistemas de cierre disponibles<\/td>\n<\/tr>\n<tr>\n<td width=\"264\">Cambio r\u00e1pido<\/td>\n<td width=\"340\">Cambio medio en 5-10 minutos<\/td>\n<\/tr>\n<tr>\n<td width=\"264\">Construcci\u00f3n de acero pintado o sin soldaduras<\/td>\n<td width=\"340\">Adecuado para diferentes industrias<\/td>\n<\/tr>\n<\/tbody>\n<\/table>\n<p>&nbsp;<\/p>","protected":false},"excerpt":{"rendered":"<p>La enfundadora est\u00e1 dise\u00f1ada para colocar una funda de cart\u00f3n alrededor de un solo producto, un grupo de productos o una bandeja.<\/p>","protected":false},"featured_media":4041,"comment_status":"open","ping_status":"closed","template":"","meta":{"uix_meta_title":"","uix_meta_description":"","uix_canonical_url":""},"product_brand":[],"product_cat":[114],"product_tag":[],"class_list":{"0":"post-4065","1":"product","2":"type-product","3":"status-publish","4":"has-post-thumbnail","6":"product_cat-secondary-packaging","8":"first","9":"instock","10":"shipping-taxable","11":"product-type-simple"},"_links":{"self":[{"href":"https:\/\/cormac.eu\/es\/wp-json\/wp\/v2\/product\/4065","targetHints":{"allow":["GET"]}}],"collection":[{"href":"https:\/\/cormac.eu\/es\/wp-json\/wp\/v2\/product"}],"about":[{"href":"https:\/\/cormac.eu\/es\/wp-json\/wp\/v2\/types\/product"}],"replies":[{"embeddable":true,"href":"https:\/\/cormac.eu\/es\/wp-json\/wp\/v2\/comments?post=4065"}],"wp:featuredmedia":[{"embeddable":true,"href":"https:\/\/cormac.eu\/es\/wp-json\/wp\/v2\/media\/4041"}],"wp:attachment":[{"href":"https:\/\/cormac.eu\/es\/wp-json\/wp\/v2\/media?parent=4065"}],"wp:term":[{"taxonomy":"product_brand","embeddable":true,"href":"https:\/\/cormac.eu\/es\/wp-json\/wp\/v2\/product_brand?post=4065"},{"taxonomy":"product_cat","embeddable":true,"href":"https:\/\/cormac.eu\/es\/wp-json\/wp\/v2\/product_cat?post=4065"},{"taxonomy":"product_tag","embeddable":true,"href":"https:\/\/cormac.eu\/es\/wp-json\/wp\/v2\/product_tag?post=4065"}],"curies":[{"name":"wp","href":"https:\/\/api.w.org\/{rel}","templated":true}]}}