{"id":4064,"date":"2023-11-10T14:38:19","date_gmt":"2023-11-10T13:38:19","guid":{"rendered":"https:\/\/cormac.eu\/?post_type=product&#038;p=4064"},"modified":"2023-11-10T14:43:29","modified_gmt":"2023-11-10T13:43:29","slug":"unidad-de-carga-robotizada","status":"publish","type":"product","link":"https:\/\/cormac.eu\/es\/product\/robotic-loading-unit\/","title":{"rendered":"Unidad de carga robotizada"},"content":{"rendered":"<p>Dise\u00f1o propio <strong>Delta y robot de dos ejes para I<\/strong>nsertar un producto o grupo de productos en una caja previamente formada. Los robots pueden integrarse tanto en unidades de carga independientes como en soluciones monobloque. Asimismo, estos robots pueden utilizarse como soluci\u00f3n auxiliar para preparar diferentes configuraciones de productos en la entrada de equipos de terceros. Las unidades de carga robotizadas pueden estar equipadas con sistemas de visi\u00f3n para la inspecci\u00f3n de productos, capaces de comprobar las dimensiones, la calidad y la orientaci\u00f3n de los productos y comunicar a los robots qu\u00e9 productos seleccionar y cu\u00e1les rechazar. Las unidades de carga robotizadas pueden utilizarse para distintas aplicaciones: desde el envasado primario y secundario hasta soluciones de final de l\u00ednea para el envasado en cajas de env\u00edo.<b> <\/b>Cada proyecto se estudia y analiza en detalle para dise\u00f1ar soluciones a medida completamente dedicadas a los productos que deben manipularse; de este modo se proporciona una soluci\u00f3n altamente flexible y de vanguardia.<\/p>\n<p><img fetchpriority=\"high\" decoding=\"async\" class=\"alignnone size-medium wp-image-4039\" src=\"https:\/\/cormac.eu\/wp-content\/uploads\/2023\/11\/Robotic-loading-process-288x300.jpg\" alt=\"\" width=\"288\" height=\"300\" srcset=\"https:\/\/cormac.eu\/wp-content\/uploads\/2023\/11\/Robotic-loading-process-288x300.jpg 288w, https:\/\/cormac.eu\/wp-content\/uploads\/2023\/11\/Robotic-loading-process.jpg 407w\" sizes=\"(max-width: 288px) 100vw, 288px\" \/><\/p>\n<p>&nbsp;<\/p>\n<table style=\"height: 285px\" width=\"867\">\n<tbody>\n<tr>\n<td width=\"264\"><strong>F<\/strong><strong>eatures<\/strong><\/td>\n<td width=\"340\"><strong>Beneficios<\/strong><\/td>\n<\/tr>\n<tr>\n<td width=\"264\">Vers\u00e1til<\/td>\n<td width=\"340\">cofiguraciones independientes o monobloque<\/td>\n<\/tr>\n<tr>\n<td width=\"264\">Dise\u00f1o propio<\/td>\n<td width=\"340\">Integraci\u00f3n de sistemas; asistencia posventa inmediata<\/td>\n<\/tr>\n<tr>\n<td width=\"264\">Flexible<\/td>\n<td width=\"340\">Soluciones a medida<\/td>\n<\/tr>\n<\/tbody>\n<\/table>\n<p><strong>\u00a0<\/strong><\/p>\n<p>&nbsp;<\/p>","protected":false},"excerpt":{"rendered":"<p>La unidad de carga robotizada est\u00e1 hecha para la recogida autom\u00e1tica de productos y su colocaci\u00f3n en una caja.<\/p>","protected":false},"featured_media":4040,"comment_status":"open","ping_status":"closed","template":"","meta":{"uix_meta_title":"","uix_meta_description":"","uix_canonical_url":""},"product_brand":[],"product_cat":[114],"product_tag":[],"class_list":{"0":"post-4064","1":"product","2":"type-product","3":"status-publish","4":"has-post-thumbnail","6":"product_cat-secondary-packaging","8":"first","9":"instock","10":"shipping-taxable","11":"product-type-simple"},"_links":{"self":[{"href":"https:\/\/cormac.eu\/es\/wp-json\/wp\/v2\/product\/4064","targetHints":{"allow":["GET"]}}],"collection":[{"href":"https:\/\/cormac.eu\/es\/wp-json\/wp\/v2\/product"}],"about":[{"href":"https:\/\/cormac.eu\/es\/wp-json\/wp\/v2\/types\/product"}],"replies":[{"embeddable":true,"href":"https:\/\/cormac.eu\/es\/wp-json\/wp\/v2\/comments?post=4064"}],"wp:featuredmedia":[{"embeddable":true,"href":"https:\/\/cormac.eu\/es\/wp-json\/wp\/v2\/media\/4040"}],"wp:attachment":[{"href":"https:\/\/cormac.eu\/es\/wp-json\/wp\/v2\/media?parent=4064"}],"wp:term":[{"taxonomy":"product_brand","embeddable":true,"href":"https:\/\/cormac.eu\/es\/wp-json\/wp\/v2\/product_brand?post=4064"},{"taxonomy":"product_cat","embeddable":true,"href":"https:\/\/cormac.eu\/es\/wp-json\/wp\/v2\/product_cat?post=4064"},{"taxonomy":"product_tag","embeddable":true,"href":"https:\/\/cormac.eu\/es\/wp-json\/wp\/v2\/product_tag?post=4064"}],"curies":[{"name":"wp","href":"https:\/\/api.w.org\/{rel}","templated":true}]}}