{"id":4063,"date":"2023-11-10T14:34:54","date_gmt":"2023-11-10T13:34:54","guid":{"rendered":"https:\/\/cormac.eu\/?post_type=product&#038;p=4063"},"modified":"2023-11-10T14:38:03","modified_gmt":"2023-11-10T13:38:03","slug":"maquina-tapadora","status":"publish","type":"product","link":"https:\/\/cormac.eu\/es\/product\/lidding-machine\/","title":{"rendered":"M\u00e1quina tapadora"},"content":{"rendered":"<p>Las m\u00e1quinas de tapas se dedican a la colocaci\u00f3n y encolado de tapas de cart\u00f3n en bandejas o cajas expositoras. Las tapas se forman a partir de piezas en bruto planas. La velocidad se ajusta electr\u00f3nicamente hasta un m\u00e1ximo de 20 cajas por minuto en m\u00e1quinas con un solo cabezal de tapa. Es posible dise\u00f1ar m\u00e1quinas con un cabezal doble para una velocidad superior (hasta 40 uds\/min), en funci\u00f3n de la velocidad requerida y de las caracter\u00edsticas de las piezas en bruto.<\/p>\n<p><img fetchpriority=\"high\" decoding=\"async\" class=\"alignnone size-medium wp-image-4038\" src=\"https:\/\/cormac.eu\/wp-content\/uploads\/2023\/11\/lidding-process-300x232.jpg\" alt=\"\" width=\"300\" height=\"232\" srcset=\"https:\/\/cormac.eu\/wp-content\/uploads\/2023\/11\/lidding-process-300x232.jpg 300w, https:\/\/cormac.eu\/wp-content\/uploads\/2023\/11\/lidding-process.jpg 453w\" sizes=\"(max-width: 300px) 100vw, 300px\" \/><\/p>\n<p>&nbsp;<\/p>\n<p>MODELOS DISPONIBLES:<\/p>\n<ul>\n<li>Tapadora de elevaci\u00f3n vertical, velocidad m\u00e1xima 20pcs\/min por cabezal<\/li>\n<li>Tapadora, velocidad m\u00e1xima 18pcs\/min por cabezal<\/li>\n<li>ESPECIALES: Tapadora especial adaptada a las necesidades del cliente<\/li>\n<\/ul>\n<p>&nbsp;<\/p>\n<table style=\"height: 522px\" width=\"843\">\n<tbody>\n<tr>\n<td width=\"264\"><strong>F<\/strong><strong>eatures<\/strong><\/td>\n<td width=\"340\"><strong>Beneficios<\/strong><\/td>\n<\/tr>\n<tr>\n<td width=\"264\">Cabezal de tapa simple o doble<\/td>\n<td width=\"340\">Elecci\u00f3n de la gama de velocidades<\/td>\n<\/tr>\n<tr>\n<td width=\"264\">Control el\u00e9ctrico de la velocidad<\/td>\n<td width=\"340\">Velocidad regulable<\/td>\n<\/tr>\n<tr>\n<td width=\"264\">Cierre mediante cola termofusible<\/td>\n<td width=\"340\">Sistema de encolado seguro<\/td>\n<\/tr>\n<tr>\n<td width=\"264\">Cambio r\u00e1pido<\/td>\n<td width=\"340\">Cambio medio de formato 5-10 minutos<\/td>\n<\/tr>\n<tr>\n<td width=\"264\">Integraci\u00f3n posible<\/td>\n<td width=\"340\">Para formar l\u00edneas de envasado completas<\/td>\n<\/tr>\n<tr>\n<td width=\"264\">Ingenier\u00eda especial<\/td>\n<td width=\"340\">Diferentes configuraciones posibles<\/td>\n<\/tr>\n<tr>\n<td width=\"264\">Construcci\u00f3n de acero inoxidable o pintado<\/td>\n<td width=\"340\">Adecuado para diferentes industrias<\/td>\n<\/tr>\n<\/tbody>\n<\/table>","protected":false},"excerpt":{"rendered":"<p>La m\u00e1quina de tapas est\u00e1 dise\u00f1ada para colocar y pegar tapas de cart\u00f3n en una bandeja o caja expositora.<\/p>","protected":false},"featured_media":4037,"comment_status":"open","ping_status":"closed","template":"","meta":{"uix_meta_title":"","uix_meta_description":"","uix_canonical_url":""},"product_brand":[],"product_cat":[114],"product_tag":[],"class_list":{"0":"post-4063","1":"product","2":"type-product","3":"status-publish","4":"has-post-thumbnail","6":"product_cat-secondary-packaging","8":"first","9":"instock","10":"shipping-taxable","11":"product-type-simple"},"_links":{"self":[{"href":"https:\/\/cormac.eu\/es\/wp-json\/wp\/v2\/product\/4063","targetHints":{"allow":["GET"]}}],"collection":[{"href":"https:\/\/cormac.eu\/es\/wp-json\/wp\/v2\/product"}],"about":[{"href":"https:\/\/cormac.eu\/es\/wp-json\/wp\/v2\/types\/product"}],"replies":[{"embeddable":true,"href":"https:\/\/cormac.eu\/es\/wp-json\/wp\/v2\/comments?post=4063"}],"wp:featuredmedia":[{"embeddable":true,"href":"https:\/\/cormac.eu\/es\/wp-json\/wp\/v2\/media\/4037"}],"wp:attachment":[{"href":"https:\/\/cormac.eu\/es\/wp-json\/wp\/v2\/media?parent=4063"}],"wp:term":[{"taxonomy":"product_brand","embeddable":true,"href":"https:\/\/cormac.eu\/es\/wp-json\/wp\/v2\/product_brand?post=4063"},{"taxonomy":"product_cat","embeddable":true,"href":"https:\/\/cormac.eu\/es\/wp-json\/wp\/v2\/product_cat?post=4063"},{"taxonomy":"product_tag","embeddable":true,"href":"https:\/\/cormac.eu\/es\/wp-json\/wp\/v2\/product_tag?post=4063"}],"curies":[{"name":"wp","href":"https:\/\/api.w.org\/{rel}","templated":true}]}}