{"id":4061,"date":"2023-11-10T14:25:58","date_gmt":"2023-11-10T13:25:58","guid":{"rendered":"https:\/\/cormac.eu\/?post_type=product&#038;p=4061"},"modified":"2024-02-05T13:59:15","modified_gmt":"2024-02-05T12:59:15","slug":"maquinas-envolvedoras","status":"publish","type":"product","link":"https:\/\/cormac.eu\/es\/product\/wrap-around-machines\/","title":{"rendered":"M\u00e1quinas envolvedoras"},"content":{"rendered":"<p>Las m\u00e1quinas envolvedoras est\u00e1n dise\u00f1adas para formar, cargar y cerrar cajas de transporte o de exposici\u00f3n, partiendo de un \u00fanico cart\u00f3n plano. Este cart\u00f3n se envuelve alrededor del producto o grupo de productos y se traslada a las siguientes estaciones para cerrarlo con cola caliente. Estas m\u00e1quinas son muy flexibles y permiten realizar diferentes tipos de embalajes como cajas completas, bandejas, bandejas+tapas, cajas expositoras, etc. con operaciones de cambio de formato r\u00e1pidas y limitadas.<\/p>\n<p>MODELOS DISPONIBLES:<\/p>\n<ul>\n<li>M\u00e1quina envolvente con cargador individual<\/li>\n<li>Envolvedora con doble almac\u00e9n para bandejas+tapas soluciones<\/li>\n<\/ul>\n<p>&nbsp;<\/p>\n<table style=\"height: 298px\" width=\"800\">\n<tbody>\n<tr>\n<td width=\"264\"><strong>F<\/strong><strong>eatures<\/strong><\/td>\n<td width=\"340\"><strong>Beneficios<\/strong><\/td>\n<\/tr>\n<tr>\n<td width=\"264\">\u00a0Control de velocidad<\/td>\n<td width=\"340\">Velocidad regulable<\/td>\n<\/tr>\n<tr>\n<td width=\"264\">Cambio r\u00e1pido<\/td>\n<td width=\"340\">Cambio medio en el tiempo 5-10 minutos<\/td>\n<\/tr>\n<tr>\n<td width=\"264\">Opciones de carga superior o lateral<\/td>\n<td width=\"340\">El mejor m\u00e9todo de carga posible para el producto\/caja<\/td>\n<\/tr>\n<tr>\n<td width=\"264\">Stanless de construcci\u00f3n de acero pintado<\/td>\n<td width=\"340\">Adecuado para diferentes industrias<\/td>\n<\/tr>\n<\/tbody>\n<\/table>","protected":false},"excerpt":{"rendered":"<p>La m\u00e1quina envolvedora tomar\u00e1 una pieza en blanco de una revista y la envolver\u00e1 alrededor de un producto, un grupo de productos o un paquete que contenga productos.<\/p>","protected":false},"featured_media":4035,"comment_status":"open","ping_status":"closed","template":"","meta":{"uix_meta_title":"","uix_meta_description":"","uix_canonical_url":""},"product_brand":[],"product_cat":[114],"product_tag":[],"class_list":{"0":"post-4061","1":"product","2":"type-product","3":"status-publish","4":"has-post-thumbnail","6":"product_cat-secondary-packaging","8":"first","9":"instock","10":"shipping-taxable","11":"product-type-simple"},"_links":{"self":[{"href":"https:\/\/cormac.eu\/es\/wp-json\/wp\/v2\/product\/4061","targetHints":{"allow":["GET"]}}],"collection":[{"href":"https:\/\/cormac.eu\/es\/wp-json\/wp\/v2\/product"}],"about":[{"href":"https:\/\/cormac.eu\/es\/wp-json\/wp\/v2\/types\/product"}],"replies":[{"embeddable":true,"href":"https:\/\/cormac.eu\/es\/wp-json\/wp\/v2\/comments?post=4061"}],"wp:featuredmedia":[{"embeddable":true,"href":"https:\/\/cormac.eu\/es\/wp-json\/wp\/v2\/media\/4035"}],"wp:attachment":[{"href":"https:\/\/cormac.eu\/es\/wp-json\/wp\/v2\/media?parent=4061"}],"wp:term":[{"taxonomy":"product_brand","embeddable":true,"href":"https:\/\/cormac.eu\/es\/wp-json\/wp\/v2\/product_brand?post=4061"},{"taxonomy":"product_cat","embeddable":true,"href":"https:\/\/cormac.eu\/es\/wp-json\/wp\/v2\/product_cat?post=4061"},{"taxonomy":"product_tag","embeddable":true,"href":"https:\/\/cormac.eu\/es\/wp-json\/wp\/v2\/product_tag?post=4061"}],"curies":[{"name":"wp","href":"https:\/\/api.w.org\/{rel}","templated":true}]}}