{"id":4060,"date":"2023-11-10T14:19:52","date_gmt":"2023-11-10T13:19:52","guid":{"rendered":"https:\/\/cormac.eu\/?post_type=product&#038;p=4060"},"modified":"2023-11-10T14:25:30","modified_gmt":"2023-11-10T13:25:30","slug":"encajadora","status":"publish","type":"product","link":"https:\/\/cormac.eu\/es\/product\/case-packer\/","title":{"rendered":"Encajadora"},"content":{"rendered":"<p>Las encajadoras son m\u00e1quinas de final de l\u00ednea dise\u00f1adas para formar y llenar cajas americanas. Estas m\u00e1quinas abren una caja preencolada e introducen el producto (o grupo de productos) en la caja mediante un sistema de carga lateral o una unidad rob\u00f3tica de carga superior.<br \/>\nLa caja se cierra mediante cola termofusible o cinta adhesiva. Estas encajadoras son m\u00e1quinas muy flexibles y el cambio de formato puede realizarse f\u00e1cil y r\u00e1pidamente para manipular distintos tipos de productos de forma eficiente.<\/p>\n<p><img decoding=\"async\" class=\"alignnone size-medium wp-image-4033\" src=\"https:\/\/cormac.eu\/wp-content\/uploads\/2023\/11\/case-packer-process-300x159.jpg\" alt=\"\" width=\"300\" height=\"159\" srcset=\"https:\/\/cormac.eu\/wp-content\/uploads\/2023\/11\/case-packer-process-300x159.jpg 300w, https:\/\/cormac.eu\/wp-content\/uploads\/2023\/11\/case-packer-process.jpg 437w\" sizes=\"(max-width: 300px) 100vw, 300px\" \/><\/p>\n<p>&nbsp;<\/p>\n<p>MODELOS DISPONIBLES:<\/p>\n<ul>\n<li>Encajadora con cierre de caja por cola termofusible<\/li>\n<li>Encajadora con cierre de caja por cinta adhesiva<\/li>\n<\/ul>\n<p>&nbsp;<\/p>\n<table style=\"height: 311px\" width=\"730\">\n<tbody>\n<tr>\n<td width=\"264\"><strong>F<\/strong><strong>eatures<\/strong><\/td>\n<td width=\"340\"><strong>Beneficios<\/strong><\/td>\n<\/tr>\n<tr>\n<td width=\"264\">\u00a0Control de velocidad<\/td>\n<td width=\"340\">Velocidad regulable<\/td>\n<\/tr>\n<tr>\n<td width=\"264\">Cambio r\u00e1pido<\/td>\n<td width=\"340\">Cambio medio en el tiempo 5-10 minutos<\/td>\n<\/tr>\n<tr>\n<td width=\"264\">Opciones de carga superior o lateral<\/td>\n<td width=\"340\">El mejor m\u00e9todo de carga posible para el producto\/caja<\/td>\n<\/tr>\n<tr>\n<td width=\"264\">Stanless de construcci\u00f3n de acero pintado<\/td>\n<td width=\"340\">Adecuado para diferentes industrias<\/td>\n<\/tr>\n<\/tbody>\n<\/table>","protected":false},"excerpt":{"rendered":"<p>M\u00e1quina para formar cajas americanas a partir de un blanc y cargarlas por el lateral o por la parte superior.<\/p>","protected":false},"featured_media":4034,"comment_status":"open","ping_status":"closed","template":"","meta":{"uix_meta_title":"","uix_meta_description":"","uix_canonical_url":""},"product_brand":[],"product_cat":[114],"product_tag":[],"class_list":{"0":"post-4060","1":"product","2":"type-product","3":"status-publish","4":"has-post-thumbnail","6":"product_cat-secondary-packaging","8":"first","9":"instock","10":"shipping-taxable","11":"product-type-simple"},"_links":{"self":[{"href":"https:\/\/cormac.eu\/es\/wp-json\/wp\/v2\/product\/4060","targetHints":{"allow":["GET"]}}],"collection":[{"href":"https:\/\/cormac.eu\/es\/wp-json\/wp\/v2\/product"}],"about":[{"href":"https:\/\/cormac.eu\/es\/wp-json\/wp\/v2\/types\/product"}],"replies":[{"embeddable":true,"href":"https:\/\/cormac.eu\/es\/wp-json\/wp\/v2\/comments?post=4060"}],"wp:featuredmedia":[{"embeddable":true,"href":"https:\/\/cormac.eu\/es\/wp-json\/wp\/v2\/media\/4034"}],"wp:attachment":[{"href":"https:\/\/cormac.eu\/es\/wp-json\/wp\/v2\/media?parent=4060"}],"wp:term":[{"taxonomy":"product_brand","embeddable":true,"href":"https:\/\/cormac.eu\/es\/wp-json\/wp\/v2\/product_brand?post=4060"},{"taxonomy":"product_cat","embeddable":true,"href":"https:\/\/cormac.eu\/es\/wp-json\/wp\/v2\/product_cat?post=4060"},{"taxonomy":"product_tag","embeddable":true,"href":"https:\/\/cormac.eu\/es\/wp-json\/wp\/v2\/product_tag?post=4060"}],"curies":[{"name":"wp","href":"https:\/\/api.w.org\/{rel}","templated":true}]}}