{"id":4058,"date":"2023-11-10T13:26:28","date_gmt":"2023-11-10T12:26:28","guid":{"rendered":"https:\/\/cormac.eu\/?post_type=product&#038;p=4058"},"modified":"2023-11-10T13:36:51","modified_gmt":"2023-11-10T12:36:51","slug":"linea-completa-de-envasado-secundario","status":"publish","type":"product","link":"https:\/\/cormac.eu\/es\/product\/complete-secondary-packaging-line\/","title":{"rendered":"L\u00ednea completa de envasado secundario"},"content":{"rendered":"<p>Todas las m\u00e1quinas individuales de la gama disponible de m\u00e1quinas de envasado secundario para diferentes aplicaciones pueden combinarse en una l\u00ednea completa de envasado llave en mano. En estas l\u00edneas completas utilizamos robots de dos y tres ejes de dise\u00f1o propio para colocar y orientar el producto en distintas configuraciones de cajas. Las unidades de carga pueden ser robotizadas o autom\u00e1ticas. Nuestro departamento de I+D dise\u00f1a y desarrolla l\u00edneas completas creando soluciones que tienen como centro el producto y el envasado del cliente. Estas l\u00edneas pueden ser totalmente personalizadas y dise\u00f1adas para satisfacer las necesidades del cliente, utilizando las tecnolog\u00edas m\u00e1s avanzadas. Al suministrar l\u00edneas completas, garantizamos uniformidad en la l\u00f3gica de las diferentes m\u00e1quinas, uniformidad en la gesti\u00f3n del proyecto, rapidez en el servicio posventa y un equipo dedicado a responder con prontitud a las necesidades de asistencia del cliente.<\/p>\n<p>&nbsp;<\/p>\n<p><img fetchpriority=\"high\" decoding=\"async\" class=\"alignnone size-medium wp-image-4039\" src=\"https:\/\/cormac.eu\/wp-content\/uploads\/2023\/11\/Robotic-loading-process-288x300.jpg\" alt=\"\" width=\"288\" height=\"300\" srcset=\"https:\/\/cormac.eu\/wp-content\/uploads\/2023\/11\/Robotic-loading-process-288x300.jpg 288w, https:\/\/cormac.eu\/wp-content\/uploads\/2023\/11\/Robotic-loading-process.jpg 407w\" sizes=\"(max-width: 288px) 100vw, 288px\" \/><\/p>\n<p><strong>\u00a0<\/strong><\/p>\n<p><u>SISTEMAS QUE PUEDEN INTEGRARSE EN LAS L\u00cdNEAS COMPLETAS:<\/u><\/p>\n<ul>\n<li>Sistemas de control de peso<\/li>\n<li>Sistemas de visi\u00f3n<\/li>\n<li>Sistemas de expulsi\u00f3n de productos no conformes<\/li>\n<li>Sistemas de etiquetado<\/li>\n<li>Sistemas de codificaci\u00f3n e impresi\u00f3n<\/li>\n<li>Sistemas de paletizaci\u00f3n<\/li>\n<\/ul>\n<p>&nbsp;<\/p>\n<table style=\"height: 307px\" width=\"805\">\n<tbody>\n<tr>\n<td width=\"264\"><strong>F<\/strong><strong>eatures<\/strong><\/td>\n<td width=\"340\"><strong>Beneficios<\/strong><\/td>\n<\/tr>\n<tr>\n<td width=\"264\">\u00a0Ingenier\u00eda total de l\u00edneas completas<\/td>\n<td width=\"340\">Diferentes soluciones de envasado<\/td>\n<\/tr>\n<tr>\n<td width=\"264\">Carga robotizada<\/td>\n<td width=\"340\">R\u00e1pido, eficaz y fiable<\/td>\n<\/tr>\n<tr>\n<td width=\"264\">Suministro llave en mano<\/td>\n<td width=\"340\">Proveedor \u00fanico responsable del proyecto<\/td>\n<\/tr>\n<tr>\n<td width=\"264\">Construcciones de acero inoxidable o paitensado<\/td>\n<td width=\"340\">Fiabilidad industrial<\/td>\n<\/tr>\n<\/tbody>\n<\/table>","protected":false},"excerpt":{"rendered":"<p>Formado autom\u00e1tico de cajas de cart\u00f3n, carga de productos mediante c\u00e9lulas robotizadas pick and place u otros sistemas, incorporaci\u00f3n de soluciones de final de l\u00ednea, incluido el paletizado.<\/p>","protected":false},"featured_media":4032,"comment_status":"open","ping_status":"closed","template":"","meta":{"uix_meta_title":"","uix_meta_description":"","uix_canonical_url":""},"product_brand":[],"product_cat":[114],"product_tag":[],"class_list":{"0":"post-4058","1":"product","2":"type-product","3":"status-publish","4":"has-post-thumbnail","6":"product_cat-secondary-packaging","8":"first","9":"instock","10":"shipping-taxable","11":"product-type-simple"},"_links":{"self":[{"href":"https:\/\/cormac.eu\/es\/wp-json\/wp\/v2\/product\/4058","targetHints":{"allow":["GET"]}}],"collection":[{"href":"https:\/\/cormac.eu\/es\/wp-json\/wp\/v2\/product"}],"about":[{"href":"https:\/\/cormac.eu\/es\/wp-json\/wp\/v2\/types\/product"}],"replies":[{"embeddable":true,"href":"https:\/\/cormac.eu\/es\/wp-json\/wp\/v2\/comments?post=4058"}],"wp:featuredmedia":[{"embeddable":true,"href":"https:\/\/cormac.eu\/es\/wp-json\/wp\/v2\/media\/4032"}],"wp:attachment":[{"href":"https:\/\/cormac.eu\/es\/wp-json\/wp\/v2\/media?parent=4058"}],"wp:term":[{"taxonomy":"product_brand","embeddable":true,"href":"https:\/\/cormac.eu\/es\/wp-json\/wp\/v2\/product_brand?post=4058"},{"taxonomy":"product_cat","embeddable":true,"href":"https:\/\/cormac.eu\/es\/wp-json\/wp\/v2\/product_cat?post=4058"},{"taxonomy":"product_tag","embeddable":true,"href":"https:\/\/cormac.eu\/es\/wp-json\/wp\/v2\/product_tag?post=4058"}],"curies":[{"name":"wp","href":"https:\/\/api.w.org\/{rel}","templated":true}]}}