{"id":4054,"date":"2023-11-10T13:13:17","date_gmt":"2023-11-10T12:13:17","guid":{"rendered":"https:\/\/cormac.eu\/?post_type=product&#038;p=4054"},"modified":"2023-11-10T13:26:17","modified_gmt":"2023-11-10T12:26:17","slug":"cerradora-de-cajas","status":"publish","type":"product","link":"https:\/\/cormac.eu\/es\/product\/box-closing-machine\/","title":{"rendered":"Cerradora de cajas"},"content":{"rendered":"<p>Las m\u00e1quinas cerradoras est\u00e1n dise\u00f1adas para cerrar cajas con tapa despu\u00e9s de llenarlas con los productos. Las cerradoras pueden ser lineales para soluciones de alta velocidad o si las cajas tienen tapas de 1 solapa.<br \/>\nLas m\u00e1quinas pueden ser angulares en el caso de cajas con tapas de 3 solapas. Estas m\u00e1quinas tienen un movimiento continuo. Las cajas pueden cerrarse mediante cola termofusible o sistema de enclavamiento.<br \/>\nLa velocidad se puede ajustar electr\u00f3nicamente hasta un m\u00e1ximo de 200 cajas por minuto. El cambio de formato es r\u00e1pido y sencillo.<\/p>\n<p>Capacidad: Hasta 200 cajas por minuto.<\/p>\n<p><img decoding=\"async\" class=\"alignnone size-medium wp-image-4055\" src=\"https:\/\/cormac.eu\/wp-content\/uploads\/2023\/11\/closing-process-300x123.jpg\" alt=\"\" width=\"300\" height=\"123\" srcset=\"https:\/\/cormac.eu\/wp-content\/uploads\/2023\/11\/closing-process-300x123.jpg 300w, https:\/\/cormac.eu\/wp-content\/uploads\/2023\/11\/closing-process-600x245.jpg 600w, https:\/\/cormac.eu\/wp-content\/uploads\/2023\/11\/closing-process.jpg 644w\" sizes=\"(max-width: 300px) 100vw, 300px\" \/><\/p>\n<p>&nbsp;<\/p>\n<p>&nbsp;<\/p>\n<table style=\"height: 395px\" width=\"841\">\n<tbody>\n<tr>\n<td width=\"264\"><strong>F<\/strong><strong>eatures<\/strong><\/td>\n<td width=\"340\"><strong>Beneficios<\/strong><\/td>\n<\/tr>\n<tr>\n<td width=\"264\">Movimiento intermitente o continuo<\/td>\n<td width=\"340\">Integraci\u00f3n de sistemas<\/td>\n<\/tr>\n<tr>\n<td width=\"264\">Control de velocidad<\/td>\n<td width=\"340\">Velocidad regulable<\/td>\n<\/tr>\n<tr>\n<td width=\"264\">Cierre mediante cola termofusible o ganchos<\/td>\n<td width=\"340\">Cierre seguro y dise\u00f1os de caja creativos<\/td>\n<\/tr>\n<tr>\n<td width=\"264\">Cambio r\u00e1pido<\/td>\n<td width=\"340\">Cambio medio en el tiempo 5-10 minutos<\/td>\n<\/tr>\n<tr>\n<td width=\"264\">Construcci\u00f3n de acero inoxidable o pintado<\/td>\n<td width=\"340\">Adecuado para diferentes industrias<\/td>\n<\/tr>\n<\/tbody>\n<\/table>\n<p>&nbsp;<\/p>\n<p>&nbsp;<\/p>","protected":false},"excerpt":{"rendered":"<p>M\u00e1quina para cerrar cajas y cartones llenos con tapa.<\/p>","protected":false},"featured_media":4057,"comment_status":"open","ping_status":"closed","template":"","meta":{"uix_meta_title":"","uix_meta_description":"","uix_canonical_url":""},"product_brand":[],"product_cat":[114],"product_tag":[],"class_list":{"0":"post-4054","1":"product","2":"type-product","3":"status-publish","4":"has-post-thumbnail","6":"product_cat-secondary-packaging","8":"first","9":"instock","10":"shipping-taxable","11":"product-type-simple"},"_links":{"self":[{"href":"https:\/\/cormac.eu\/es\/wp-json\/wp\/v2\/product\/4054","targetHints":{"allow":["GET"]}}],"collection":[{"href":"https:\/\/cormac.eu\/es\/wp-json\/wp\/v2\/product"}],"about":[{"href":"https:\/\/cormac.eu\/es\/wp-json\/wp\/v2\/types\/product"}],"replies":[{"embeddable":true,"href":"https:\/\/cormac.eu\/es\/wp-json\/wp\/v2\/comments?post=4054"}],"wp:featuredmedia":[{"embeddable":true,"href":"https:\/\/cormac.eu\/es\/wp-json\/wp\/v2\/media\/4057"}],"wp:attachment":[{"href":"https:\/\/cormac.eu\/es\/wp-json\/wp\/v2\/media?parent=4054"}],"wp:term":[{"taxonomy":"product_brand","embeddable":true,"href":"https:\/\/cormac.eu\/es\/wp-json\/wp\/v2\/product_brand?post=4054"},{"taxonomy":"product_cat","embeddable":true,"href":"https:\/\/cormac.eu\/es\/wp-json\/wp\/v2\/product_cat?post=4054"},{"taxonomy":"product_tag","embeddable":true,"href":"https:\/\/cormac.eu\/es\/wp-json\/wp\/v2\/product_tag?post=4054"}],"curies":[{"name":"wp","href":"https:\/\/api.w.org\/{rel}","templated":true}]}}