{"id":4052,"date":"2023-11-10T13:00:26","date_gmt":"2023-11-10T12:00:26","guid":{"rendered":"https:\/\/cormac.eu\/?post_type=product&#038;p=4052"},"modified":"2023-11-10T14:17:50","modified_gmt":"2023-11-10T13:17:50","slug":"maquina-formadora-de-cajas-2","status":"publish","type":"product","link":"https:\/\/cormac.eu\/es\/product\/case-forming-machine\/","title":{"rendered":"Formadora de cajas"},"content":{"rendered":"<p>M\u00e1quinas formadoras para cajas y bandejas con tama\u00f1os y formas especiales y para las aplicaciones m\u00e1s variadas. Nuestras m\u00e1quinas formadoras est\u00e1n dedicadas a la realizaci\u00f3n de cajas y bandejas de cart\u00f3n con una conicidad de 90\u00b0 y 45\u00b0 o con paredes dobles. Las cajas y bandejas se forman a partir de piezas planas mediante cola termofusible, cola fr\u00eda o ganchos. La velocidad es ajustable electr\u00f3nicamente hasta un m\u00e1ximo de 60 golpes por minuto con un cabezal formador simple. Tambi\u00e9n hay disponibles opciones con cabezal formador doble (120 cajas\/minuto) o triple (180 cajas\/minuto), seg\u00fan las velocidades requeridas y las caracter\u00edsticas de los formatos planos. El cambio de formato es r\u00e1pido y sencillo. El cabezal formador puede ser fijo o ajustable. El cambio de formato autom\u00e1tico tambi\u00e9n est\u00e1 disponible como opci\u00f3n.  Gracias a los sistemas automatizados y robotizados de carga de productos, nuestras formadoras pueden integrarse con cerradoras y tapadoras para formar l\u00edneas completas de envasado.<\/p>\n<p><img decoding=\"async\" class=\"alignnone wp-image-4053\" src=\"https:\/\/cormac.eu\/wp-content\/uploads\/2023\/11\/product-line-case-forming-300x48.jpg\" alt=\"\" width=\"337\" height=\"54\" srcset=\"https:\/\/cormac.eu\/wp-content\/uploads\/2023\/11\/product-line-case-forming-300x48.jpg 300w, https:\/\/cormac.eu\/wp-content\/uploads\/2023\/11\/product-line-case-forming-600x96.jpg 600w, https:\/\/cormac.eu\/wp-content\/uploads\/2023\/11\/product-line-case-forming.jpg 659w\" sizes=\"(max-width: 337px) 100vw, 337px\" \/><\/p>\n<p>MODELOS DISPONIBLES:<\/p>\n<ul>\n<li>\u00a0Formadoras mediante cola caliente<\/li>\n<li>Formadora mediante cola fr\u00eda, con o sin unidad de plegado de solapas<\/li>\n<li>Formadora de cajas bivalvas<\/li>\n<li>Formadoras de uno o dos cabezales con cierre por ganchos<\/li>\n<li>Formadoras de cajas de doble pared con cierre de enclavamiento<\/li>\n<li>ESPECIALES: Formadoras que incluyen unidades de manipulaci\u00f3n, unidades de plegado de solapas laterales, divisores internos, unidades de posicionamiento, etc.<\/li>\n<\/ul>\n<p>&nbsp;<\/p>\n<table style=\"height: 515px\" width=\"870\">\n<tbody>\n<tr>\n<td width=\"264\"><strong>F<\/strong><strong>eatures<\/strong><\/td>\n<td width=\"340\"><strong>Beneficios<\/strong><\/td>\n<\/tr>\n<tr>\n<td width=\"264\">Diferentes m\u00e9todos de encolado<\/td>\n<td width=\"340\">Pegamento termofusible, cola fr\u00eda o ganchos<\/td>\n<\/tr>\n<tr>\n<td width=\"264\">Velocidad ajustable<\/td>\n<td width=\"340\">Control de velocidad<\/td>\n<\/tr>\n<tr>\n<td width=\"264\">Hormas de cabeza simple, doble y triple<\/td>\n<td width=\"340\">Elecci\u00f3n de diferentes ejecuciones de capacidad<\/td>\n<\/tr>\n<tr>\n<td width=\"264\">Cambio r\u00e1pido<\/td>\n<td width=\"340\">Cambio de formato 5-10 minutos<\/td>\n<\/tr>\n<tr>\n<td width=\"264\">Integraci\u00f3n posible<\/td>\n<td width=\"340\">Para formar l\u00edneas de envasado completas<\/td>\n<\/tr>\n<tr>\n<td width=\"264\">Ingenier\u00eda especial<\/td>\n<td width=\"340\">Diferentes configuraciones posibles<\/td>\n<\/tr>\n<tr>\n<td width=\"264\">Construcci\u00f3n de acero inoxidable o pintado<\/td>\n<td width=\"340\">Adecuado para diferentes industrias<\/td>\n<\/tr>\n<\/tbody>\n<\/table>\n<p>&nbsp;<\/p>","protected":false},"excerpt":{"rendered":"<p>M\u00e1quinas para el conformado de cajas y bandejas de tama\u00f1os y formas especiales, a partir de blancs planos.<\/p>","protected":false},"featured_media":4029,"comment_status":"open","ping_status":"closed","template":"","meta":{"uix_meta_title":"","uix_meta_description":"","uix_canonical_url":""},"product_brand":[],"product_cat":[114],"product_tag":[],"class_list":{"0":"post-4052","1":"product","2":"type-product","3":"status-publish","4":"has-post-thumbnail","6":"product_cat-secondary-packaging","8":"first","9":"instock","10":"shipping-taxable","11":"product-type-simple"},"_links":{"self":[{"href":"https:\/\/cormac.eu\/es\/wp-json\/wp\/v2\/product\/4052","targetHints":{"allow":["GET"]}}],"collection":[{"href":"https:\/\/cormac.eu\/es\/wp-json\/wp\/v2\/product"}],"about":[{"href":"https:\/\/cormac.eu\/es\/wp-json\/wp\/v2\/types\/product"}],"replies":[{"embeddable":true,"href":"https:\/\/cormac.eu\/es\/wp-json\/wp\/v2\/comments?post=4052"}],"wp:featuredmedia":[{"embeddable":true,"href":"https:\/\/cormac.eu\/es\/wp-json\/wp\/v2\/media\/4029"}],"wp:attachment":[{"href":"https:\/\/cormac.eu\/es\/wp-json\/wp\/v2\/media?parent=4052"}],"wp:term":[{"taxonomy":"product_brand","embeddable":true,"href":"https:\/\/cormac.eu\/es\/wp-json\/wp\/v2\/product_brand?post=4052"},{"taxonomy":"product_cat","embeddable":true,"href":"https:\/\/cormac.eu\/es\/wp-json\/wp\/v2\/product_cat?post=4052"},{"taxonomy":"product_tag","embeddable":true,"href":"https:\/\/cormac.eu\/es\/wp-json\/wp\/v2\/product_tag?post=4052"}],"curies":[{"name":"wp","href":"https:\/\/api.w.org\/{rel}","templated":true}]}}