{"id":4006,"date":"2023-11-02T21:54:50","date_gmt":"2023-11-02T20:54:50","guid":{"rendered":"https:\/\/cormac.eu\/?post_type=product&#038;p=4006"},"modified":"2023-11-02T22:35:46","modified_gmt":"2023-11-02T21:35:46","slug":"depositante-de-chocolate-kcm-omega","status":"publish","type":"product","link":"https:\/\/cormac.eu\/es\/product\/kcm-omega-chocolate-depositor\/","title":{"rendered":"Depositadora de chocolate KCM Omega"},"content":{"rendered":"<p>KCM 9\/18 Omega es la herramienta definitiva para la producci\u00f3n artesanal de productos rellenos de una sola vez. Contiene una depositadora totalmente electro servoaccionada con un sistema patentado de pist\u00f3n giratorio. El cuerpo delgado cabe en el rinc\u00f3n m\u00e1s peque\u00f1o y est\u00e1 colocado sobre ruedas para poder desplazarlo. Una cobertura de seguridad integrada permite el acceso total a las tolvas durante la producci\u00f3n. La depositadora tiene una camisa cil\u00edndrica de 35 mm con una selecci\u00f3n de 3 di\u00e1metros de pist\u00f3n diferentes disponibles 10\/20\/25 mm. La longitud de carrera de los pistones es de 32 mm. La m\u00e1quina permite rendimientos \u00f3ptimos para productos con inclusiones. Dispone de activaci\u00f3n individual del pist\u00f3n con sistema de acoplamiento patentado. Las gu\u00edas laterales son ajustables de 380 a 275 mm. Esto le permite moldes est\u00e1ndar, moldes conformados al vac\u00edo y placas.<\/p>\n<p>&nbsp;<\/p>\n<table style=\"height: 366px\" width=\"879\">\n<tbody>\n<tr>\n<td width=\"197\">\u00a0<strong>Caracter\u00edsticas<\/strong><\/td>\n<td width=\"197\">\u00a0<strong>Beneficios<\/strong><\/td>\n<\/tr>\n<tr>\n<td>M\u00e1quina con ruedas<\/td>\n<td>\n<ul>\n<li>facilidad de desplazamiento<\/li>\n<\/ul>\n<\/td>\n<\/tr>\n<tr>\n<td>Sistema de pist\u00f3n giratorio<\/td>\n<td>\n<ul>\n<li>m\u00e1xima precisi\u00f3n<\/li>\n<\/ul>\n<\/td>\n<\/tr>\n<tr>\n<td>Bloque de pist\u00f3n en voladizo<\/td>\n<td>\n<ul>\n<li>f\u00e1cil acceso<\/li>\n<li>f\u00e1cil limpieza<\/li>\n<\/ul>\n<\/td>\n<\/tr>\n<tr>\n<td>Fijaci\u00f3n de la placa de boquillas con sistema de bloqueo central<\/td>\n<td>\n<ul>\n<li>Cambio r\u00e1pido de la placa de boquillas<\/li>\n<\/ul>\n<\/td>\n<\/tr>\n<\/tbody>\n<\/table>\n<p>&nbsp;<\/p>\n<p>&nbsp;<\/p>","protected":false},"excerpt":{"rendered":"<p>Depositadora de chocolate de un solo disparo, m\u00f3vil y de gran precisi\u00f3n para el chocolatero ambicioso.<\/p>","protected":false},"featured_media":4025,"comment_status":"open","ping_status":"closed","template":"","meta":{"uix_meta_title":"","uix_meta_description":"","uix_canonical_url":""},"product_brand":[],"product_cat":[107,104],"product_tag":[],"class_list":{"0":"post-4006","1":"product","2":"type-product","3":"status-publish","4":"has-post-thumbnail","6":"product_cat-artisanal","7":"product_cat-processing","9":"first","10":"instock","11":"shipping-taxable","12":"product-type-simple"},"_links":{"self":[{"href":"https:\/\/cormac.eu\/es\/wp-json\/wp\/v2\/product\/4006","targetHints":{"allow":["GET"]}}],"collection":[{"href":"https:\/\/cormac.eu\/es\/wp-json\/wp\/v2\/product"}],"about":[{"href":"https:\/\/cormac.eu\/es\/wp-json\/wp\/v2\/types\/product"}],"replies":[{"embeddable":true,"href":"https:\/\/cormac.eu\/es\/wp-json\/wp\/v2\/comments?post=4006"}],"wp:featuredmedia":[{"embeddable":true,"href":"https:\/\/cormac.eu\/es\/wp-json\/wp\/v2\/media\/4025"}],"wp:attachment":[{"href":"https:\/\/cormac.eu\/es\/wp-json\/wp\/v2\/media?parent=4006"}],"wp:term":[{"taxonomy":"product_brand","embeddable":true,"href":"https:\/\/cormac.eu\/es\/wp-json\/wp\/v2\/product_brand?post=4006"},{"taxonomy":"product_cat","embeddable":true,"href":"https:\/\/cormac.eu\/es\/wp-json\/wp\/v2\/product_cat?post=4006"},{"taxonomy":"product_tag","embeddable":true,"href":"https:\/\/cormac.eu\/es\/wp-json\/wp\/v2\/product_tag?post=4006"}],"curies":[{"name":"wp","href":"https:\/\/api.w.org\/{rel}","templated":true}]}}