{"id":3987,"date":"2023-10-27T14:59:24","date_gmt":"2023-10-27T12:59:24","guid":{"rendered":"https:\/\/cormac.eu\/?post_type=product&#038;p=3987"},"modified":"2023-10-27T15:28:07","modified_gmt":"2023-10-27T13:28:07","slug":"molino-de-bolas","status":"publish","type":"product","link":"https:\/\/cormac.eu\/es\/product\/ball-mill\/","title":{"rendered":"Molino de bolas"},"content":{"rendered":"<p>Molino de bolas con una capacidad de 20-50 KG adecuado para peque\u00f1os y medianos productores de chocolate y confiter\u00edas. La m\u00e1quina puede refinar cremas, masas de chocolate, cremas de chocolate y diferentes tipos de glaseados hasta una finura de 20 micras. La m\u00e1quina es s\u00f3lida, fiable y f\u00e1cil de manejar. Su conexi\u00f3n el\u00e9ctrica est\u00e1 ajustada para 220 V, lo que la hace f\u00e1cilmente enchufable en cualquier instalaci\u00f3n de producci\u00f3n.<\/p>\n<p>&nbsp;<\/p>\n<table width=\"491\">\n<tbody>\n<tr>\n<td width=\"246\"><strong>Caracter\u00edsticas<\/strong><\/td>\n<td width=\"246\"><strong>Beneficios<\/strong><\/td>\n<\/tr>\n<tr>\n<td width=\"246\">Dise\u00f1o compacto<\/td>\n<td width=\"246\">F\u00e1cil de colocar y manejar<\/td>\n<\/tr>\n<tr>\n<td width=\"246\">Potencia 220 V<\/td>\n<td width=\"246\">Puede utilizarse en cualquier instalaci\u00f3n, taller o laboratorio<\/td>\n<\/tr>\n<tr>\n<td width=\"246\"><\/td>\n<td width=\"246\"><\/td>\n<\/tr>\n<tr>\n<td width=\"246\">Dimensiones<\/td>\n<td width=\"246\">Largo 875 x Ancho 675 x Alto 1100 MM<\/td>\n<\/tr>\n<tr>\n<td width=\"246\">Peso<\/td>\n<td width=\"246\">340 Kg<\/td>\n<\/tr>\n<\/tbody>\n<\/table>","protected":false},"excerpt":{"rendered":"<p>Molino refinador de bolas de baja capacidad para peque\u00f1os y medianos productores de chocolate y confiter\u00edas.<\/p>","protected":false},"featured_media":3986,"comment_status":"open","ping_status":"closed","template":"","meta":{"uix_meta_title":"","uix_meta_description":"","uix_canonical_url":""},"product_brand":[],"product_cat":[104],"product_tag":[],"class_list":{"0":"post-3987","1":"product","2":"type-product","3":"status-publish","4":"has-post-thumbnail","6":"product_cat-processing","8":"first","9":"instock","10":"shipping-taxable","11":"product-type-simple"},"_links":{"self":[{"href":"https:\/\/cormac.eu\/es\/wp-json\/wp\/v2\/product\/3987","targetHints":{"allow":["GET"]}}],"collection":[{"href":"https:\/\/cormac.eu\/es\/wp-json\/wp\/v2\/product"}],"about":[{"href":"https:\/\/cormac.eu\/es\/wp-json\/wp\/v2\/types\/product"}],"replies":[{"embeddable":true,"href":"https:\/\/cormac.eu\/es\/wp-json\/wp\/v2\/comments?post=3987"}],"wp:featuredmedia":[{"embeddable":true,"href":"https:\/\/cormac.eu\/es\/wp-json\/wp\/v2\/media\/3986"}],"wp:attachment":[{"href":"https:\/\/cormac.eu\/es\/wp-json\/wp\/v2\/media?parent=3987"}],"wp:term":[{"taxonomy":"product_brand","embeddable":true,"href":"https:\/\/cormac.eu\/es\/wp-json\/wp\/v2\/product_brand?post=3987"},{"taxonomy":"product_cat","embeddable":true,"href":"https:\/\/cormac.eu\/es\/wp-json\/wp\/v2\/product_cat?post=3987"},{"taxonomy":"product_tag","embeddable":true,"href":"https:\/\/cormac.eu\/es\/wp-json\/wp\/v2\/product_tag?post=3987"}],"curies":[{"name":"wp","href":"https:\/\/api.w.org\/{rel}","templated":true}]}}