{"id":3938,"date":"2023-05-19T10:50:29","date_gmt":"2023-05-19T08:50:29","guid":{"rendered":"https:\/\/cormac.eu\/?post_type=product&#038;p=3938"},"modified":"2023-05-25T21:10:07","modified_gmt":"2023-05-25T19:10:07","slug":"alimentador-automatico-de-babosas-2","status":"publish","type":"product","link":"https:\/\/cormac.eu\/es\/product\/automatic-slug-feeder\/","title":{"rendered":"Alimentador autom\u00e1tico de babosas"},"content":{"rendered":"<p>El alimentador de babosas pertenece a la categor\u00eda de sistemas de alimentaci\u00f3n por manipulaci\u00f3n. Se trata de una unidad vertical de carga y alimentaci\u00f3n, instalada entre el extremo de salida de una l\u00ednea de producci\u00f3n y la m\u00e1quina de envasado \/ flowpack.<br \/>\nEl alimentador de babosas crea autom\u00e1ticamente porciones de productos en el borde. A continuaci\u00f3n, estas porciones se transfieren autom\u00e1ticamente a la cinta transportadora mediante una unidad de transferencia de 90\u00b0. Los alimentadores de slugs pueden tener de 2 a 16 canales, dependiendo del n\u00famero de carriles del producto entrante y de su velocidad. Las unidades tambi\u00e9n pueden utilizarse para colocar productos en bandejas.<\/p>\n<p><strong>Rango de capacidad<\/strong>: A medida \/ por encargo<\/p>\n<p>&nbsp;<\/p>\n<table>\n<tbody>\n<tr>\n<td><strong>Caracter\u00edsticas<\/strong><\/td>\n<td><strong>Beneficios<\/strong><\/td>\n<\/tr>\n<tr>\n<td>Ajuste de la longitud de la pila<\/td>\n<td>Compensaci\u00f3n de las desviaciones de espesor del producto<\/td>\n<\/tr>\n<tr>\n<td>Dise\u00f1o modular<\/td>\n<td>Disponible en varias configuraciones<\/td>\n<\/tr>\n<\/tbody>\n<\/table>","protected":false},"excerpt":{"rendered":"<p>The slug feeder belongs to the category of Handling Feeding Systems. It is a vertical loading and feeding unit, installed between the outfeed end of a production line and the packaging \/ flowpack machine. The Slug feeder automatically creates portions of products on edge. These slugs are then automatically transferred to the flighted conveyor via [&hellip;]<\/p>\n","protected":false},"featured_media":3897,"comment_status":"open","ping_status":"closed","template":"","meta":{"uix_meta_title":"","uix_meta_description":"","uix_canonical_url":""},"product_brand":[],"product_cat":[105],"product_tag":[265,266,271,279],"class_list":{"0":"post-3938","1":"product","2":"type-product","3":"status-publish","4":"has-post-thumbnail","6":"product_cat-packaging","7":"product_tag-flowpack","8":"product_tag-flowwrapping","9":"product_tag-packaging-lines","10":"product_tag-slug-feeder","12":"first","13":"instock","14":"shipping-taxable","15":"product-type-simple"},"_links":{"self":[{"href":"https:\/\/cormac.eu\/es\/wp-json\/wp\/v2\/product\/3938","targetHints":{"allow":["GET"]}}],"collection":[{"href":"https:\/\/cormac.eu\/es\/wp-json\/wp\/v2\/product"}],"about":[{"href":"https:\/\/cormac.eu\/es\/wp-json\/wp\/v2\/types\/product"}],"replies":[{"embeddable":true,"href":"https:\/\/cormac.eu\/es\/wp-json\/wp\/v2\/comments?post=3938"}],"wp:featuredmedia":[{"embeddable":true,"href":"https:\/\/cormac.eu\/es\/wp-json\/wp\/v2\/media\/3897"}],"wp:attachment":[{"href":"https:\/\/cormac.eu\/es\/wp-json\/wp\/v2\/media?parent=3938"}],"wp:term":[{"taxonomy":"product_brand","embeddable":true,"href":"https:\/\/cormac.eu\/es\/wp-json\/wp\/v2\/product_brand?post=3938"},{"taxonomy":"product_cat","embeddable":true,"href":"https:\/\/cormac.eu\/es\/wp-json\/wp\/v2\/product_cat?post=3938"},{"taxonomy":"product_tag","embeddable":true,"href":"https:\/\/cormac.eu\/es\/wp-json\/wp\/v2\/product_tag?post=3938"}],"curies":[{"name":"wp","href":"https:\/\/api.w.org\/{rel}","templated":true}]}}