{"id":3936,"date":"2023-05-19T10:38:59","date_gmt":"2023-05-19T08:38:59","guid":{"rendered":"https:\/\/cormac.eu\/?post_type=product&#038;p=3936"},"modified":"2023-05-25T21:11:43","modified_gmt":"2023-05-25T19:11:43","slug":"alimentador-automatico-de-rollos","status":"publish","type":"product","link":"https:\/\/cormac.eu\/es\/product\/automatic-roll-feeder\/","title":{"rendered":"Alimentador autom\u00e1tico de rollos"},"content":{"rendered":"<p>El alimentador autom\u00e1tico de rollos pertenece a la categor\u00eda de sistemas de alimentaci\u00f3n de manipulaci\u00f3n. Se instala entre el extremo de salida de una l\u00ednea de producci\u00f3n y la m\u00e1quina de envasado \/ flowpack.<br \/>\nRecibe el producto y lo alimenta a la m\u00e1quina flowpack en la cantidad y el tama\u00f1o de envase requeridos. La unidad tiene un n\u00famero determinado de tolvas de producto, dise\u00f1adas para la forma espec\u00edfica del producto y la velocidad de salida necesaria. Cada tolva tiene una trampilla de liberaci\u00f3n y el recuento de envases se determina mediante fotoc\u00e9lulas de detecci\u00f3n. Los transportadores con soportes de acero inoxidable pasan por delante de las fotoc\u00e9lulas y cuentan el n\u00famero correcto de productos que deben entrar en cada tolva.<\/p>\n<p><strong>Rango de capacidad <\/strong>: A medida\/ a petici\u00f3n<\/p>","protected":false},"excerpt":{"rendered":"<p>M\u00e1quina para contar, agrupar y alimentar autom\u00e1ticamente la cinta de alimentaci\u00f3n de una empaquetadora flowpack.<\/p>","protected":false},"featured_media":3898,"comment_status":"open","ping_status":"closed","template":"","meta":{"uix_meta_title":"","uix_meta_description":"","uix_canonical_url":""},"product_brand":[],"product_cat":[105],"product_tag":[277,278,271],"class_list":{"0":"post-3936","1":"product","2":"type-product","3":"status-publish","4":"has-post-thumbnail","6":"product_cat-packaging","7":"product_tag-bread-roll-feeder","8":"product_tag-feeding-system","9":"product_tag-packaging-lines","11":"first","12":"instock","13":"shipping-taxable","14":"product-type-simple"},"_links":{"self":[{"href":"https:\/\/cormac.eu\/es\/wp-json\/wp\/v2\/product\/3936","targetHints":{"allow":["GET"]}}],"collection":[{"href":"https:\/\/cormac.eu\/es\/wp-json\/wp\/v2\/product"}],"about":[{"href":"https:\/\/cormac.eu\/es\/wp-json\/wp\/v2\/types\/product"}],"replies":[{"embeddable":true,"href":"https:\/\/cormac.eu\/es\/wp-json\/wp\/v2\/comments?post=3936"}],"wp:featuredmedia":[{"embeddable":true,"href":"https:\/\/cormac.eu\/es\/wp-json\/wp\/v2\/media\/3898"}],"wp:attachment":[{"href":"https:\/\/cormac.eu\/es\/wp-json\/wp\/v2\/media?parent=3936"}],"wp:term":[{"taxonomy":"product_brand","embeddable":true,"href":"https:\/\/cormac.eu\/es\/wp-json\/wp\/v2\/product_brand?post=3936"},{"taxonomy":"product_cat","embeddable":true,"href":"https:\/\/cormac.eu\/es\/wp-json\/wp\/v2\/product_cat?post=3936"},{"taxonomy":"product_tag","embeddable":true,"href":"https:\/\/cormac.eu\/es\/wp-json\/wp\/v2\/product_tag?post=3936"}],"curies":[{"name":"wp","href":"https:\/\/api.w.org\/{rel}","templated":true}]}}