{"id":3935,"date":"2023-05-18T23:09:21","date_gmt":"2023-05-18T21:09:21","guid":{"rendered":"https:\/\/cormac.eu\/?post_type=product&#038;p=3935"},"modified":"2023-05-19T10:50:05","modified_gmt":"2023-05-19T08:50:05","slug":"alimentador-automatico-de-pilas","status":"publish","type":"product","link":"https:\/\/cormac.eu\/es\/product\/automatic-pile-feeder\/","title":{"rendered":"Alimentador autom\u00e1tico de pilas"},"content":{"rendered":"<p>El alimentador autom\u00e1tico de pilas pertenece a la categor\u00eda de sistemas de alimentaci\u00f3n por manipulaci\u00f3n. Es una unidad horizontal de carga y alimentaci\u00f3n que se instala en el extremo de salida de las l\u00edneas de producci\u00f3n.  Su funci\u00f3n es agrupar en pilas los productos que se encuentran en posici\u00f3n horizontal y transferir las pilas a las bocas de entrada de la(s) m\u00e1quina(s) envolvedora(s). Este alimentador de pilas crea suavemente las pilas en alturas variables, que var\u00edan desde una sola capa hasta la altura m\u00e1xima estable. Los productos que se manipulan suelen ser galletas, galletas saladas, galletas de s\u00e1ndwich, rebanadas de pan tostado o pan cracker.  La unidad de alimentaci\u00f3n horizontal de cuatro ejes de la gama superior est\u00e1 accionada por 4 servomotores.  Esta versi\u00f3n permite ajustar la altura de la pila mientras la m\u00e1quina est\u00e1 funcionando sin interrupci\u00f3n. Tambi\u00e9n existe una versi\u00f3n de dos ejes accionada por dos servomotores.<\/p>\n<p><strong>Rango de capacidad<\/strong> a medida\/solicitud<\/p>\n<p>&nbsp;<\/p>\n<table>\n<tbody>\n<tr>\n<td><strong>Caracter\u00edsticas<\/strong><\/td>\n<td><strong>Beneficios<\/strong><\/td>\n<\/tr>\n<tr>\n<td>Ajuste de la altura de la pila<\/td>\n<td>Compensaci\u00f3n sobre la marcha de las desviaciones del grosor del producto<\/td>\n<\/tr>\n<tr>\n<td>Dise\u00f1o modular<\/td>\n<td>Disponible en varias configuraciones<\/td>\n<\/tr>\n<\/tbody>\n<\/table>\n<p>&nbsp;<\/p>","protected":false},"excerpt":{"rendered":"<p>Esta m\u00e1quina ensambla productos como galletas, crackers y rebanadas tostadas en pilas y las alimenta a la cinta de entrada de la empaquetadora flowpacker.<\/p>","protected":false},"featured_media":3897,"comment_status":"open","ping_status":"closed","template":"","meta":{"uix_meta_title":"","uix_meta_description":"","uix_canonical_url":""},"product_brand":[],"product_cat":[105],"product_tag":[275,265,271,276],"class_list":{"0":"post-3935","1":"product","2":"type-product","3":"status-publish","4":"has-post-thumbnail","6":"product_cat-packaging","7":"product_tag-feeding","8":"product_tag-flowpack","9":"product_tag-packaging-lines","10":"product_tag-stacking","12":"first","13":"instock","14":"shipping-taxable","15":"product-type-simple"},"_links":{"self":[{"href":"https:\/\/cormac.eu\/es\/wp-json\/wp\/v2\/product\/3935","targetHints":{"allow":["GET"]}}],"collection":[{"href":"https:\/\/cormac.eu\/es\/wp-json\/wp\/v2\/product"}],"about":[{"href":"https:\/\/cormac.eu\/es\/wp-json\/wp\/v2\/types\/product"}],"replies":[{"embeddable":true,"href":"https:\/\/cormac.eu\/es\/wp-json\/wp\/v2\/comments?post=3935"}],"wp:featuredmedia":[{"embeddable":true,"href":"https:\/\/cormac.eu\/es\/wp-json\/wp\/v2\/media\/3897"}],"wp:attachment":[{"href":"https:\/\/cormac.eu\/es\/wp-json\/wp\/v2\/media?parent=3935"}],"wp:term":[{"taxonomy":"product_brand","embeddable":true,"href":"https:\/\/cormac.eu\/es\/wp-json\/wp\/v2\/product_brand?post=3935"},{"taxonomy":"product_cat","embeddable":true,"href":"https:\/\/cormac.eu\/es\/wp-json\/wp\/v2\/product_cat?post=3935"},{"taxonomy":"product_tag","embeddable":true,"href":"https:\/\/cormac.eu\/es\/wp-json\/wp\/v2\/product_tag?post=3935"}],"curies":[{"name":"wp","href":"https:\/\/api.w.org\/{rel}","templated":true}]}}