{"id":3931,"date":"2023-05-18T22:52:56","date_gmt":"2023-05-18T20:52:56","guid":{"rendered":"https:\/\/cormac.eu\/?post_type=product&#038;p=3931"},"modified":"2023-05-18T22:59:15","modified_gmt":"2023-05-18T20:59:15","slug":"flowpack-machine-pack-900","status":"publish","type":"product","link":"https:\/\/cormac.eu\/es\/product\/flowpack-machine-pack-900\/","title":{"rendered":"Flowpack machine &#8211; Pack 900"},"content":{"rendered":"<p>This flowpack machie belongs to the 9-series which have a top film reel holder. This design platform is used for multiple configurations which, in combination with a broad range of accessories allow for the machine to be adapted to many different products to be wrapped in different production environments. The machine can be delivered in different\u00a0 versions such as for heat or cold seal, with rotary sealer\/cutter, in stainless steel and in right or left hand execution.<\/p>\n<p><strong>Rango de capacidad:<\/strong>\u00a0 200- 600 pieces per minute \/ 40 mts\/minute<\/p>\n<p>&nbsp;<\/p>\n<table style=\"height: 881px\" width=\"656\">\n<tbody>\n<tr>\n<td style=\"text-align: center\"><strong>Caracter\u00edsticas<\/strong><\/td>\n<td>\n<p style=\"text-align: center\"><strong>Beneficios<\/strong><\/p>\n<\/td>\n<\/tr>\n<tr>\n<td>Dise\u00f1o en voladizo<\/td>\n<td>\n<ul>\n<li>Buen acceso a todas las partes de la m\u00e1quina<\/li>\n<li>F\u00e1cil mantenimiento<\/li>\n<\/ul>\n<\/td>\n<\/tr>\n<tr>\n<td>Conveyor belt with pusher paddles<\/td>\n<td>\n<ul>\n<li>Easy distance variation of the pushers<\/li>\n<li>no need for tools<\/li>\n<\/ul>\n<\/td>\n<\/tr>\n<tr>\n<td>Construcci\u00f3n modular<\/td>\n<td>\n<ul>\n<li>Adaptabilidad a las necesidades del cliente<\/li>\n<\/ul>\n<\/td>\n<\/tr>\n<tr>\n<td>Portabobinas neum\u00e1tico<\/td>\n<td>\n<ul>\n<li>F\u00e1cil cambio de bobina<\/li>\n<li>Ajuste axial con la m\u00e1quina en marcha<\/li>\n<\/ul>\n<\/td>\n<\/tr>\n<tr>\n<td>Caja de conformado universal<\/td>\n<td>\n<ul>\n<li>Ajustable a diferentes tama\u00f1os de producto<\/li>\n<\/ul>\n<\/td>\n<\/tr>\n<tr>\n<td>Longitudinal sealing module<\/td>\n<td>\n<ul>\n<li>1 par de ruedas de tracci\u00f3n en fr\u00edo<\/li>\n<li>2 pares de ruedas de sellado calefactadas<\/li>\n<li>1 par de ruedas plegables con sello de aleta c\u00f3nica<\/li>\n<\/ul>\n<\/td>\n<\/tr>\n<tr>\n<td>M\u00f3dulo de soldadura longitudinal<\/td>\n<td>\n<ul>\n<li>F\u00e1cil de quitar\/sustituir<\/li>\n<li>F\u00e1cil limpieza<\/li>\n<\/ul>\n<\/td>\n<\/tr>\n<tr>\n<td>Rotary cuttin&amp;welding module<\/td>\n<td>\n<ul>\n<li>Made according to products and films<\/li>\n<\/ul>\n<\/td>\n<\/tr>\n<tr>\n<td>Cinta de salida<\/td>\n<td>\n<ul>\n<li>Variable speed<\/li>\n<li>detection and rejection system<\/li>\n<\/ul>\n<\/td>\n<\/tr>\n<tr>\n<td>\u00a0Pantalla t\u00e1ctil<\/td>\n<td>\n<ul>\n<li>Control electr\u00f3nico total<\/li>\n<li>Funcionamiento intuitivo<\/li>\n<li>Almacenamiento de par\u00e1metros<\/li>\n<li>Alarmas y avisos<\/li>\n<\/ul>\n<\/td>\n<\/tr>\n<\/tbody>\n<\/table>\n<p>&nbsp;<\/p>","protected":false},"excerpt":{"rendered":"<p>M\u00e1quina Flowpack para el envasado flowpack de productos regulares a velocidades de producci\u00f3n medias y altas, mediante un sistema de alimentaci\u00f3n semiautom\u00e1tico o totalmente autom\u00e1tico.<\/p>","protected":false},"featured_media":3895,"comment_status":"open","ping_status":"closed","template":"","meta":{"uix_meta_title":"","uix_meta_description":"","uix_canonical_url":""},"product_brand":[],"product_cat":[105],"product_tag":[265,266,271],"class_list":{"0":"post-3931","1":"product","2":"type-product","3":"status-publish","4":"has-post-thumbnail","6":"product_cat-packaging","7":"product_tag-flowpack","8":"product_tag-flowwrapping","9":"product_tag-packaging-lines","11":"first","12":"instock","13":"shipping-taxable","14":"product-type-simple"},"_links":{"self":[{"href":"https:\/\/cormac.eu\/es\/wp-json\/wp\/v2\/product\/3931","targetHints":{"allow":["GET"]}}],"collection":[{"href":"https:\/\/cormac.eu\/es\/wp-json\/wp\/v2\/product"}],"about":[{"href":"https:\/\/cormac.eu\/es\/wp-json\/wp\/v2\/types\/product"}],"replies":[{"embeddable":true,"href":"https:\/\/cormac.eu\/es\/wp-json\/wp\/v2\/comments?post=3931"}],"wp:featuredmedia":[{"embeddable":true,"href":"https:\/\/cormac.eu\/es\/wp-json\/wp\/v2\/media\/3895"}],"wp:attachment":[{"href":"https:\/\/cormac.eu\/es\/wp-json\/wp\/v2\/media?parent=3931"}],"wp:term":[{"taxonomy":"product_brand","embeddable":true,"href":"https:\/\/cormac.eu\/es\/wp-json\/wp\/v2\/product_brand?post=3931"},{"taxonomy":"product_cat","embeddable":true,"href":"https:\/\/cormac.eu\/es\/wp-json\/wp\/v2\/product_cat?post=3931"},{"taxonomy":"product_tag","embeddable":true,"href":"https:\/\/cormac.eu\/es\/wp-json\/wp\/v2\/product_tag?post=3931"}],"curies":[{"name":"wp","href":"https:\/\/api.w.org\/{rel}","templated":true}]}}