{"id":3928,"date":"2023-05-18T22:24:24","date_gmt":"2023-05-18T20:24:24","guid":{"rendered":"https:\/\/cormac.eu\/?post_type=product&#038;p=3928"},"modified":"2023-05-18T22:33:28","modified_gmt":"2023-05-18T20:33:28","slug":"flowpack-maquina-pack-600","status":"publish","type":"product","link":"https:\/\/cormac.eu\/es\/product\/flowpack-machine-pack-600\/","title":{"rendered":"M\u00e1quina Flowpack - Pack 600"},"content":{"rendered":"<p>Esta m\u00e1quina flowpack pertenece a la serie 6 que dispone de un portabobinas inferior. Esta plataforma de dise\u00f1o se utiliza para m\u00faltiples configuraciones que, en combinaci\u00f3n con una amplia gama de accesorios, permiten adaptar la m\u00e1quina a muchos productos diferentes que deben envolverse en distintos entornos de producci\u00f3n. La m\u00e1quina puede suministrarse en diferentes versiones, como para soldadura en fr\u00edo o en caliente, con soldador\/cortador rotativo, en acero inoxidable y en ejecuci\u00f3n a derechas o a izquierdas. La m\u00e1quina puede suministrarse con diferentes sistemas de alimentaci\u00f3n adaptados.<\/p>\n<p>Rango de capacidad: 200- 600 piezas por minuto; 40 mts\/min.<\/p>\n<table style=\"height: 868px\" width=\"692\">\n<tbody>\n<tr>\n<td>\n<p style=\"text-align: center\"><strong>Caracter\u00edsticas<\/strong><\/p>\n<\/td>\n<td>\n<p style=\"text-align: center\"><strong>Beneficios<\/strong><\/p>\n<\/td>\n<\/tr>\n<tr>\n<td>Dise\u00f1o en voladizo<\/td>\n<td>\n<ul>\n<li>Buen acceso a todas las partes de la m\u00e1quina<\/li>\n<li>F\u00e1cil mantenimiento<\/li>\n<\/ul>\n<\/td>\n<\/tr>\n<tr>\n<td>Construcci\u00f3n modular<\/td>\n<td>\n<ul>\n<li>Adaptabilidad a las necesidades del cliente<\/li>\n<li>Gran flexibilidad<\/li>\n<\/ul>\n<\/td>\n<\/tr>\n<tr>\n<td>Cinta transportadora de pal\u00e9s<\/td>\n<td>\n<ul>\n<li>Distancia del empujador f\u00e1cil de ajustar<\/li>\n<li>sin herramientas<\/li>\n<\/ul>\n<\/td>\n<\/tr>\n<tr>\n<td>Portabobinas neum\u00e1tico<\/td>\n<td>\n<ul>\n<li>F\u00e1cil cambio de bobina<\/li>\n<li>Ajuste axial con la m\u00e1quina en marcha<\/li>\n<\/ul>\n<\/td>\n<\/tr>\n<tr>\n<td>Caja de conformado universal<\/td>\n<td>\n<ul>\n<li>Ajustable a diferentes tama\u00f1os de producto<\/li>\n<\/ul>\n<\/td>\n<\/tr>\n<tr>\n<td>Unidad modular de sellado longitudinal<\/td>\n<td>\n<ul>\n<li>1 par de ruedas de tracci\u00f3n en fr\u00edo<\/li>\n<li>2 pares de ruedas de sellado calefactadas<\/li>\n<li>1 par de ruedas plegables con sello de aleta c\u00f3nica<\/li>\n<\/ul>\n<\/td>\n<\/tr>\n<tr>\n<td>M\u00f3dulo de soldadura longitudinal<\/td>\n<td>\n<ul>\n<li>F\u00e1cil de limpiar<\/li>\n<li>F\u00e1cil de quitar\/sustituir<\/li>\n<\/ul>\n<\/td>\n<\/tr>\n<tr>\n<td>Cinta de salida con expulsi\u00f3n<\/td>\n<td>\n<ul>\n<li>Ajuste de velocidad variable<\/li>\n<li>detecci\u00f3n y rechazo de envoltorios vac\u00edos o dobles<\/li>\n<\/ul>\n<\/td>\n<\/tr>\n<tr>\n<td>\u00a0Pantalla t\u00e1ctil de 10,4<\/td>\n<td>\n<ul>\n<li>Control electr\u00f3nico total<\/li>\n<li>Funcionamiento intuitivo<\/li>\n<li>Todos los par\u00e1metros indicados<\/li>\n<li>Alarmas y advertencias visualizadas<\/li>\n<\/ul>\n<\/td>\n<\/tr>\n<\/tbody>\n<\/table>","protected":false},"excerpt":{"rendered":"<p>M\u00e1quina Flowpack para el envasado flowpack de productos irregulares o fr\u00e1giles a velocidades de producci\u00f3n medias y altas.<\/p>","protected":false},"featured_media":3894,"comment_status":"open","ping_status":"closed","template":"","meta":{"uix_meta_title":"","uix_meta_description":"","uix_canonical_url":""},"product_brand":[],"product_cat":[105],"product_tag":[265,266,271],"class_list":{"0":"post-3928","1":"product","2":"type-product","3":"status-publish","4":"has-post-thumbnail","6":"product_cat-packaging","7":"product_tag-flowpack","8":"product_tag-flowwrapping","9":"product_tag-packaging-lines","11":"first","12":"instock","13":"shipping-taxable","14":"product-type-simple"},"_links":{"self":[{"href":"https:\/\/cormac.eu\/es\/wp-json\/wp\/v2\/product\/3928","targetHints":{"allow":["GET"]}}],"collection":[{"href":"https:\/\/cormac.eu\/es\/wp-json\/wp\/v2\/product"}],"about":[{"href":"https:\/\/cormac.eu\/es\/wp-json\/wp\/v2\/types\/product"}],"replies":[{"embeddable":true,"href":"https:\/\/cormac.eu\/es\/wp-json\/wp\/v2\/comments?post=3928"}],"wp:featuredmedia":[{"embeddable":true,"href":"https:\/\/cormac.eu\/es\/wp-json\/wp\/v2\/media\/3894"}],"wp:attachment":[{"href":"https:\/\/cormac.eu\/es\/wp-json\/wp\/v2\/media?parent=3928"}],"wp:term":[{"taxonomy":"product_brand","embeddable":true,"href":"https:\/\/cormac.eu\/es\/wp-json\/wp\/v2\/product_brand?post=3928"},{"taxonomy":"product_cat","embeddable":true,"href":"https:\/\/cormac.eu\/es\/wp-json\/wp\/v2\/product_cat?post=3928"},{"taxonomy":"product_tag","embeddable":true,"href":"https:\/\/cormac.eu\/es\/wp-json\/wp\/v2\/product_tag?post=3928"}],"curies":[{"name":"wp","href":"https:\/\/api.w.org\/{rel}","templated":true}]}}