{"id":3927,"date":"2023-05-18T22:15:35","date_gmt":"2023-05-18T20:15:35","guid":{"rendered":"https:\/\/cormac.eu\/?post_type=product&#038;p=3927"},"modified":"2023-05-19T11:00:29","modified_gmt":"2023-05-19T09:00:29","slug":"flowpack-machine-pack-60","status":"publish","type":"product","link":"https:\/\/cormac.eu\/es\/product\/flowpack-machine-pack-60\/","title":{"rendered":"Flowpack machine &#8211; Pack 60"},"content":{"rendered":"<p>This flowpack machie belongs to the 6-series which have a bottom film reel holder.<br \/>\nThis design platform is used for multiple configurations which, in combination with a broad range of accessories allow for the machine to be adapted to many different products to be wrapped in different production environments.<br \/>\nThe machine can be delivered in different\u00a0 versions such as for heat or cold seal, with rotary sealer\/cutter, in stainless steel and in right or left hand execution.<br \/>\nThe machine can be delivered witth different customised feeding systems.<\/p>\n<p><strong>Rango de capacidad<\/strong>: 100- 300 pieces per minute; 30 mts\/min<\/p>\n<p>&nbsp;<\/p>\n<table style=\"height: 742px\" width=\"638\">\n<tbody>\n<tr>\n<td>\n<p style=\"text-align: center\"><strong>Caracter\u00edsticas<\/strong><\/p>\n<\/td>\n<td>\n<p style=\"text-align: center\"><strong>Beneficios<\/strong><\/p>\n<\/td>\n<\/tr>\n<tr>\n<td>Dise\u00f1o en voladizo<\/td>\n<td>\n<ul>\n<li>Buen acceso a todas las partes de la m\u00e1quina<\/li>\n<li>F\u00e1cil mantenimiento<\/li>\n<\/ul>\n<\/td>\n<\/tr>\n<tr>\n<td>Construcci\u00f3n modular<\/td>\n<td>\n<ul>\n<li>Adaptabilidad a las necesidades del cliente<\/li>\n<li>gran flexibilidad<\/li>\n<\/ul>\n<\/td>\n<\/tr>\n<tr>\n<td>Portabobinas neum\u00e1tico<\/td>\n<td>\n<ul>\n<li>F\u00e1cil cambio de bobina<\/li>\n<li>Ajuste axial con la m\u00e1quina en marcha<\/li>\n<\/ul>\n<\/td>\n<\/tr>\n<tr>\n<td>Caja de conformado universal<\/td>\n<td>\n<ul>\n<li>Ajustable a diferentes tama\u00f1os de producto<\/li>\n<\/ul>\n<\/td>\n<\/tr>\n<tr>\n<td>Unidad modular de sellado longitudinal<\/td>\n<td>\n<ul>\n<li>1 par de ruedas de tracci\u00f3n en fr\u00edo<\/li>\n<li>2 pares de ruedas de sellado calefactadas<\/li>\n<li>1 par de ruedas plegables con sello de aleta c\u00f3nica<\/li>\n<\/ul>\n<\/td>\n<\/tr>\n<tr>\n<td>Caja de conformado universal<\/td>\n<td>\n<ul>\n<li>Ajustable a diferentes tama\u00f1os de producto<\/li>\n<\/ul>\n<\/td>\n<\/tr>\n<tr>\n<td>Cinta de salida de velocidad variable<\/td>\n<td>\n<ul>\n<li>Ajustable a la velocidad de envoltura<\/li>\n<\/ul>\n<\/td>\n<\/tr>\n<tr>\n<td>\u00a0Pantalla t\u00e1ctil de 10,4<\/td>\n<td>\n<ul>\n<li>Control electr\u00f3nico total<\/li>\n<li>Funcionamiento intuitivo<\/li>\n<li>Almacenamiento de par\u00e1metros<\/li>\n<li>Alarmas y advertencias visualizadas<\/li>\n<\/ul>\n<\/td>\n<\/tr>\n<\/tbody>\n<\/table>","protected":false},"excerpt":{"rendered":"<p>M\u00e1quina Flowpack para el envasado flowpack de productos irregulares o fr\u00e1giles a velocidades de producci\u00f3n bajas o medias.<\/p>","protected":false},"featured_media":3891,"comment_status":"open","ping_status":"closed","template":"","meta":{"uix_meta_title":"","uix_meta_description":"","uix_canonical_url":""},"product_brand":[],"product_cat":[105],"product_tag":[274,265,266],"class_list":{"0":"post-3927","1":"product","2":"type-product","3":"status-publish","4":"has-post-thumbnail","6":"product_cat-packaging","7":"product_tag-complete-packaging-lines","8":"product_tag-flowpack","9":"product_tag-flowwrapping","11":"first","12":"instock","13":"shipping-taxable","14":"product-type-simple"},"_links":{"self":[{"href":"https:\/\/cormac.eu\/es\/wp-json\/wp\/v2\/product\/3927","targetHints":{"allow":["GET"]}}],"collection":[{"href":"https:\/\/cormac.eu\/es\/wp-json\/wp\/v2\/product"}],"about":[{"href":"https:\/\/cormac.eu\/es\/wp-json\/wp\/v2\/types\/product"}],"replies":[{"embeddable":true,"href":"https:\/\/cormac.eu\/es\/wp-json\/wp\/v2\/comments?post=3927"}],"wp:featuredmedia":[{"embeddable":true,"href":"https:\/\/cormac.eu\/es\/wp-json\/wp\/v2\/media\/3891"}],"wp:attachment":[{"href":"https:\/\/cormac.eu\/es\/wp-json\/wp\/v2\/media?parent=3927"}],"wp:term":[{"taxonomy":"product_brand","embeddable":true,"href":"https:\/\/cormac.eu\/es\/wp-json\/wp\/v2\/product_brand?post=3927"},{"taxonomy":"product_cat","embeddable":true,"href":"https:\/\/cormac.eu\/es\/wp-json\/wp\/v2\/product_cat?post=3927"},{"taxonomy":"product_tag","embeddable":true,"href":"https:\/\/cormac.eu\/es\/wp-json\/wp\/v2\/product_tag?post=3927"}],"curies":[{"name":"wp","href":"https:\/\/api.w.org\/{rel}","templated":true}]}}