{"id":3911,"date":"2023-05-18T20:55:48","date_gmt":"2023-05-18T18:55:48","guid":{"rendered":"https:\/\/cormac.eu\/?post_type=product&#038;p=3911"},"modified":"2023-05-19T11:03:43","modified_gmt":"2023-05-19T09:03:43","slug":"flowpack-maquina-pack-30","status":"publish","type":"product","link":"https:\/\/cormac.eu\/es\/product\/flowpack-machine-pack-30\/","title":{"rendered":"M\u00e1quina Flowpack - Pack 30"},"content":{"rendered":"<p>M\u00e1quina Flowpack de la \"serie 3\" que dispone de portabobinas superior e inferior. Esta plataforma de dise\u00f1o se utiliza para m\u00faltiples configuraciones que, en combinaci\u00f3n con una amplia gama de accesorios, permite adaptar la m\u00e1quina a muchos productos diferentes que deben envolverse en distintos entornos de producci\u00f3n. La m\u00e1quina puede entregarse en diferentes versiones, como para soldadura en fr\u00edo o en caliente, con selladora\/cortadora rotativa, en acero inoxidable y en ejecuci\u00f3n a derechas o a izquierdas. La m\u00e1quina puede suministrarse con diferentes sistemas de alimentaci\u00f3n personalizados.<\/p>\n<p><strong>Rango de capacidad:<\/strong> 100-300 ppm ; 30 mts\/min<\/p>\n<p>&nbsp;<\/p>\n<table style=\"height: 599px\" width=\"627\">\n<tbody>\n<tr>\n<td><strong>Caracter\u00edsticas<\/strong><\/td>\n<td><strong>Beneficios<\/strong><\/td>\n<\/tr>\n<tr>\n<td>Dise\u00f1o en voladizo<\/td>\n<td>\n<ul>\n<li>Buen acceso a todas las partes de la m\u00e1quina<\/li>\n<li>F\u00e1cil mantenimiento<\/li>\n<\/ul>\n<\/td>\n<\/tr>\n<tr>\n<td>Construcci\u00f3n modular<\/td>\n<td>\n<ul>\n<li>Adaptabilidad a las necesidades del cliente<\/li>\n<li>gran flexibilidad<\/li>\n<\/ul>\n<\/td>\n<\/tr>\n<tr>\n<td>Portabobinas neum\u00e1tico<\/td>\n<td>\n<ul>\n<li>F\u00e1cil cambio de bobina<\/li>\n<li>Ajuste axial con la m\u00e1quina en marcha<\/li>\n<\/ul>\n<\/td>\n<\/tr>\n<tr>\n<td>Unidad modular de sellado longitudinal<\/td>\n<td>\n<ul>\n<li>1 par de ruedas de tracci\u00f3n en fr\u00edo<\/li>\n<li>2 pares de ruedas de sellado calefactadas<\/li>\n<li>1 par de ruedas plegables con sello de aleta c\u00f3nica<\/li>\n<\/ul>\n<\/td>\n<\/tr>\n<tr>\n<td>Cinta de salida<\/td>\n<td>\n<ul>\n<li>Ajuste de velocidad variable<\/li>\n<\/ul>\n<\/td>\n<\/tr>\n<tr>\n<td>\u00a0Pantalla t\u00e1ctil de 10,4<\/td>\n<td>\n<ul>\n<li>Control electr\u00f3nico total<\/li>\n<li>Funcionamiento intuitivo<\/li>\n<li>Almacenamiento y visualizaci\u00f3n de par\u00e1metros<\/li>\n<li>Alarmas y avisos<\/li>\n<\/ul>\n<\/td>\n<\/tr>\n<\/tbody>\n<\/table>","protected":false},"excerpt":{"rendered":"<p>M\u00e1quina Flowpack para el envasado flowpack de productos planos a velocidades bajas y medias.<\/p>","protected":false},"featured_media":3890,"comment_status":"open","ping_status":"closed","template":"","meta":{"uix_meta_title":"","uix_meta_description":"","uix_canonical_url":""},"product_brand":[],"product_cat":[105],"product_tag":[265,266],"class_list":{"0":"post-3911","1":"product","2":"type-product","3":"status-publish","4":"has-post-thumbnail","6":"product_cat-packaging","7":"product_tag-flowpack","8":"product_tag-flowwrapping","10":"first","11":"instock","12":"shipping-taxable","13":"product-type-simple"},"_links":{"self":[{"href":"https:\/\/cormac.eu\/es\/wp-json\/wp\/v2\/product\/3911","targetHints":{"allow":["GET"]}}],"collection":[{"href":"https:\/\/cormac.eu\/es\/wp-json\/wp\/v2\/product"}],"about":[{"href":"https:\/\/cormac.eu\/es\/wp-json\/wp\/v2\/types\/product"}],"replies":[{"embeddable":true,"href":"https:\/\/cormac.eu\/es\/wp-json\/wp\/v2\/comments?post=3911"}],"wp:featuredmedia":[{"embeddable":true,"href":"https:\/\/cormac.eu\/es\/wp-json\/wp\/v2\/media\/3890"}],"wp:attachment":[{"href":"https:\/\/cormac.eu\/es\/wp-json\/wp\/v2\/media?parent=3911"}],"wp:term":[{"taxonomy":"product_brand","embeddable":true,"href":"https:\/\/cormac.eu\/es\/wp-json\/wp\/v2\/product_brand?post=3911"},{"taxonomy":"product_cat","embeddable":true,"href":"https:\/\/cormac.eu\/es\/wp-json\/wp\/v2\/product_cat?post=3911"},{"taxonomy":"product_tag","embeddable":true,"href":"https:\/\/cormac.eu\/es\/wp-json\/wp\/v2\/product_tag?post=3911"}],"curies":[{"name":"wp","href":"https:\/\/api.w.org\/{rel}","templated":true}]}}