{"id":3783,"date":"2023-03-05T16:29:34","date_gmt":"2023-03-05T15:29:34","guid":{"rendered":"https:\/\/cormac.eu\/?post_type=product&#038;p=3783"},"modified":"2023-03-05T16:33:43","modified_gmt":"2023-03-05T15:33:43","slug":"sistema-de-paletizacion-de-cajas-y-fardos-2","status":"publish","type":"product","link":"https:\/\/cormac.eu\/es\/product\/palletizing-system-for-cases-and-bundles\/","title":{"rendered":"Sistema de paletizaci\u00f3n para cajas y fardos"},"content":{"rendered":"<p>La gama de paletizadores incluye paletizadores autom\u00e1ticos de alto y bajo nivel para pal\u00e9s fijos o m\u00f3viles. Estos sistemas se adaptan totalmente a las necesidades del cliente. Pueden dise\u00f1arse con una huella grande o peque\u00f1a en funci\u00f3n del espacio disponible.<br \/>\nPueden equiparse con dispositivos de alimentaci\u00f3n simple, doble o triple y de formaci\u00f3n de capas con empujador simple o doble, bloques o con robots. La mayor\u00eda de los sistemas pueden programarse para ajustarse autom\u00e1ticamente a distintos tama\u00f1os de producto.<\/p>\n<p>&nbsp;<\/p>\n<table width=\"528\">\n<tbody>\n<tr>\n<td width=\"528\"><strong>Caracter\u00edsticas<\/strong><\/td>\n<\/tr>\n<tr>\n<td>Sistemas para pal\u00e9s m\u00f3viles o fijos<\/td>\n<\/tr>\n<tr>\n<td>Sistema de transferencia de capas a 90<\/td>\n<\/tr>\n<tr>\n<td>Transportadores de alimentaci\u00f3n de alto o bajo nivel<\/td>\n<\/tr>\n<tr>\n<td>Regulaci\u00f3n autom\u00e1tica del tama\u00f1o del producto<\/td>\n<\/tr>\n<tr>\n<td>Adaptado a las necesidades del cliente<\/td>\n<\/tr>\n<\/tbody>\n<\/table>\n<p>&nbsp;<\/p>\n<p><strong>Capacidades para diferentes sistemas<\/strong><\/p>\n<table style=\"height: 707px\" width=\"616\">\n<tbody>\n<tr>\n<td width=\"172\"><strong>Sistema de paletizaci\u00f3n<\/strong><\/td>\n<td width=\"57\">\n<p style=\"text-align: center\"><strong>Pal\u00e9<\/strong><\/p>\n<\/td>\n<td colspan=\"2\" width=\"131\">\n<p style=\"text-align: center\"><strong>Velocidad de producci\u00f3n<\/strong><\/p>\n<\/td>\n<\/tr>\n<tr>\n<td width=\"172\"><\/td>\n<td width=\"57\"><\/td>\n<td width=\"67\">\n<p style=\"text-align: center\"><strong>CMP<\/strong><\/p>\n<\/td>\n<td width=\"64\">\n<p style=\"text-align: center\"><strong>SPM<\/strong><\/p>\n<\/td>\n<\/tr>\n<tr>\n<td width=\"172\">Nivel bajo compacto<\/td>\n<td width=\"57\">\n<p style=\"text-align: center\">\n<\/td>\n<td style=\"text-align: center\" width=\"67\">25<\/td>\n<td width=\"64\">\n<p style=\"text-align: center\">2,5<\/p>\n<\/td>\n<\/tr>\n<tr>\n<td width=\"172\">Isla rob\u00f3tica compacta<\/td>\n<td width=\"57\">\n<p style=\"text-align: center\">\n<\/td>\n<td style=\"text-align: center\" width=\"67\">25<\/td>\n<td width=\"64\">\n<p style=\"text-align: center\">2,5<\/p>\n<\/td>\n<\/tr>\n<tr>\n<td width=\"172\">Isla rob\u00f3tica<\/td>\n<td width=\"57\">\n<p style=\"text-align: center\">\n<\/td>\n<td style=\"text-align: center\" width=\"67\">25<\/td>\n<td width=\"64\">\n<p style=\"text-align: center\">2,5<\/p>\n<\/td>\n<\/tr>\n<tr>\n<td width=\"172\">Compacto de alto nivel<\/td>\n<td width=\"57\">\n<p style=\"text-align: center\">\n<\/td>\n<td style=\"text-align: center\" width=\"67\">40<\/td>\n<td width=\"64\">\n<p style=\"text-align: center\">4<\/p>\n<\/td>\n<\/tr>\n<tr>\n<td width=\"172\">Multimarca de alto nivel<\/td>\n<td width=\"57\">\n<p style=\"text-align: center\">fijo<\/p>\n<\/td>\n<td style=\"text-align: center\" width=\"67\">40<\/td>\n<td width=\"64\">\n<p style=\"text-align: center\">4,5<\/p>\n<\/td>\n<\/tr>\n<tr>\n<td width=\"172\">Sistema rob\u00f3tico<\/td>\n<td width=\"57\">\n<p style=\"text-align: center\">\n<\/td>\n<td style=\"text-align: center\" width=\"67\">60<\/td>\n<td width=\"64\">\n<p style=\"text-align: center\">4,5<\/p>\n<\/td>\n<\/tr>\n<tr>\n<td width=\"172\">Entrada de alto nivel<\/td>\n<td width=\"57\">\n<p style=\"text-align: center\">fijo<\/p>\n<\/td>\n<td style=\"text-align: center\" width=\"67\">60<\/td>\n<td style=\"text-align: center\" width=\"64\">4,5<\/td>\n<\/tr>\n<tr>\n<td width=\"172\">Entrada de alto nivel<\/td>\n<td width=\"57\">\n<p style=\"text-align: center\">m\u00f3vil<\/p>\n<\/td>\n<td style=\"text-align: center\" width=\"67\">120<\/td>\n<td width=\"64\">\n<p style=\"text-align: center\">8<\/p>\n<\/td>\n<\/tr>\n<tr>\n<td width=\"172\">Entrada de alto nivel<\/td>\n<td width=\"57\">\n<p style=\"text-align: center\">\n<\/td>\n<td style=\"text-align: center\" width=\"67\">140<\/td>\n<td width=\"64\">\n<p style=\"text-align: center\">11<\/p>\n<\/td>\n<\/tr>\n<\/tbody>\n<\/table>","protected":false},"excerpt":{"rendered":"<p>Sistema de paletizado autom\u00e1tico personalizado para cajas y fardos de baja, media y alta capacidad.<\/p>","protected":false},"featured_media":3785,"comment_status":"open","ping_status":"closed","template":"","meta":{"uix_meta_title":"","uix_meta_description":"","uix_canonical_url":""},"product_brand":[],"product_cat":[257],"product_tag":[],"class_list":{"0":"post-3783","1":"product","2":"type-product","3":"status-publish","4":"has-post-thumbnail","6":"product_cat-end-of-line-packaging","8":"first","9":"instock","10":"shipping-taxable","11":"product-type-simple"},"_links":{"self":[{"href":"https:\/\/cormac.eu\/es\/wp-json\/wp\/v2\/product\/3783","targetHints":{"allow":["GET"]}}],"collection":[{"href":"https:\/\/cormac.eu\/es\/wp-json\/wp\/v2\/product"}],"about":[{"href":"https:\/\/cormac.eu\/es\/wp-json\/wp\/v2\/types\/product"}],"replies":[{"embeddable":true,"href":"https:\/\/cormac.eu\/es\/wp-json\/wp\/v2\/comments?post=3783"}],"wp:featuredmedia":[{"embeddable":true,"href":"https:\/\/cormac.eu\/es\/wp-json\/wp\/v2\/media\/3785"}],"wp:attachment":[{"href":"https:\/\/cormac.eu\/es\/wp-json\/wp\/v2\/media?parent=3783"}],"wp:term":[{"taxonomy":"product_brand","embeddable":true,"href":"https:\/\/cormac.eu\/es\/wp-json\/wp\/v2\/product_brand?post=3783"},{"taxonomy":"product_cat","embeddable":true,"href":"https:\/\/cormac.eu\/es\/wp-json\/wp\/v2\/product_cat?post=3783"},{"taxonomy":"product_tag","embeddable":true,"href":"https:\/\/cormac.eu\/es\/wp-json\/wp\/v2\/product_tag?post=3783"}],"curies":[{"name":"wp","href":"https:\/\/api.w.org\/{rel}","templated":true}]}}