{"id":3775,"date":"2023-03-03T17:50:36","date_gmt":"2023-03-03T16:50:36","guid":{"rendered":"https:\/\/cormac.eu\/?post_type=product&#038;p=3775"},"modified":"2023-03-03T18:08:03","modified_gmt":"2023-03-03T17:08:03","slug":"tostador-de-cafe-profesional-2","status":"publish","type":"product","link":"https:\/\/cormac.eu\/es\/product\/shop-coffee-roaster-professional\/","title":{"rendered":"Tostadora para cafeter\u00edas (profesional)"},"content":{"rendered":"<p>Tostadores de caf\u00e9 con tecnolog\u00eda para visualizar la curva de calor del producto durante el proceso de tostado. Las curvas de tueste ideales para cada producto pueden dise\u00f1arse mediante un potenci\u00f3metro o mediante la introducci\u00f3n de datos. Adicionalmente el control autom\u00e1tico e inteligente de la temperatura permite almacenar la curva de tueste ideal para un determinado producto de forma que \u00e9sta pueda ser reproducida de forma f\u00e1cil y exacta, incluso en el caso de que se produzcan diferencias como la introducci\u00f3n de una cantidad diferente de producto, una temperatura ambiente mayor o menor, una diferencia en la humedad o la temperatura del producto verde, etc. Los tostadores de caf\u00e9 est\u00e1n equipados con una pantalla t\u00e1ctil, quemadores modulantes y un m\u00f3dulo WI-FI para la supervisi\u00f3n y el control remotos desde un tel\u00e9fono m\u00f3vil, una tableta o un PC. Esta se\u00f1al se puede proyectar a distancia a los clientes para que puedan seguir en directo la curva de tueste de su producto certificando que su producto se est\u00e1 tostando de forma \u00f3ptima.<\/p>\n<table width=\"586\">\n<tbody>\n<tr>\n<td colspan=\"2\" width=\"586\"><strong>Caracter\u00edsticas<\/strong><\/td>\n<\/tr>\n<tr>\n<td width=\"292\">PLC y pantalla t\u00e1ctil Schneider<\/td>\n<td width=\"293\">Dep\u00f3sito de c\u00e1scaras<\/td>\n<\/tr>\n<tr>\n<td width=\"292\">Tolva de carga<\/td>\n<td width=\"293\">Limpieza de la puerta del refrigerador<\/td>\n<\/tr>\n<tr>\n<td width=\"292\">Control inteligente del tueste<\/td>\n<td width=\"293\">\u00a0Decantador independiente<\/td>\n<\/tr>\n<tr>\n<td width=\"292\">Enfriador de succi\u00f3n<\/td>\n<td width=\"293\">Quemador<\/td>\n<\/tr>\n<tr>\n<td width=\"292\">Muestreo<\/td>\n<td width=\"293\"><\/td>\n<\/tr>\n<\/tbody>\n<\/table>\n<p>&nbsp;<\/p>\n<table width=\"586\">\n<tbody>\n<tr>\n<td width=\"292\"><strong>Ficha t\u00e9cnica<\/strong><\/td>\n<td width=\"293\"><\/td>\n<\/tr>\n<tr>\n<td width=\"292\">Capacidad<\/td>\n<td width=\"293\">6-8 kg\/h<\/td>\n<\/tr>\n<tr>\n<td width=\"292\">Dimensiones<\/td>\n<td width=\"293\">Largo 99 x Ancho 80 x Alto 94 cm<\/td>\n<\/tr>\n<tr>\n<td width=\"292\">Energ\u00eda<\/td>\n<td width=\"293\">* Gas natural: de 0,2 a 0,4 m3\/h<br \/>\n* Gas butano: de 0,1 a 0,3 kg\/h<\/td>\n<\/tr>\n<tr>\n<td width=\"292\">Potencia calor\u00edfica m\u00e1xima<\/td>\n<td width=\"293\">\u00a05.000 Kcal \/ hr<\/td>\n<\/tr>\n<tr>\n<td width=\"292\">Tensi\u00f3n<\/td>\n<td width=\"293\">\u00a0220 V 50\/60 Hz<\/td>\n<\/tr>\n<tr>\n<td width=\"292\">Potencia<\/td>\n<td width=\"293\">0,5 kW<\/td>\n<\/tr>\n<tr>\n<td width=\"292\">Peso<\/td>\n<td width=\"293\">85 Kg<\/td>\n<\/tr>\n<\/tbody>\n<\/table>","protected":false},"excerpt":{"rendered":"<p>Tostadora de caf\u00e9 profesional para tiendas y peque\u00f1as instalaciones<\/p>","protected":false},"featured_media":3774,"comment_status":"open","ping_status":"closed","template":"","meta":{"uix_meta_title":"","uix_meta_description":"","uix_canonical_url":""},"product_brand":[],"product_cat":[107,104],"product_tag":[],"class_list":{"0":"post-3775","1":"product","2":"type-product","3":"status-publish","4":"has-post-thumbnail","6":"product_cat-artisanal","7":"product_cat-processing","9":"first","10":"instock","11":"shipping-taxable","12":"product-type-simple"},"_links":{"self":[{"href":"https:\/\/cormac.eu\/es\/wp-json\/wp\/v2\/product\/3775","targetHints":{"allow":["GET"]}}],"collection":[{"href":"https:\/\/cormac.eu\/es\/wp-json\/wp\/v2\/product"}],"about":[{"href":"https:\/\/cormac.eu\/es\/wp-json\/wp\/v2\/types\/product"}],"replies":[{"embeddable":true,"href":"https:\/\/cormac.eu\/es\/wp-json\/wp\/v2\/comments?post=3775"}],"wp:featuredmedia":[{"embeddable":true,"href":"https:\/\/cormac.eu\/es\/wp-json\/wp\/v2\/media\/3774"}],"wp:attachment":[{"href":"https:\/\/cormac.eu\/es\/wp-json\/wp\/v2\/media?parent=3775"}],"wp:term":[{"taxonomy":"product_brand","embeddable":true,"href":"https:\/\/cormac.eu\/es\/wp-json\/wp\/v2\/product_brand?post=3775"},{"taxonomy":"product_cat","embeddable":true,"href":"https:\/\/cormac.eu\/es\/wp-json\/wp\/v2\/product_cat?post=3775"},{"taxonomy":"product_tag","embeddable":true,"href":"https:\/\/cormac.eu\/es\/wp-json\/wp\/v2\/product_tag?post=3775"}],"curies":[{"name":"wp","href":"https:\/\/api.w.org\/{rel}","templated":true}]}}