{"id":3773,"date":"2023-03-03T17:22:34","date_gmt":"2023-03-03T16:22:34","guid":{"rendered":"https:\/\/cormac.eu\/?post_type=product&#038;p=3773"},"modified":"2023-03-03T17:25:32","modified_gmt":"2023-03-03T16:25:32","slug":"cafetera-tostadora-mediana","status":"publish","type":"product","link":"https:\/\/cormac.eu\/es\/product\/coffee-shop-roasting-machine-medium\/","title":{"rendered":"Tostadora para cafeter\u00edas (mediana)"},"content":{"rendered":"<p>Esta tostadora es adecuada para puntos de venta de caf\u00e9 o instalaciones de producci\u00f3n artesanal. Puede tostar no s\u00f3lo granos de caf\u00e9 verde, sino tambi\u00e9n otros productos, como cereales y frutos secos. Es f\u00e1cil de manejar y no requiere mucho mantenimiento. La calidad del tueste ser\u00e1 excelente y el efecto de tueste ser\u00e1 constante con un punto de tueste estable.<\/p>\n<table width=\"586\">\n<tbody>\n<tr>\n<td colspan=\"2\" width=\"586\"><strong>Caracter\u00edsticas<\/strong><\/td>\n<\/tr>\n<tr>\n<td width=\"292\">Enfriador con aspiraci\u00f3n<\/td>\n<td width=\"293\">Contenedor de muestras<\/td>\n<\/tr>\n<tr>\n<td width=\"292\">Pintura negra brillante con detalles dorados<\/td>\n<td width=\"293\">Aspecto elegante<\/td>\n<\/tr>\n<tr>\n<td width=\"292\">Bajo mantenimiento<\/td>\n<td width=\"293\">F\u00e1cil instalaci\u00f3n<\/td>\n<\/tr>\n<tr>\n<td width=\"292\">Cargar tolva<\/td>\n<td width=\"293\">Termostato digital<\/td>\n<\/tr>\n<tr>\n<td width=\"292\">Caj\u00f3n de paja<\/td>\n<td width=\"293\">Contenedor de muestras<\/td>\n<\/tr>\n<\/tbody>\n<\/table>\n<p>&nbsp;<\/p>\n<table width=\"586\">\n<tbody>\n<tr>\n<td width=\"292\"><strong>Ficha t\u00e9cnica<\/strong><\/td>\n<td width=\"293\">&nbsp;<\/td>\n<\/tr>\n<tr>\n<td width=\"292\">Capacidad<\/td>\n<td width=\"293\">6-8 kg \/ h<\/td>\n<\/tr>\n<tr>\n<td width=\"292\">Dimensiones<\/td>\n<td width=\"293\">96 x 46 x 82 cm<\/td>\n<\/tr>\n<tr>\n<td width=\"292\">Peso<\/td>\n<td width=\"293\">79 kg<\/td>\n<\/tr>\n<tr>\n<td width=\"292\">Tensi\u00f3n<\/td>\n<td width=\"293\">220V 50 Hz<\/td>\n<\/tr>\n<tr>\n<td width=\"292\">potencia<\/td>\n<td width=\"293\">2,84 kW ; consumo 12,9 A<\/td>\n<\/tr>\n<\/tbody>\n<\/table>","protected":false},"excerpt":{"rendered":"<p>Tostador para cafeter\u00edas, adecuado como tostador de muestra o para ser utilizado por tiendas especializadas que desean tostar el caf\u00e9 delante del cliente.<\/p>\n<p>&nbsp;<\/p>","protected":false},"featured_media":3771,"comment_status":"open","ping_status":"closed","template":"","meta":{"uix_meta_title":"","uix_meta_description":"","uix_canonical_url":""},"product_brand":[],"product_cat":[107],"product_tag":[],"class_list":{"0":"post-3773","1":"product","2":"type-product","3":"status-publish","4":"has-post-thumbnail","6":"product_cat-artisanal","8":"first","9":"instock","10":"shipping-taxable","11":"product-type-simple"},"_links":{"self":[{"href":"https:\/\/cormac.eu\/es\/wp-json\/wp\/v2\/product\/3773","targetHints":{"allow":["GET"]}}],"collection":[{"href":"https:\/\/cormac.eu\/es\/wp-json\/wp\/v2\/product"}],"about":[{"href":"https:\/\/cormac.eu\/es\/wp-json\/wp\/v2\/types\/product"}],"replies":[{"embeddable":true,"href":"https:\/\/cormac.eu\/es\/wp-json\/wp\/v2\/comments?post=3773"}],"wp:featuredmedia":[{"embeddable":true,"href":"https:\/\/cormac.eu\/es\/wp-json\/wp\/v2\/media\/3771"}],"wp:attachment":[{"href":"https:\/\/cormac.eu\/es\/wp-json\/wp\/v2\/media?parent=3773"}],"wp:term":[{"taxonomy":"product_brand","embeddable":true,"href":"https:\/\/cormac.eu\/es\/wp-json\/wp\/v2\/product_brand?post=3773"},{"taxonomy":"product_cat","embeddable":true,"href":"https:\/\/cormac.eu\/es\/wp-json\/wp\/v2\/product_cat?post=3773"},{"taxonomy":"product_tag","embeddable":true,"href":"https:\/\/cormac.eu\/es\/wp-json\/wp\/v2\/product_tag?post=3773"}],"curies":[{"name":"wp","href":"https:\/\/api.w.org\/{rel}","templated":true}]}}