{"id":3769,"date":"2023-03-03T16:49:01","date_gmt":"2023-03-03T15:49:01","guid":{"rendered":"https:\/\/cormac.eu\/?post_type=product&#038;p=3769"},"modified":"2023-03-03T16:59:06","modified_gmt":"2023-03-03T15:59:06","slug":"molinillo-de-cafe-industrial-2","status":"publish","type":"product","link":"https:\/\/cormac.eu\/es\/product\/industrial-coffee-grinder-2\/","title":{"rendered":"Molinillo de caf\u00e9 industrial (mediano)"},"content":{"rendered":"<p>Molinillo de caf\u00e9 industrial, especialmente dise\u00f1ado para producciones medianas y grandes. El dise\u00f1o especial de los discos de molienda asegura un molido completo y uniforme. La m\u00e1quina se regula f\u00e1cilmente girando la parte circular superior , variando as\u00ed el grado de molienda. En el interior de la c\u00e1mara de molienda, los eyectores realizan la mezcla, as\u00ed como la trituraci\u00f3n de las virutas que pudieran ser molidas. La c\u00e1mara de molienda est\u00e1 ventilada por aire, lo que evita el sobrecalentamiento del caf\u00e9 y permite obtener una calidad y un aroma \u00f3ptimos. La temperatura del caf\u00e9 se controla mediante una sonda. Esta m\u00e1quina puede moler f\u00e1cilmente caf\u00e9 desde muy fino hasta grueso y puede trabajar de forma continua durante muchas horas seguidas. La m\u00e1quina est\u00e1 refrigerada por aire y dispone de un sistema de ventilaci\u00f3n para evitar que el caf\u00e9 se caliente.<\/p>\n<p>&nbsp;<\/p>\n<table width=\"586\">\n<tbody>\n<tr>\n<td colspan=\"2\" width=\"586\"><strong>Caracter\u00edsticas<\/strong><\/td>\n<\/tr>\n<tr>\n<td width=\"283\">Tolva de carga<\/td>\n<td width=\"303\">Puerta de limpieza<\/td>\n<\/tr>\n<tr>\n<td width=\"283\">Im\u00e1n de neodimio<\/td>\n<td width=\"303\">Motor y poleas motrices<\/td>\n<\/tr>\n<tr>\n<td width=\"283\">Registro manual<\/td>\n<td width=\"303\">Protecci\u00f3n t\u00e9rmica<\/td>\n<\/tr>\n<tr>\n<td width=\"283\">Circuito de ventilaci\u00f3n<\/td>\n<td width=\"303\">Centralita<\/td>\n<\/tr>\n<tr>\n<td width=\"283\">Discos de dureza especial Halb platte<\/td>\n<td width=\"303\">Term\u00f3metro<\/td>\n<\/tr>\n<tr>\n<td width=\"283\">Chasis monobloque<\/td>\n<td width=\"303\">Sonda de temperatura<\/td>\n<\/tr>\n<\/tbody>\n<\/table>\n<p>&nbsp;<\/p>\n<table width=\"586\">\n<tbody>\n<tr>\n<td><strong>Ficha t\u00e9cnica<\/strong><\/td>\n<td><\/td>\n<\/tr>\n<tr>\n<td>Capacidad<\/td>\n<td>300 - 600 Kg\/hora<\/td>\n<\/tr>\n<tr>\n<td>Potencia<\/td>\n<td>12 CV<\/td>\n<\/tr>\n<tr>\n<td>Tensi\u00f3n<\/td>\n<td>Trif\u00e1sico 230\/400V 50Hz<\/td>\n<\/tr>\n<\/tbody>\n<\/table>","protected":false},"excerpt":{"rendered":"<p>Molinillo de caf\u00e9 de disco para producciones medianas y grandes con ajustes sencillos para moler el caf\u00e9 de muy fino a grueso.<\/p>","protected":false},"featured_media":3767,"comment_status":"open","ping_status":"closed","template":"","meta":{"uix_meta_title":"","uix_meta_description":"","uix_canonical_url":""},"product_brand":[],"product_cat":[104],"product_tag":[],"class_list":{"0":"post-3769","1":"product","2":"type-product","3":"status-publish","4":"has-post-thumbnail","6":"product_cat-processing","8":"first","9":"instock","10":"shipping-taxable","11":"product-type-simple"},"_links":{"self":[{"href":"https:\/\/cormac.eu\/es\/wp-json\/wp\/v2\/product\/3769","targetHints":{"allow":["GET"]}}],"collection":[{"href":"https:\/\/cormac.eu\/es\/wp-json\/wp\/v2\/product"}],"about":[{"href":"https:\/\/cormac.eu\/es\/wp-json\/wp\/v2\/types\/product"}],"replies":[{"embeddable":true,"href":"https:\/\/cormac.eu\/es\/wp-json\/wp\/v2\/comments?post=3769"}],"wp:featuredmedia":[{"embeddable":true,"href":"https:\/\/cormac.eu\/es\/wp-json\/wp\/v2\/media\/3767"}],"wp:attachment":[{"href":"https:\/\/cormac.eu\/es\/wp-json\/wp\/v2\/media?parent=3769"}],"wp:term":[{"taxonomy":"product_brand","embeddable":true,"href":"https:\/\/cormac.eu\/es\/wp-json\/wp\/v2\/product_brand?post=3769"},{"taxonomy":"product_cat","embeddable":true,"href":"https:\/\/cormac.eu\/es\/wp-json\/wp\/v2\/product_cat?post=3769"},{"taxonomy":"product_tag","embeddable":true,"href":"https:\/\/cormac.eu\/es\/wp-json\/wp\/v2\/product_tag?post=3769"}],"curies":[{"name":"wp","href":"https:\/\/api.w.org\/{rel}","templated":true}]}}