{"id":3758,"date":"2023-03-03T11:10:45","date_gmt":"2023-03-03T10:10:45","guid":{"rendered":"https:\/\/cormac.eu\/?post_type=product&#038;p=3758"},"modified":"2023-03-03T13:35:24","modified_gmt":"2023-03-03T12:35:24","slug":"tostadora-industrial-de-cafe","status":"publish","type":"product","link":"https:\/\/cormac.eu\/es\/product\/industrial-coffee-roaster\/","title":{"rendered":"Tostadora industrial de caf\u00e9"},"content":{"rendered":"<p>M\u00e1quina para tostado natural de caf\u00e9 verde en grano, frutos secos, cereales con capacidad de tostado entre 15kg hasta 30 kg\/ciclo obteniendo de 3 a 5 ciclos de tostado por hora, dependiendo del tipo de caf\u00e9 y punto de tueste. Dispone de control modulante de temperatura, PLC con software inteligente y pantalla t\u00e1ctil para la generaci\u00f3n y seguimiento de los perfiles de tueste. Todos los ciclos de tueste obtienen el mismo perfil de tueste y las recetas de tueste se pueden personalizar y almacenar seg\u00fan el origen de cada producto.<br \/>\nGracias a su tama\u00f1o medio, puede instalarse pr\u00e1cticamente en cualquier lugar y trabajar de forma continua en modo autom\u00e1tico o semiautom\u00e1tico en todo momento manteniendo una calidad excelente.<\/p>\n<p>&nbsp;<\/p>\n<table width=\"586\">\n<tbody>\n<tr>\n<td width=\"251\"><strong>Caracter\u00edsticas<\/strong><\/td>\n<td width=\"335\"><strong>Beneficios<\/strong><\/td>\n<\/tr>\n<tr>\n<td>Cargar tolva<\/td>\n<td>F\u00e1cil instalaci\u00f3n<\/td>\n<\/tr>\n<tr>\n<td>Calefacci\u00f3n de gas<\/td>\n<td>Aspecto elegante<\/td>\n<\/tr>\n<tr>\n<td>Recuperaci\u00f3n y reciclado de aire caliente<\/td>\n<td>Bajo coste de mantenimiento<\/td>\n<\/tr>\n<tr>\n<td>Aislamiento con fibra cremaics de 1250 \u00b0C<\/td>\n<td>Seguridad, ahorro energ\u00e9tico y eficiencia<\/td>\n<\/tr>\n<tr>\n<td>Hogar de acero refractario<\/td>\n<td>Sin mantenimiento<\/td>\n<\/tr>\n<tr>\n<td>Ventiladores independientes para asar y enfriar.<\/td>\n<td>Control de temperatura<\/td>\n<\/tr>\n<tr>\n<td>Incinerador cicl\u00f3nico de tamo.<\/td>\n<td><\/td>\n<\/tr>\n<tr>\n<td>Armario el\u00e9ctrico independiente.<\/td>\n<td>Mayor seguridad y control<\/td>\n<\/tr>\n<tr>\n<td>Quemador modulante<\/td>\n<td>Ahorro de energ\u00eda<\/td>\n<\/tr>\n<tr>\n<td>PLC y pantalla t\u00e1ctil<\/td>\n<td>Control total de los par\u00e1metros del proceso<\/td>\n<\/tr>\n<\/tbody>\n<\/table>\n<p>&nbsp;<\/p>\n<table width=\"586\">\n<tbody>\n<tr>\n<td><strong>Ficha t\u00e9cnica<\/strong><\/td>\n<td><\/td>\n<\/tr>\n<tr>\n<td>Dimensiones<\/td>\n<td>L 2300 x An 1800 x Al 2170-2480 MM<\/td>\n<\/tr>\n<tr>\n<td>Peso<\/td>\n<td>1500 kg<\/td>\n<\/tr>\n<tr>\n<td>Tensi\u00f3n<\/td>\n<td>Trif\u00e1sico 380V + N+E 50\/60 Hz<\/td>\n<\/tr>\n<\/tbody>\n<\/table>","protected":false},"excerpt":{"rendered":"<p>Instalaci\u00f3n de tostado de semiautom\u00e1tica a totalmente autom\u00e1tica capaz de tostar una amplia variedad de productos de forma natural .<\/p>","protected":false},"featured_media":3759,"comment_status":"open","ping_status":"closed","template":"","meta":{"uix_meta_title":"","uix_meta_description":"","uix_canonical_url":""},"product_brand":[],"product_cat":[104],"product_tag":[],"class_list":{"0":"post-3758","1":"product","2":"type-product","3":"status-publish","4":"has-post-thumbnail","6":"product_cat-processing","8":"first","9":"instock","10":"shipping-taxable","11":"product-type-simple"},"_links":{"self":[{"href":"https:\/\/cormac.eu\/es\/wp-json\/wp\/v2\/product\/3758","targetHints":{"allow":["GET"]}}],"collection":[{"href":"https:\/\/cormac.eu\/es\/wp-json\/wp\/v2\/product"}],"about":[{"href":"https:\/\/cormac.eu\/es\/wp-json\/wp\/v2\/types\/product"}],"replies":[{"embeddable":true,"href":"https:\/\/cormac.eu\/es\/wp-json\/wp\/v2\/comments?post=3758"}],"wp:featuredmedia":[{"embeddable":true,"href":"https:\/\/cormac.eu\/es\/wp-json\/wp\/v2\/media\/3759"}],"wp:attachment":[{"href":"https:\/\/cormac.eu\/es\/wp-json\/wp\/v2\/media?parent=3758"}],"wp:term":[{"taxonomy":"product_brand","embeddable":true,"href":"https:\/\/cormac.eu\/es\/wp-json\/wp\/v2\/product_brand?post=3758"},{"taxonomy":"product_cat","embeddable":true,"href":"https:\/\/cormac.eu\/es\/wp-json\/wp\/v2\/product_cat?post=3758"},{"taxonomy":"product_tag","embeddable":true,"href":"https:\/\/cormac.eu\/es\/wp-json\/wp\/v2\/product_tag?post=3758"}],"curies":[{"name":"wp","href":"https:\/\/api.w.org\/{rel}","templated":true}]}}