{"id":3704,"date":"2022-06-23T16:26:06","date_gmt":"2022-06-23T14:26:06","guid":{"rendered":"https:\/\/cormac.eu\/?post_type=product&#038;p=3704"},"modified":"2022-06-23T16:26:06","modified_gmt":"2022-06-23T14:26:06","slug":"decorador-3d-2","status":"publish","type":"product","link":"https:\/\/cormac.eu\/es\/product\/3d-decorator\/","title":{"rendered":"Decorador 3D"},"content":{"rendered":"<p>El decorador 3 D es capaz de aplicar sobre un sustrato de producto un dise\u00f1o de decoraci\u00f3n mediante el movimiento de 3 ejes del colector de dep\u00f3sito. La m\u00e1quina puede utilizarse sobre cualquier banda transportadora o al final del t\u00fanel de enfriamiento de, por ejemplo, una l\u00ednea de recubrimiento de chocolate. La masa de decoraci\u00f3n puede suministrarse a trav\u00e9s de tuber\u00edas con camisa de agua en un anillo principal.<\/p>\n<p><img decoding=\"async\" class=\"alignnone  wp-image-3705\" src=\"https:\/\/cormac.eu\/wp-content\/uploads\/2022\/06\/wymbs-supply-tank-station-283x300.jpg\" alt=\"\" width=\"189\" height=\"200\" srcset=\"https:\/\/cormac.eu\/wp-content\/uploads\/2022\/06\/wymbs-supply-tank-station-283x300.jpg 283w, https:\/\/cormac.eu\/wp-content\/uploads\/2022\/06\/wymbs-supply-tank-station.jpg 456w\" sizes=\"(max-width: 189px) 100vw, 189px\" \/><\/p>\n<p>Las boquillas de deposici\u00f3n o decoraci\u00f3n pueden fabricarse a medida del producto o productos.<br \/>\nEl cabezal depositador se ha dise\u00f1ado de forma que las piezas se puedan mantener o sustituir f\u00e1cilmente.<\/p>\n<table>\n<tbody>\n<tr>\n<td width=\"302\"><strong>Caracter\u00edsticas<\/strong><\/td>\n<td width=\"302\"><strong>Beneficios<\/strong><\/td>\n<\/tr>\n<tr>\n<td width=\"302\">Brazo rob\u00f3tico Fanuc Scara<\/td>\n<td width=\"302\">Totalmente programable<\/td>\n<\/tr>\n<tr>\n<td width=\"302\">3 ejes de movimiento<\/td>\n<td width=\"302\">Dise\u00f1o de decoraci\u00f3n flexible<br \/>\nAdecuado para productos de diferentes alturas<\/td>\n<\/tr>\n<tr>\n<td width=\"302\">Est\u00e1ndar IP65<\/td>\n<td width=\"302\">Resistente al polvo y al agua<\/td>\n<\/tr>\n<tr>\n<td width=\"302\">Control integral<\/td>\n<td width=\"302\">Funci\u00f3n Teach<br \/>\nPrograma m\u00faltiple<\/td>\n<\/tr>\n<tr>\n<td width=\"302\">Transportador integrado con codificador de sincronizaci\u00f3n<\/td>\n<td width=\"302\">Dep\u00f3sitos sincronizados con el movimiento del transportador<\/td>\n<\/tr>\n<tr>\n<td width=\"302\">Cintur\u00f3n retr\u00e1ctil<\/td>\n<td width=\"302\">F\u00e1cil limpieza<\/td>\n<\/tr>\n<tr>\n<td width=\"302\">Bastidor con ruedas<\/td>\n<td width=\"302\">Movilidad<\/td>\n<\/tr>\n<tr>\n<td width=\"302\">&nbsp;<\/td>\n<td width=\"302\">&nbsp;<\/td>\n<\/tr>\n<\/tbody>\n<\/table>\n<p>&nbsp;<\/p>","protected":false},"excerpt":{"rendered":"<p>Unidad m\u00f3vil de decoraci\u00f3n 3D para cuerdas y otros dise\u00f1os de decoraci\u00f3n<\/p>","protected":false},"featured_media":3703,"comment_status":"open","ping_status":"closed","template":"","meta":{"uix_meta_title":"","uix_meta_description":"","uix_canonical_url":""},"product_brand":[],"product_cat":[104],"product_tag":[],"class_list":{"0":"post-3704","1":"product","2":"type-product","3":"status-publish","4":"has-post-thumbnail","6":"product_cat-processing","8":"first","9":"instock","10":"shipping-taxable","11":"product-type-simple"},"_links":{"self":[{"href":"https:\/\/cormac.eu\/es\/wp-json\/wp\/v2\/product\/3704","targetHints":{"allow":["GET"]}}],"collection":[{"href":"https:\/\/cormac.eu\/es\/wp-json\/wp\/v2\/product"}],"about":[{"href":"https:\/\/cormac.eu\/es\/wp-json\/wp\/v2\/types\/product"}],"replies":[{"embeddable":true,"href":"https:\/\/cormac.eu\/es\/wp-json\/wp\/v2\/comments?post=3704"}],"wp:featuredmedia":[{"embeddable":true,"href":"https:\/\/cormac.eu\/es\/wp-json\/wp\/v2\/media\/3703"}],"wp:attachment":[{"href":"https:\/\/cormac.eu\/es\/wp-json\/wp\/v2\/media?parent=3704"}],"wp:term":[{"taxonomy":"product_brand","embeddable":true,"href":"https:\/\/cormac.eu\/es\/wp-json\/wp\/v2\/product_brand?post=3704"},{"taxonomy":"product_cat","embeddable":true,"href":"https:\/\/cormac.eu\/es\/wp-json\/wp\/v2\/product_cat?post=3704"},{"taxonomy":"product_tag","embeddable":true,"href":"https:\/\/cormac.eu\/es\/wp-json\/wp\/v2\/product_tag?post=3704"}],"curies":[{"name":"wp","href":"https:\/\/api.w.org\/{rel}","templated":true}]}}