{"id":3659,"date":"2022-06-06T00:05:01","date_gmt":"2022-06-05T22:05:01","guid":{"rendered":"https:\/\/cormac.eu\/?post_type=product&#038;p=3659"},"modified":"2022-06-06T00:10:38","modified_gmt":"2022-06-05T22:10:38","slug":"rodillos-formadores-de-lentejas","status":"publish","type":"product","link":"https:\/\/cormac.eu\/es\/product\/lentil-forming-rollers\/","title":{"rendered":"Rodillos formadores de lentejas"},"content":{"rendered":"<p>Un juego de dos cilindros formadores de lentejas de bronce centrifugado dise\u00f1ados para producir centros de chocolate sim\u00e9tricos y s\u00f3lidos, como lentejas, bolitas, corazones y formas similares. Cada cavidad grabada corresponde a una mitad del producto acabado. Los dos rodillos se colocan y sincronizan con precisi\u00f3n mediante engranajes, de modo que una cavidad de un rodillo siempre coincide exactamente con una cavidad del otro rodillo, de modo que juntas las dos mitades forman un producto perfecto. Los dos rodillos giran en sentido contrario a la misma velocidad. El chocolate o el compuesto se introduce en los rodillos a trav\u00e9s de una tuber\u00eda de doble camisa con boquillas ajustables. La circunferencia de cada rodillo se desplaza en sentido descendente, forzando el chocolate entre ellos para llenar completamente los grabados. Una v\u00e1lvula autom\u00e1tica cierra el tubo de alimentaci\u00f3n en caso de que los rodillos se detengan. El interior de los cilindros es hueco y contiene tubos especiales de circulaci\u00f3n forzada de agua fr\u00eda o glicol, lo que garantiza una temperatura baja y uniforme en la superficie de bronce. Gracias a este \"superenfriamiento\", el chocolate se cristaliza instant\u00e1neamente entre las cavidades. Gracias a una separaci\u00f3n regulada con precisi\u00f3n entre los dos rodillos, se forma una alfombra (o \"cincha\") de chocolate que sujeta todas las lentejas formadas. El grosor de esta malla se controla con precisi\u00f3n mediante un ajuste mec\u00e1nico, de modo que las lentejas puedan separarse f\u00e1cilmente de la malla una vez enfriadas. La entrada y salida de glicol de los cilindros se cruzan para garantizar una diferencia t\u00e9rmica constante a lo largo de los rodillos.<\/p>\n<p>Los rodillos est\u00e1n montados con ejes en rodamientos de bolas en una c\u00e1mara cerrada de acero inoxidable y apoyados en dos bastidores de acero inoxidable. En esta caja se puede inyectar aire deshumidificado. Las bridas laterales de los rodillos est\u00e1n construidas en acero inoxidable.  El grupo completo de rodillos est\u00e1 montado sobre gu\u00edas para permitir un cambio r\u00e1pido. Cada rodillo est\u00e1 equipado con un rascador de pl\u00e1stico.<\/p>\n<p>Los rodillos se accionan mediante un motorreductor con control de frecuencia para regular la velocidad de rotaci\u00f3n.<br \/>\nEl armario el\u00e9ctrico de los cilindros est\u00e1 integrado en el armario del t\u00fanel de refrigeraci\u00f3n.<\/p>\n<p>Una l\u00ednea completa de formaci\u00f3n de lentejas comprende, un tanque o tanques de almacenamiento de chocolate, dependiendo del producto final, una atemperadora, el conjunto de cilindros formadores montados sobre la cinta transportadora a la entrada del t\u00fanel de enfriamiento, un sistema de suministro de agua de enfriamiento o glicol, un t\u00fanel de enfriamiento y un tambor separador. El chocolate de la banda se recicla hasta el tanque de almacenamiento y mezcla de chocolate. A menudo, tras la separaci\u00f3n de la banda, las lentejas formadas se recubren de az\u00facar en tambores de recubrimiento y se pulen en tambores de pulido, quedando listas para su envasado.<\/p>\n<p><img decoding=\"async\" class=\"alignnone wp-image-3665\" src=\"https:\/\/cormac.eu\/wp-content\/uploads\/2022\/06\/Fecoatec-lentil-P1000419-1024x769-1-300x225.jpg\" alt=\"\" width=\"182\" height=\"136\" srcset=\"https:\/\/cormac.eu\/wp-content\/uploads\/2022\/06\/Fecoatec-lentil-P1000419-1024x769-1-300x225.jpg 300w, https:\/\/cormac.eu\/wp-content\/uploads\/2022\/06\/Fecoatec-lentil-P1000419-1024x769-1-768x577.jpg 768w, https:\/\/cormac.eu\/wp-content\/uploads\/2022\/06\/Fecoatec-lentil-P1000419-1024x769-1-600x451.jpg 600w, https:\/\/cormac.eu\/wp-content\/uploads\/2022\/06\/Fecoatec-lentil-P1000419-1024x769-1.jpg 1024w\" sizes=\"(max-width: 182px) 100vw, 182px\" \/>\u00a0 \u00a0 \u00a0<img decoding=\"async\" class=\"wp-image-3662\" src=\"https:\/\/cormac.eu\/wp-content\/uploads\/2022\/06\/Fecoatec-dark-chocolate-lentils--300x200.jpg\" alt=\"\" width=\"210\" height=\"140\" srcset=\"https:\/\/cormac.eu\/wp-content\/uploads\/2022\/06\/Fecoatec-dark-chocolate-lentils--300x200.jpg 300w, https:\/\/cormac.eu\/wp-content\/uploads\/2022\/06\/Fecoatec-dark-chocolate-lentils--600x399.jpg 600w, https:\/\/cormac.eu\/wp-content\/uploads\/2022\/06\/Fecoatec-dark-chocolate-lentils-.jpg 640w\" sizes=\"(max-width: 210px) 100vw, 210px\" \/>\u00a0 \u00a0 <img decoding=\"async\" class=\"wp-image-3661\" src=\"https:\/\/cormac.eu\/wp-content\/uploads\/2022\/06\/Fecoatec-chocolate-hearts--300x200.jpg\" alt=\"\" width=\"200\" height=\"133\" srcset=\"https:\/\/cormac.eu\/wp-content\/uploads\/2022\/06\/Fecoatec-chocolate-hearts--300x200.jpg 300w, https:\/\/cormac.eu\/wp-content\/uploads\/2022\/06\/Fecoatec-chocolate-hearts--600x399.jpg 600w, https:\/\/cormac.eu\/wp-content\/uploads\/2022\/06\/Fecoatec-chocolate-hearts-.jpg 640w\" sizes=\"(max-width: 200px) 100vw, 200px\" \/>\u00a0 \u00a0 <img loading=\"lazy\" decoding=\"async\" class=\"alignnone wp-image-3660\" src=\"https:\/\/cormac.eu\/wp-content\/uploads\/2022\/06\/Fecoatec-cake-pops-693645_640-300x225.jpg\" alt=\"\" width=\"187\" height=\"140\" srcset=\"https:\/\/cormac.eu\/wp-content\/uploads\/2022\/06\/Fecoatec-cake-pops-693645_640-300x225.jpg 300w, https:\/\/cormac.eu\/wp-content\/uploads\/2022\/06\/Fecoatec-cake-pops-693645_640-600x450.jpg 600w, https:\/\/cormac.eu\/wp-content\/uploads\/2022\/06\/Fecoatec-cake-pops-693645_640.jpg 640w\" sizes=\"(max-width: 187px) 100vw, 187px\" \/><\/p>\n<div class=\"mceTemp\"><\/div>\n<table style=\"height: 946px\" width=\"715\">\n<tbody>\n<tr>\n<td width=\"230\"><strong>Caracter\u00edsticas<\/strong><\/td>\n<td width=\"355\"><strong>Beneficios<\/strong><\/td>\n<\/tr>\n<tr>\n<td>Bastidor de acero inoxidable, parte superior de acero mecanizado<\/td>\n<td>\n<ul>\n<li>F\u00e1cil limpieza<\/li>\n<li>Resistente<\/li>\n<\/ul>\n<\/td>\n<\/tr>\n<tr>\n<td>Protecci\u00f3n electr\u00f3nica<\/td>\n<td>\n<ul>\n<li>Los rodillos se detienen en caso de sobrecarga<\/li>\n<\/ul>\n<\/td>\n<\/tr>\n<tr>\n<td>Rodillos montados sobre gu\u00edas<\/td>\n<td>\n<ul>\n<li>Cambio r\u00e1pido<\/li>\n<\/ul>\n<\/td>\n<\/tr>\n<tr>\n<td>Entrada\/salida cruzada de glicol<\/td>\n<td>\n<ul>\n<li>Diferencia t\u00e9rmica constante a lo largo de los rodillos<\/li>\n<\/ul>\n<\/td>\n<\/tr>\n<tr>\n<td>Bridas laterales de rodillos en acero inoxidable<\/td>\n<td>\n<ul>\n<li>Higi\u00e9nico<\/li>\n<li>F\u00e1cil limpieza<\/li>\n<\/ul>\n<\/td>\n<\/tr>\n<tr>\n<td>Cubiertas de policarbonato<\/td>\n<td>\n<ul>\n<li>Seguridad del operador<\/li>\n<li>Zona de formaci\u00f3n visible<\/li>\n<\/ul>\n<\/td>\n<\/tr>\n<tr>\n<td>OPCIONALES<\/td>\n<td><\/td>\n<\/tr>\n<tr>\n<td>Temperadora<\/td>\n<td><\/td>\n<\/tr>\n<tr>\n<td>Tanque de almacenamiento\/dep\u00f3sito\/recirculaci\u00f3n<\/td>\n<td><\/td>\n<\/tr>\n<tr>\n<td>T\u00fanel de refrigeraci\u00f3n<\/td>\n<td><\/td>\n<\/tr>\n<tr>\n<td>Tambor de separaci\u00f3n<\/td>\n<td><\/td>\n<\/tr>\n<tr>\n<td>Cubetas de revestimiento<\/td>\n<td><\/td>\n<\/tr>\n<tr>\n<td>Deshumidificador de aire para la zona de formaci\u00f3n<\/td>\n<td><\/td>\n<\/tr>\n<\/tbody>\n<\/table>","protected":false},"excerpt":{"rendered":"<p>Conjunto de cilindros moldeadores para producir centros de chocolate sim\u00e9tricos y s\u00f3lidos, como lentejas, bolitas, corazones y formas similares.<\/p>","protected":false},"featured_media":3664,"comment_status":"open","ping_status":"closed","template":"","meta":{"uix_meta_title":"","uix_meta_description":"","uix_canonical_url":""},"product_brand":[],"product_cat":[104],"product_tag":[204,243,177],"class_list":{"0":"post-3659","1":"product","2":"type-product","3":"status-publish","4":"has-post-thumbnail","6":"product_cat-processing","7":"product_tag-chocolate-balls","8":"product_tag-chocolate-coffee-beans","9":"product_tag-lentils","11":"first","12":"instock","13":"shipping-taxable","14":"product-type-simple"},"_links":{"self":[{"href":"https:\/\/cormac.eu\/es\/wp-json\/wp\/v2\/product\/3659","targetHints":{"allow":["GET"]}}],"collection":[{"href":"https:\/\/cormac.eu\/es\/wp-json\/wp\/v2\/product"}],"about":[{"href":"https:\/\/cormac.eu\/es\/wp-json\/wp\/v2\/types\/product"}],"replies":[{"embeddable":true,"href":"https:\/\/cormac.eu\/es\/wp-json\/wp\/v2\/comments?post=3659"}],"wp:featuredmedia":[{"embeddable":true,"href":"https:\/\/cormac.eu\/es\/wp-json\/wp\/v2\/media\/3664"}],"wp:attachment":[{"href":"https:\/\/cormac.eu\/es\/wp-json\/wp\/v2\/media?parent=3659"}],"wp:term":[{"taxonomy":"product_brand","embeddable":true,"href":"https:\/\/cormac.eu\/es\/wp-json\/wp\/v2\/product_brand?post=3659"},{"taxonomy":"product_cat","embeddable":true,"href":"https:\/\/cormac.eu\/es\/wp-json\/wp\/v2\/product_cat?post=3659"},{"taxonomy":"product_tag","embeddable":true,"href":"https:\/\/cormac.eu\/es\/wp-json\/wp\/v2\/product_tag?post=3659"}],"curies":[{"name":"wp","href":"https:\/\/api.w.org\/{rel}","templated":true}]}}