{"id":3630,"date":"2022-06-05T14:25:33","date_gmt":"2022-06-05T12:25:33","guid":{"rendered":"https:\/\/cormac.eu\/?post_type=product&#038;p=3630"},"modified":"2022-06-05T14:56:26","modified_gmt":"2022-06-05T12:56:26","slug":"sistema-de-deposito-de-banda-inferior","status":"publish","type":"product","link":"https:\/\/cormac.eu\/es\/product\/underband-depositing-system\/","title":{"rendered":"Sistema de dep\u00f3sito por debajo de la banda"},"content":{"rendered":"<p>El sistema de accionamiento a\u00e9reo universal puede montarse entre las superficies de cocci\u00f3n y de retorno, un transportador de bandejas de cocci\u00f3n o en una banda de horno de acero m\u00f3vil como la que se utiliza generalmente para los pasteles Jaffa. Tambi\u00e9n puede construirse nuevo con su propio transportador de dep\u00f3sito integrado. El sistema de accionamiento por debajo de la banda se ha construido esencialmente para acomodar nuestra gama de colectores de dep\u00f3sito volum\u00e9trico, pero tambi\u00e9n puede equiparse con diferentes tipos de colectores, para el dep\u00f3sito presurizado de productos lisos o combinados o malvaviscos cortados con alambre.<\/p>\n<p>&nbsp;<\/p>\n<p><img decoding=\"async\" class=\"alignnone size-full wp-image-3631\" src=\"https:\/\/cormac.eu\/wp-content\/uploads\/2022\/06\/Afbeelding-jaffa-cake.jpg\" alt=\"\" width=\"173\" height=\"119\" \/>\u00a0 <img decoding=\"async\" class=\"alignnone wp-image-3629\" src=\"https:\/\/cormac.eu\/wp-content\/uploads\/2022\/06\/piskoty.jpg\" alt=\"\" width=\"116\" height=\"120\" \/>\u00a0 <img decoding=\"async\" class=\"alignnone wp-image-3074\" src=\"https:\/\/cormac.eu\/wp-content\/uploads\/2022\/05\/Wymbs-Universal-MDS-ladyfinger-2.jpg\" alt=\"\" width=\"182\" height=\"107\" \/>\u00a0 <img loading=\"lazy\" decoding=\"async\" class=\"alignnone wp-image-3626\" src=\"https:\/\/cormac.eu\/wp-content\/uploads\/2022\/06\/Underband-application-300x259.jpg\" alt=\"\" width=\"138\" height=\"119\" srcset=\"https:\/\/cormac.eu\/wp-content\/uploads\/2022\/06\/Underband-application-300x259.jpg 300w, https:\/\/cormac.eu\/wp-content\/uploads\/2022\/06\/Underband-application.jpg 330w\" sizes=\"(max-width: 138px) 100vw, 138px\" \/><\/p>\n<p>&nbsp;<\/p>\n<table>\n<tbody>\n<tr>\n<td width=\"276\">\u00a0<strong>Caracter\u00edsticas<\/strong><\/td>\n<td width=\"328\">\u00a0<strong>Beneficios<\/strong><\/td>\n<\/tr>\n<tr>\n<td>Revestimiento y sistema de soporte de acero inoxidable<\/td>\n<td>\n<ul>\n<li>ligereza<\/li>\n<li>fuerte<\/li>\n<li>f\u00e1cil limpieza<\/li>\n<\/ul>\n<\/td>\n<\/tr>\n<tr>\n<td>Pantalla t\u00e1ctil HMI local con panel el\u00e9ctrico remoto<\/td>\n<td>\n<ul>\n<li>almacenamiento de par\u00e1metros<\/li>\n<li>control de procesos<\/li>\n<li>f\u00e1cil manejo<\/li>\n<\/ul>\n<\/td>\n<\/tr>\n<tr>\n<td>Opciones<\/td>\n<td>\n<ul>\n<li>Transportador de dep\u00f3sito integrado<\/li>\n<li>unidad dispensadora y alineadora de galletas<\/li>\n<\/ul>\n<\/td>\n<\/tr>\n<\/tbody>\n<\/table>\n<p>&nbsp;<\/p>","protected":false},"excerpt":{"rendered":"<p>Sistema de accionamiento para su instalaci\u00f3n entre las superficies de cocci\u00f3n y de retorno de una l\u00ednea de producci\u00f3n de productos horneados.<\/p>","protected":false},"featured_media":3627,"comment_status":"open","ping_status":"closed","template":"","meta":{"uix_meta_title":"","uix_meta_description":"","uix_canonical_url":""},"product_brand":[],"product_cat":[104],"product_tag":[223,219,194,195,196,197,198,222,207,202],"class_list":{"0":"post-3630","1":"product","2":"type-product","3":"status-publish","4":"has-post-thumbnail","6":"product_cat-processing","7":"product_tag-ganache","8":"product_tag-jaffa-cakes","9":"product_tag-jams-jellies","10":"product_tag-lady-fingers","11":"product_tag-marshmallows","12":"product_tag-meringues","13":"product_tag-muffins-cupcakes","14":"product_tag-piskoty","15":"product_tag-pralines","16":"product_tag-sponge-drops","18":"first","19":"instock","20":"shipping-taxable","21":"product-type-simple"},"_links":{"self":[{"href":"https:\/\/cormac.eu\/es\/wp-json\/wp\/v2\/product\/3630","targetHints":{"allow":["GET"]}}],"collection":[{"href":"https:\/\/cormac.eu\/es\/wp-json\/wp\/v2\/product"}],"about":[{"href":"https:\/\/cormac.eu\/es\/wp-json\/wp\/v2\/types\/product"}],"replies":[{"embeddable":true,"href":"https:\/\/cormac.eu\/es\/wp-json\/wp\/v2\/comments?post=3630"}],"wp:featuredmedia":[{"embeddable":true,"href":"https:\/\/cormac.eu\/es\/wp-json\/wp\/v2\/media\/3627"}],"wp:attachment":[{"href":"https:\/\/cormac.eu\/es\/wp-json\/wp\/v2\/media?parent=3630"}],"wp:term":[{"taxonomy":"product_brand","embeddable":true,"href":"https:\/\/cormac.eu\/es\/wp-json\/wp\/v2\/product_brand?post=3630"},{"taxonomy":"product_cat","embeddable":true,"href":"https:\/\/cormac.eu\/es\/wp-json\/wp\/v2\/product_cat?post=3630"},{"taxonomy":"product_tag","embeddable":true,"href":"https:\/\/cormac.eu\/es\/wp-json\/wp\/v2\/product_tag?post=3630"}],"curies":[{"name":"wp","href":"https:\/\/api.w.org\/{rel}","templated":true}]}}