{"id":3186,"date":"2022-05-29T22:54:30","date_gmt":"2022-05-29T20:54:30","guid":{"rendered":"https:\/\/cormac.eu\/?post_type=product&#038;p=3186"},"modified":"2022-06-01T11:34:35","modified_gmt":"2022-06-01T09:34:35","slug":"cubeta-de-revestimiento-2-2","status":"publish","type":"product","link":"https:\/\/cormac.eu\/es\/product\/coating-pan-2\/","title":{"rendered":"Cubeta de revestimiento autom\u00e1tica"},"content":{"rendered":"<p>Cubeta de recubrimiento autom\u00e1tica para recubrir con jarabe de az\u00facar, soluci\u00f3n sin az\u00facar, chocolate o masa grasa. El recipiente de recubrimiento en s\u00ed es un cilindro horizontal que se apoya en 4 ruedas de eje libre y es accionado por una correa dentada en todo el per\u00edmetro exterior. Durante el recubrimiento, el nivel de producto en el interior es bajo y se extiende ampliamente para que el producto se seque m\u00e1s r\u00e1pidamente y sufra menos fricci\u00f3n y presi\u00f3n durante el proceso de recubrimiento. La distribuci\u00f3n uniforme del aire a lo largo de la bandeja de recubrimiento garantiza una exposici\u00f3n uniforme del producto al aire y, dado que se mantiene una presi\u00f3n negativa en el interior, no se escapa el polvo. Dentro de la bandeja de recubrimiento, unas boquillas especiales pulverizan la soluci\u00f3n de recubrimiento sobre los productos. Los aditivos de aroma, color, capol y polvo pueden aplicarse mediante dispositivos adicionales. Durante todo el ciclo de recubrimiento no se necesita ning\u00fan operario. La m\u00e1quina tiene tiempos de ciclo r\u00e1pidos, por ejemplo de unas 4 horas para una c\u00e1scara de suga 30%, incluido el pulido. El ciclo de pulido tiene lugar autom\u00e1ticamente una vez finalizado el ciclo de recubrimiento.<\/p>\n<p>Por lo general, estas cubas de recubrimiento se entregan llave en mano y completas, incluyendo equipos auxiliares, en funci\u00f3n de la aplicaci\u00f3n, como cocedores de jarabe, disolvedores para soluciones sin az\u00facar, sistemas de recogida de polvo y aspiraci\u00f3n de aire, dep\u00f3sitos de jarabe, dep\u00f3sitos de chocolate, sistemas de distribuci\u00f3n de polvo, sistemas autom\u00e1ticos de carga y descarga y sistemas CIP. La unidad espec\u00edfica de tratamiento y secado del aire es una importante m\u00e1quina auxiliar que forma parte del suministro total.<\/p>\n<table>\n<tbody>\n<tr>\n<td colspan=\"6\" width=\"604\">\n<p style=\"text-align: center\"><strong>Capacidades disponibles \u00a0<\/strong><\/p>\n<\/td>\n<\/tr>\n<tr>\n<td width=\"123\">\n<p style=\"text-align: center\"><strong>Producci\u00f3n:<\/strong><\/p>\n<\/td>\n<td style=\"text-align: center\" width=\"88\"><strong>escala de laboratorio<\/strong><\/td>\n<td style=\"text-align: center\" width=\"101\"><strong>Peque\u00f1o<\/strong><\/td>\n<td style=\"text-align: center\" width=\"104\"><strong>medio<\/strong><\/td>\n<td colspan=\"2\" width=\"189\">\n<p style=\"text-align: center\"><strong>Gran<\/strong><\/p>\n<\/td>\n<\/tr>\n<tr>\n<td width=\"123\"><strong>Capacidad de la sart\u00e9n<\/strong><\/td>\n<td width=\"88\">\n<p style=\"text-align: center\">25<\/p>\n<\/td>\n<td style=\"text-align: center\" width=\"101\">600<\/td>\n<td style=\"text-align: center\" width=\"104\">1050<\/td>\n<td style=\"text-align: center\" width=\"97\">2250<\/td>\n<td width=\"92\">\n<p style=\"text-align: center\">3650<\/p>\n<\/td>\n<\/tr>\n<tr>\n<td width=\"123\"><strong>Producto acabado<\/strong><\/td>\n<td width=\"88\">\n<p style=\"text-align: center\">20<\/p>\n<\/td>\n<td style=\"text-align: center\" width=\"101\">500<\/td>\n<td style=\"text-align: center\" width=\"104\">875<\/td>\n<td style=\"text-align: center\" width=\"97\">1875<\/td>\n<td width=\"92\">\n<p style=\"text-align: center\">3000<\/p>\n<\/td>\n<\/tr>\n<\/tbody>\n<\/table>\n<p>&nbsp;<\/p>\n<p><strong>Ejemplos de aplicaci\u00f3n:<\/strong><\/p>\n<p><img decoding=\"async\" class=\"wp-image-3185\" src=\"https:\/\/cormac.eu\/wp-content\/uploads\/2022\/05\/fecoatec-Bombo-sugar-coated-300x300.jpg\" alt=\"\" width=\"137\" height=\"137\" srcset=\"https:\/\/cormac.eu\/wp-content\/uploads\/2022\/05\/fecoatec-Bombo-sugar-coated-300x300.jpg 300w, https:\/\/cormac.eu\/wp-content\/uploads\/2022\/05\/fecoatec-Bombo-sugar-coated.jpg 1024w, https:\/\/cormac.eu\/wp-content\/uploads\/2022\/05\/fecoatec-Bombo-sugar-coated-150x150.jpg 150w, https:\/\/cormac.eu\/wp-content\/uploads\/2022\/05\/fecoatec-Bombo-sugar-coated-768x768.jpg 768w, https:\/\/cormac.eu\/wp-content\/uploads\/2022\/05\/fecoatec-Bombo-sugar-coated-600x600.jpg 600w, https:\/\/cormac.eu\/wp-content\/uploads\/2022\/05\/fecoatec-Bombo-sugar-coated-100x100.jpg 100w\" sizes=\"(max-width: 137px) 100vw, 137px\" \/>\u00a0 \u00a0 <img decoding=\"async\" class=\"wp-image-3184\" src=\"https:\/\/cormac.eu\/wp-content\/uploads\/2022\/05\/Fecoatec-Bombo-chocolate-coated-300x300.jpg\" alt=\"\" width=\"138\" height=\"138\" srcset=\"https:\/\/cormac.eu\/wp-content\/uploads\/2022\/05\/Fecoatec-Bombo-chocolate-coated-300x300.jpg 300w, https:\/\/cormac.eu\/wp-content\/uploads\/2022\/05\/Fecoatec-Bombo-chocolate-coated.jpg 1024w, https:\/\/cormac.eu\/wp-content\/uploads\/2022\/05\/Fecoatec-Bombo-chocolate-coated-150x150.jpg 150w, https:\/\/cormac.eu\/wp-content\/uploads\/2022\/05\/Fecoatec-Bombo-chocolate-coated-768x768.jpg 768w, https:\/\/cormac.eu\/wp-content\/uploads\/2022\/05\/Fecoatec-Bombo-chocolate-coated-600x600.jpg 600w, https:\/\/cormac.eu\/wp-content\/uploads\/2022\/05\/Fecoatec-Bombo-chocolate-coated-100x100.jpg 100w\" sizes=\"(max-width: 138px) 100vw, 138px\" \/> \u00a0<img decoding=\"async\" class=\"alignnone wp-image-3183\" src=\"https:\/\/cormac.eu\/wp-content\/uploads\/2022\/05\/Fecoatec-bombo-chewing-gum-300x300.jpg\" alt=\"\" width=\"136\" height=\"136\" srcset=\"https:\/\/cormac.eu\/wp-content\/uploads\/2022\/05\/Fecoatec-bombo-chewing-gum-300x300.jpg 300w, https:\/\/cormac.eu\/wp-content\/uploads\/2022\/05\/Fecoatec-bombo-chewing-gum.jpg 1024w, https:\/\/cormac.eu\/wp-content\/uploads\/2022\/05\/Fecoatec-bombo-chewing-gum-150x150.jpg 150w, https:\/\/cormac.eu\/wp-content\/uploads\/2022\/05\/Fecoatec-bombo-chewing-gum-768x768.jpg 768w, https:\/\/cormac.eu\/wp-content\/uploads\/2022\/05\/Fecoatec-bombo-chewing-gum-600x600.jpg 600w, https:\/\/cormac.eu\/wp-content\/uploads\/2022\/05\/Fecoatec-bombo-chewing-gum-100x100.jpg 100w\" sizes=\"(max-width: 136px) 100vw, 136px\" \/> \u00a0<img loading=\"lazy\" decoding=\"async\" class=\"wp-image-3182\" src=\"https:\/\/cormac.eu\/wp-content\/uploads\/2022\/05\/Fecoatec-Bombo-jelly-bean-300x300.jpg\" alt=\"\" width=\"135\" height=\"135\" srcset=\"https:\/\/cormac.eu\/wp-content\/uploads\/2022\/05\/Fecoatec-Bombo-jelly-bean-300x300.jpg 300w, https:\/\/cormac.eu\/wp-content\/uploads\/2022\/05\/Fecoatec-Bombo-jelly-bean.jpg 1024w, https:\/\/cormac.eu\/wp-content\/uploads\/2022\/05\/Fecoatec-Bombo-jelly-bean-150x150.jpg 150w, https:\/\/cormac.eu\/wp-content\/uploads\/2022\/05\/Fecoatec-Bombo-jelly-bean-768x768.jpg 768w, https:\/\/cormac.eu\/wp-content\/uploads\/2022\/05\/Fecoatec-Bombo-jelly-bean-600x600.jpg 600w, https:\/\/cormac.eu\/wp-content\/uploads\/2022\/05\/Fecoatec-Bombo-jelly-bean-100x100.jpg 100w\" sizes=\"(max-width: 135px) 100vw, 135px\" \/><\/p>\n<table width=\"586\">\n<tbody>\n<tr>\n<td width=\"234\">\n<p style=\"text-align: center\"><strong>Caracter\u00edsticas<\/strong><\/p>\n<\/td>\n<td width=\"352\">\n<p style=\"text-align: center\"><strong>Beneficios<\/strong><\/p>\n<\/td>\n<\/tr>\n<tr>\n<td>Construcci\u00f3n Acero inoxidable AISI304L<\/td>\n<td>\n<ul>\n<li>S\u00f3lido-Hig\u00e9nico<\/li>\n<\/ul>\n<\/td>\n<\/tr>\n<tr>\n<td>Dise\u00f1o sencillo<\/td>\n<td>\n<ul>\n<li>F\u00e1cil mantenimiento-Reducci\u00f3n del tiempo de limpieza-R\u00e1pido cambio de producto<\/li>\n<\/ul>\n<\/td>\n<\/tr>\n<tr>\n<td>Bandeja apoyada sobre 4 ruedas libres<\/td>\n<td>\n<ul>\n<li>Rotaci\u00f3n panor\u00e1mica suave y estable<\/li>\n<\/ul>\n<\/td>\n<\/tr>\n<tr>\n<td>Boquillas pulverizadoras de dise\u00f1o especial<\/td>\n<td>\n<ul>\n<li>Aplicaci\u00f3n uniforme del material de revestimiento<\/li>\n<\/ul>\n<\/td>\n<\/tr>\n<tr>\n<td>\n<p style=\"text-align: center\">OPCIONALES:<\/p>\n<\/td>\n<td><\/td>\n<\/tr>\n<tr>\n<td>\n<ul>\n<li>Unidad espec\u00edfica de tratamiento y secado del aire<\/li>\n<\/ul>\n<\/td>\n<td>\u00a0 \u00a0- Para un secado r\u00e1pido del producto<br \/>\n- Distribuci\u00f3n uniforme del aire<\/td>\n<\/tr>\n<tr>\n<td>\n<ul>\n<li>Sistemas de dosificaci\u00f3n de aromas, colorantes y abrillantadores<\/li>\n<\/ul>\n<\/td>\n<td><\/td>\n<\/tr>\n<tr>\n<td>\n<ul>\n<li>Sistemas autom\u00e1ticos de carga y descarga<\/li>\n<\/ul>\n<\/td>\n<td><\/td>\n<\/tr>\n<tr>\n<td>\n<ul>\n<li>Cocedores de jarabe<\/li>\n<\/ul>\n<\/td>\n<td><\/td>\n<\/tr>\n<tr>\n<td>\n<ul>\n<li>Tanques de disoluci\u00f3n<\/li>\n<\/ul>\n<\/td>\n<td>\u00a0 \u00a0- Para soluciones de recubrimiento sin az\u00facar<\/td>\n<\/tr>\n<tr>\n<td>\n<ul>\n<li>Dep\u00f3sitos de sirope y chocolate<\/li>\n<\/ul>\n<\/td>\n<td><\/td>\n<\/tr>\n<tr>\n<td>\n<ul>\n<li>Sistemas CIP<\/li>\n<\/ul>\n<\/td>\n<td><\/td>\n<\/tr>\n<tr>\n<td>\n<ul>\n<li>Red Scada<\/li>\n<\/ul>\n<\/td>\n<td>\u00a0 \u00a0- Control de seguimiento, registro de datos, recetas<br \/>\nalmacenamiento, registro de par\u00e1metros de producci\u00f3n<\/td>\n<\/tr>\n<\/tbody>\n<\/table>","protected":false},"excerpt":{"rendered":"<p>Instalaci\u00f3n autom\u00e1tica de bandeja de recubrimiento, completa y llave en mano, para recubrimiento con az\u00facar, chocolate, recubrimientos de masa grasa y soluciones sin az\u00facar.<\/p>","protected":false},"featured_media":3181,"comment_status":"open","ping_status":"closed","template":"","meta":{"uix_meta_title":"","uix_meta_description":"","uix_canonical_url":""},"product_brand":[],"product_cat":[135,104],"product_tag":[179,204,178,177],"class_list":{"0":"post-3186","1":"product","2":"type-product","3":"status-publish","4":"has-post-thumbnail","6":"product_cat-laboratory","7":"product_cat-processing","8":"product_tag-chewing-gums","9":"product_tag-chocolate-balls","10":"product_tag-jelly-beans","11":"product_tag-lentils","13":"first","14":"instock","15":"shipping-taxable","16":"product-type-simple"},"_links":{"self":[{"href":"https:\/\/cormac.eu\/es\/wp-json\/wp\/v2\/product\/3186","targetHints":{"allow":["GET"]}}],"collection":[{"href":"https:\/\/cormac.eu\/es\/wp-json\/wp\/v2\/product"}],"about":[{"href":"https:\/\/cormac.eu\/es\/wp-json\/wp\/v2\/types\/product"}],"replies":[{"embeddable":true,"href":"https:\/\/cormac.eu\/es\/wp-json\/wp\/v2\/comments?post=3186"}],"wp:featuredmedia":[{"embeddable":true,"href":"https:\/\/cormac.eu\/es\/wp-json\/wp\/v2\/media\/3181"}],"wp:attachment":[{"href":"https:\/\/cormac.eu\/es\/wp-json\/wp\/v2\/media?parent=3186"}],"wp:term":[{"taxonomy":"product_brand","embeddable":true,"href":"https:\/\/cormac.eu\/es\/wp-json\/wp\/v2\/product_brand?post=3186"},{"taxonomy":"product_cat","embeddable":true,"href":"https:\/\/cormac.eu\/es\/wp-json\/wp\/v2\/product_cat?post=3186"},{"taxonomy":"product_tag","embeddable":true,"href":"https:\/\/cormac.eu\/es\/wp-json\/wp\/v2\/product_tag?post=3186"}],"curies":[{"name":"wp","href":"https:\/\/api.w.org\/{rel}","templated":true}]}}