{"id":3178,"date":"2022-05-29T15:22:36","date_gmt":"2022-05-29T13:22:36","guid":{"rendered":"https:\/\/cormac.eu\/?post_type=product&#038;p=3178"},"modified":"2022-06-05T19:09:17","modified_gmt":"2022-06-05T17:09:17","slug":"tunel-de-enfriamiento-2","status":"publish","type":"product","link":"https:\/\/cormac.eu\/es\/product\/cooling-tunnel\/","title":{"rendered":"T\u00fanel de refrigeraci\u00f3n"},"content":{"rendered":"<p>T\u00fanel de enfriamiento con 2 \u00f3 4 zonas de enfriamiento diferentes con controles independientes de agua y aire de enfriamiento. El t\u00fanel de dise\u00f1o especial transfiere la temperatura al producto mediante convecci\u00f3n y conducci\u00f3n y garantiza la m\u00e1xima refrigeraci\u00f3n con un bajo consumo de energ\u00eda.<\/p>\n<p>La refrigeraci\u00f3n se realiza mediante aire a temperatura controlada y velocidad\/caudal constantes. Cada zona de refrigeraci\u00f3n tiene un grupo de refrigeraci\u00f3n compuesto por un intercambiador de calor que transfiere la temperatura del agua de refrigeraci\u00f3n al aire de refrigeraci\u00f3n, un ventilador centr\u00edfugo de alta eficiencia para crear el caudal de aire necesario y un filtro de aire con eficiencia G4. La temperatura del aire se controla mediante una sonda de temperatura que dirige las v\u00e1lvulas modulantes de 3 v\u00edas del sistema de agua de refrigeraci\u00f3n. La refrigeraci\u00f3n del fondo se consigue mediante la recirculaci\u00f3n de agua fr\u00eda a trav\u00e9s de placas fr\u00edas montadas en la superficie del sistema de transporte por cinta. Se puede suministrar un secador de aire para la inyecci\u00f3n en el t\u00fanel de aire seco con el fin de controlar la humedad en el interior del t\u00fanel.<\/p>\n<p>Las cubiertas tipo Sandwhich est\u00e1n construidas en acero inoxidable, inyectadas con aislamiento de poliuretano de alta densidad. Las cubiertas se pueden levantar f\u00e1cilmente a ambos lados del t\u00fanel de enfriamiento con la ayuda de bombonas de gas. La cinta transportadora es de poliuretano alimentario y antiest\u00e1tico. La superficie de deslizamiento de la cinta es de acero inoxidable. El t\u00fanel de enfriamiento dispone de dispositivos autom\u00e1ticos de seguimiento situados a la entrada y salida del t\u00fanel de enfriamiento, con sensores l\u00e1ser y cilindros neum\u00e1ticos. Esto permite un control adecuado de la tensi\u00f3n de la cinta y evita el deslizamiento.<\/p>\n<p>La longitud del t\u00fanel de enfriamiento se calcula y adapta en funci\u00f3n del proceso del cliente.<\/p>\n<p><strong>Ejemplos de aplicaci\u00f3n<\/strong><\/p>\n<p><img decoding=\"async\" class=\"alignnone wp-image-3176\" src=\"https:\/\/cormac.eu\/wp-content\/uploads\/2022\/05\/candy-3665529_1920-1024x732-1-300x214.jpg\" alt=\"\" width=\"177\" height=\"127\" srcset=\"https:\/\/cormac.eu\/wp-content\/uploads\/2022\/05\/candy-3665529_1920-1024x732-1-300x214.jpg 300w, https:\/\/cormac.eu\/wp-content\/uploads\/2022\/05\/candy-3665529_1920-1024x732-1-768x549.jpg 768w, https:\/\/cormac.eu\/wp-content\/uploads\/2022\/05\/candy-3665529_1920-1024x732-1-600x429.jpg 600w, https:\/\/cormac.eu\/wp-content\/uploads\/2022\/05\/candy-3665529_1920-1024x732-1.jpg 1024w\" sizes=\"(max-width: 177px) 100vw, 177px\" \/>\u00a0 \u00a0<img decoding=\"async\" class=\"wp-image-3175\" src=\"https:\/\/cormac.eu\/wp-content\/uploads\/2022\/05\/granola-bar-with-nuts-fruit-and-berries-on-white-D7QCZ5B-V2-300x300.jpg\" alt=\"\" width=\"143\" height=\"143\" srcset=\"https:\/\/cormac.eu\/wp-content\/uploads\/2022\/05\/granola-bar-with-nuts-fruit-and-berries-on-white-D7QCZ5B-V2-300x300.jpg 300w, https:\/\/cormac.eu\/wp-content\/uploads\/2022\/05\/granola-bar-with-nuts-fruit-and-berries-on-white-D7QCZ5B-V2.jpg 1024w, https:\/\/cormac.eu\/wp-content\/uploads\/2022\/05\/granola-bar-with-nuts-fruit-and-berries-on-white-D7QCZ5B-V2-150x150.jpg 150w, https:\/\/cormac.eu\/wp-content\/uploads\/2022\/05\/granola-bar-with-nuts-fruit-and-berries-on-white-D7QCZ5B-V2-768x768.jpg 768w, https:\/\/cormac.eu\/wp-content\/uploads\/2022\/05\/granola-bar-with-nuts-fruit-and-berries-on-white-D7QCZ5B-V2-600x600.jpg 600w, https:\/\/cormac.eu\/wp-content\/uploads\/2022\/05\/granola-bar-with-nuts-fruit-and-berries-on-white-D7QCZ5B-V2-100x100.jpg 100w\" sizes=\"(max-width: 143px) 100vw, 143px\" \/> <img decoding=\"async\" class=\"alignnone wp-image-3168\" src=\"https:\/\/cormac.eu\/wp-content\/uploads\/2022\/05\/chocolate-rice-cakes-PZY8PSN-V2-300x300.jpg\" alt=\"\" width=\"156\" height=\"156\" srcset=\"https:\/\/cormac.eu\/wp-content\/uploads\/2022\/05\/chocolate-rice-cakes-PZY8PSN-V2-300x300.jpg 300w, https:\/\/cormac.eu\/wp-content\/uploads\/2022\/05\/chocolate-rice-cakes-PZY8PSN-V2.jpg 1024w, https:\/\/cormac.eu\/wp-content\/uploads\/2022\/05\/chocolate-rice-cakes-PZY8PSN-V2-150x150.jpg 150w, https:\/\/cormac.eu\/wp-content\/uploads\/2022\/05\/chocolate-rice-cakes-PZY8PSN-V2-768x768.jpg 768w, https:\/\/cormac.eu\/wp-content\/uploads\/2022\/05\/chocolate-rice-cakes-PZY8PSN-V2-600x600.jpg 600w, https:\/\/cormac.eu\/wp-content\/uploads\/2022\/05\/chocolate-rice-cakes-PZY8PSN-V2-100x100.jpg 100w\" sizes=\"(max-width: 156px) 100vw, 156px\" \/><img loading=\"lazy\" decoding=\"async\" class=\"alignnone wp-image-2956\" src=\"https:\/\/cormac.eu\/wp-content\/uploads\/2022\/05\/Wymbs-Picture-1-pressurized-DMF-300x168.jpg\" alt=\"\" width=\"192\" height=\"108\" srcset=\"https:\/\/cormac.eu\/wp-content\/uploads\/2022\/05\/Wymbs-Picture-1-pressurized-DMF-300x168.jpg 300w, https:\/\/cormac.eu\/wp-content\/uploads\/2022\/05\/Wymbs-Picture-1-pressurized-DMF.jpg 337w\" sizes=\"(max-width: 192px) 100vw, 192px\" \/><\/p>\n<table>\n<tbody>\n<tr>\n<td width=\"264\"><strong>F<\/strong><strong>eatures<\/strong><\/td>\n<td width=\"340\"><strong>Beneficios<\/strong><\/td>\n<\/tr>\n<tr>\n<td width=\"264\">2-4 zonas de refrigeraci\u00f3n<\/td>\n<td width=\"340\">\n<ul>\n<li>Control de temperatura de zona independiente<\/li>\n<\/ul>\n<\/td>\n<\/tr>\n<tr>\n<td width=\"264\">Cinta transportadora de poliuretano<\/td>\n<td width=\"340\">\n<ul>\n<li>Calidad alimentaria<\/li>\n<li>Antiest\u00e1tico<\/li>\n<\/ul>\n<\/td>\n<\/tr>\n<tr>\n<td width=\"264\">Motor de accionamiento SEW con convertidor de frecuencia<\/td>\n<td width=\"340\">\n<ul>\n<li>Ajuste de la velocidad de la cinta<\/li>\n<\/ul>\n<\/td>\n<\/tr>\n<tr>\n<td width=\"264\">Seguimiento y tensi\u00f3n autom\u00e1ticos de la correa<\/td>\n<td width=\"340\">\n<ul>\n<li>Tensi\u00f3n constante de la cinta transportadora<\/li>\n<li>Prevenci\u00f3n del deslizamiento<\/li>\n<\/ul>\n<\/td>\n<\/tr>\n<tr>\n<td width=\"264\">Construcci\u00f3n de acero inoxidable AISI304<\/td>\n<td width=\"340\">\n<ul>\n<li>Higi\u00e9nico<\/li>\n<li>F\u00e1cil limpieza<\/li>\n<\/ul>\n<\/td>\n<\/tr>\n<tr>\n<td width=\"264\">Diferentes anchuras<\/td>\n<td width=\"340\">\n<ul>\n<li>De 350 - 1500 mm<\/li>\n<\/ul>\n<\/td>\n<\/tr>\n<tr>\n<td width=\"264\"><strong>Opcional<\/strong><\/td>\n<td width=\"340\"><\/td>\n<\/tr>\n<tr>\n<td width=\"264\">\n<ul>\n<li>Inyecci\u00f3n de aire seco<\/li>\n<\/ul>\n<\/td>\n<td width=\"340\">Secador de aire externo, que inyecta aire seco en el t\u00fanel de refrigeraci\u00f3n.<\/td>\n<\/tr>\n<tr>\n<td width=\"264\">\n<ul>\n<li>Enfriamiento inferior placas fr\u00edas<\/li>\n<\/ul>\n<\/td>\n<td width=\"340\">Para permitir la refrigeraci\u00f3n inferior, instalada debajo de la correa refrigerada por agua o glicol.<\/td>\n<\/tr>\n<tr>\n<td width=\"264\">\n<ul>\n<li>Refrigerador de agua<\/li>\n<\/ul>\n<\/td>\n<td width=\"340\">En ausencia de una l\u00ednea de suministro de agua fr\u00eda de f\u00e1brica, se puede instalar un refrigerador externo que funcione con agua o glicol.<\/td>\n<\/tr>\n<tr>\n<td width=\"264\">\n<ul>\n<li>Calentador de aire el\u00e9ctrico<\/li>\n<\/ul>\n<\/td>\n<td width=\"340\">Se instala en el punto de retorno de las correas para reducir la humedad del aire enfriado recalent\u00e1ndolo.<\/td>\n<\/tr>\n<tr>\n<td width=\"264\">\n<ul>\n<li>Carro de lavado autom\u00e1tico<\/li>\n<\/ul>\n<\/td>\n<td width=\"340\">Se instala en el punto de retorno de la cinta, para limpiarla y secarla. Su bastidor con ruedas permite desmontarlo f\u00e1cilmente. Con rascadores de secado, tolva de agua caliente, cepillos motorizados y cilindros neum\u00e1ticos que elevan el carro hasta la posici\u00f3n de lavado y lo bajan para retirarlo.<\/td>\n<\/tr>\n<\/tbody>\n<\/table>\n<p>&nbsp;<\/p>\n<p>&nbsp;<\/p>","protected":false},"excerpt":{"rendered":"<p>T\u00fanel de enfriamiento para productos recubiertos de chocolate, compuestos o masa grasa<\/p>","protected":false},"featured_media":3179,"comment_status":"open","ping_status":"closed","template":"","meta":{"uix_meta_title":"","uix_meta_description":"","uix_canonical_url":""},"product_brand":[],"product_cat":[104],"product_tag":[205,206,208,207],"class_list":{"0":"post-3178","1":"product","2":"type-product","3":"status-publish","4":"has-post-thumbnail","6":"product_cat-processing","7":"product_tag-candy-bars","8":"product_tag-chocolate-tablets","9":"product_tag-chocolates","10":"product_tag-pralines","12":"first","13":"instock","14":"shipping-taxable","15":"product-type-simple"},"_links":{"self":[{"href":"https:\/\/cormac.eu\/es\/wp-json\/wp\/v2\/product\/3178","targetHints":{"allow":["GET"]}}],"collection":[{"href":"https:\/\/cormac.eu\/es\/wp-json\/wp\/v2\/product"}],"about":[{"href":"https:\/\/cormac.eu\/es\/wp-json\/wp\/v2\/types\/product"}],"replies":[{"embeddable":true,"href":"https:\/\/cormac.eu\/es\/wp-json\/wp\/v2\/comments?post=3178"}],"wp:featuredmedia":[{"embeddable":true,"href":"https:\/\/cormac.eu\/es\/wp-json\/wp\/v2\/media\/3179"}],"wp:attachment":[{"href":"https:\/\/cormac.eu\/es\/wp-json\/wp\/v2\/media?parent=3178"}],"wp:term":[{"taxonomy":"product_brand","embeddable":true,"href":"https:\/\/cormac.eu\/es\/wp-json\/wp\/v2\/product_brand?post=3178"},{"taxonomy":"product_cat","embeddable":true,"href":"https:\/\/cormac.eu\/es\/wp-json\/wp\/v2\/product_cat?post=3178"},{"taxonomy":"product_tag","embeddable":true,"href":"https:\/\/cormac.eu\/es\/wp-json\/wp\/v2\/product_tag?post=3178"}],"curies":[{"name":"wp","href":"https:\/\/api.w.org\/{rel}","templated":true}]}}