{"id":3173,"date":"2022-05-29T14:14:17","date_gmt":"2022-05-29T12:14:17","guid":{"rendered":"https:\/\/cormac.eu\/?post_type=product&#038;p=3173"},"modified":"2022-06-01T11:39:16","modified_gmt":"2022-06-01T09:39:16","slug":"enrobadora","status":"publish","type":"product","link":"https:\/\/cormac.eu\/es\/product\/enrobing-machine\/","title":{"rendered":"Enrobadora"},"content":{"rendered":"<p>Enrobadora, disponible en anchuras de trabajo de 350 a 1500 mm y velocidades de malla de 1,5 a 12 metros por hora. Esta m\u00e1quina dispone de doble cortina de chocolate y est\u00e1 dise\u00f1ada para trabajar 24 horas al d\u00eda, 7 d\u00edas a la semana. Desmontaje r\u00e1pido de la tolva de chocolate y del conjunto de malla, incluidos todos sus ejes y piezas. El juego de mallas est\u00e1 soportado por gu\u00edas y la tolva se utiliza para soportar el juego de mallas. La tolva de chocolate no tiene elementos el\u00e9ctricos que puedan da\u00f1arse durante la limpieza. En la parte trasera de la m\u00e1quina, frente al lado del operador, se accede a una zona de servicio simplemente girando el armario el\u00e9ctrico. Gracias a un circuito de circulaci\u00f3n de agua integrado, todas las piezas en contacto con el producto se mantienen a la temperatura deseada.<\/p>\n<p><strong>Aplicaci\u00f3n<\/strong><\/p>\n<p>Recubrimiento de productos con chocolate aut\u00e9ntico, compuesto o masas grasas<\/p>\n<p><img decoding=\"async\" class=\"wp-image-3171\" src=\"https:\/\/cormac.eu\/wp-content\/uploads\/2022\/05\/waffles-with-chocolate-topping-GUSW6FC-V2-300x300.jpg\" alt=\"\" width=\"125\" height=\"125\" srcset=\"https:\/\/cormac.eu\/wp-content\/uploads\/2022\/05\/waffles-with-chocolate-topping-GUSW6FC-V2-300x300.jpg 300w, https:\/\/cormac.eu\/wp-content\/uploads\/2022\/05\/waffles-with-chocolate-topping-GUSW6FC-V2.jpg 1024w, https:\/\/cormac.eu\/wp-content\/uploads\/2022\/05\/waffles-with-chocolate-topping-GUSW6FC-V2-150x150.jpg 150w, https:\/\/cormac.eu\/wp-content\/uploads\/2022\/05\/waffles-with-chocolate-topping-GUSW6FC-V2-768x768.jpg 768w, https:\/\/cormac.eu\/wp-content\/uploads\/2022\/05\/waffles-with-chocolate-topping-GUSW6FC-V2-600x600.jpg 600w, https:\/\/cormac.eu\/wp-content\/uploads\/2022\/05\/waffles-with-chocolate-topping-GUSW6FC-V2-100x100.jpg 100w\" sizes=\"(max-width: 125px) 100vw, 125px\" \/>\u00a0 \u00a0<img decoding=\"async\" class=\"wp-image-3170\" src=\"https:\/\/cormac.eu\/wp-content\/uploads\/2022\/05\/glazed-donuts-PB5CCQD-V2-300x300.jpg\" alt=\"\" width=\"133\" height=\"133\" srcset=\"https:\/\/cormac.eu\/wp-content\/uploads\/2022\/05\/glazed-donuts-PB5CCQD-V2-300x300.jpg 300w, https:\/\/cormac.eu\/wp-content\/uploads\/2022\/05\/glazed-donuts-PB5CCQD-V2.jpg 1024w, https:\/\/cormac.eu\/wp-content\/uploads\/2022\/05\/glazed-donuts-PB5CCQD-V2-150x150.jpg 150w, https:\/\/cormac.eu\/wp-content\/uploads\/2022\/05\/glazed-donuts-PB5CCQD-V2-768x768.jpg 768w, https:\/\/cormac.eu\/wp-content\/uploads\/2022\/05\/glazed-donuts-PB5CCQD-V2-600x600.jpg 600w, https:\/\/cormac.eu\/wp-content\/uploads\/2022\/05\/glazed-donuts-PB5CCQD-V2-100x100.jpg 100w\" sizes=\"(max-width: 133px) 100vw, 133px\" \/> \u00a0\u00a0<img decoding=\"async\" class=\"alignnone wp-image-3168\" src=\"https:\/\/cormac.eu\/wp-content\/uploads\/2022\/05\/chocolate-rice-cakes-PZY8PSN-V2-300x300.jpg\" alt=\"\" width=\"152\" height=\"152\" srcset=\"https:\/\/cormac.eu\/wp-content\/uploads\/2022\/05\/chocolate-rice-cakes-PZY8PSN-V2-300x300.jpg 300w, https:\/\/cormac.eu\/wp-content\/uploads\/2022\/05\/chocolate-rice-cakes-PZY8PSN-V2.jpg 1024w, https:\/\/cormac.eu\/wp-content\/uploads\/2022\/05\/chocolate-rice-cakes-PZY8PSN-V2-150x150.jpg 150w, https:\/\/cormac.eu\/wp-content\/uploads\/2022\/05\/chocolate-rice-cakes-PZY8PSN-V2-768x768.jpg 768w, https:\/\/cormac.eu\/wp-content\/uploads\/2022\/05\/chocolate-rice-cakes-PZY8PSN-V2-600x600.jpg 600w, https:\/\/cormac.eu\/wp-content\/uploads\/2022\/05\/chocolate-rice-cakes-PZY8PSN-V2-100x100.jpg 100w\" sizes=\"(max-width: 152px) 100vw, 152px\" \/><img loading=\"lazy\" decoding=\"async\" class=\"wp-image-3166\" src=\"https:\/\/cormac.eu\/wp-content\/uploads\/2022\/05\/chocolate-dessert-PURBMSE-V3-300x300.jpg\" alt=\"\" width=\"149\" height=\"149\" srcset=\"https:\/\/cormac.eu\/wp-content\/uploads\/2022\/05\/chocolate-dessert-PURBMSE-V3-300x300.jpg 300w, https:\/\/cormac.eu\/wp-content\/uploads\/2022\/05\/chocolate-dessert-PURBMSE-V3.jpg 1024w, https:\/\/cormac.eu\/wp-content\/uploads\/2022\/05\/chocolate-dessert-PURBMSE-V3-150x150.jpg 150w, https:\/\/cormac.eu\/wp-content\/uploads\/2022\/05\/chocolate-dessert-PURBMSE-V3-768x768.jpg 768w, https:\/\/cormac.eu\/wp-content\/uploads\/2022\/05\/chocolate-dessert-PURBMSE-V3-600x600.jpg 600w, https:\/\/cormac.eu\/wp-content\/uploads\/2022\/05\/chocolate-dessert-PURBMSE-V3-100x100.jpg 100w\" sizes=\"(max-width: 149px) 100vw, 149px\" \/><\/p>\n<table width=\"586\">\n<tbody>\n<tr>\n<td width=\"245\"><strong>Caracter\u00edsticas<\/strong><\/td>\n<td width=\"340\"><strong>Beneficios<\/strong><\/td>\n<\/tr>\n<tr>\n<td>Cortina doble de chocolate<\/td>\n<td>\n<ul>\n<li>Revestimiento uniforme<\/li>\n<\/ul>\n<\/td>\n<\/tr>\n<tr>\n<td>Distribuci\u00f3n uniforme del aire alog side enrober<\/td>\n<td>\n<ul>\n<li>Control de la temperatura<\/li>\n<\/ul>\n<\/td>\n<\/tr>\n<tr>\n<td>Piezas de contacto del producto con doble camisa<\/td>\n<td>\n<ul>\n<li>Mantenimiento de la temperatura del chocolate para un recubrimiento uniforme<\/li>\n<\/ul>\n<\/td>\n<\/tr>\n<tr>\n<td>Reguladores de temperatura PID<\/td>\n<td>\n<ul>\n<li>Caracter\u00edsticas del chocolate atemperado<\/li>\n<\/ul>\n<\/td>\n<\/tr>\n<tr>\n<td>Construcci\u00f3n de acero inoxidable<\/td>\n<td>\n<ul>\n<li>Limpieza f\u00e1cil e higi\u00e9nica<\/li>\n<\/ul>\n<\/td>\n<\/tr>\n<tr>\n<td>Tolva de producto extra\u00edble<\/td>\n<td>\n<ul>\n<li>Cambio r\u00e1pido del tipo de chocolate menos tiempo de inactividad<\/li>\n<\/ul>\n<\/td>\n<\/tr>\n<tr>\n<td>Juego completo de malla desmontable<\/td>\n<td>\n<ul>\n<li>Cambio r\u00e1pido de productos<\/li>\n<li>f\u00e1cil limpieza<\/li>\n<li>Menos tiempo de inactividad<\/li>\n<\/ul>\n<\/td>\n<\/tr>\n<tr>\n<td>Tubos de producto de conexi\u00f3n r\u00e1pida<\/td>\n<td>\n<ul>\n<li>F\u00e1cil limpieza y mantenimiento<\/li>\n<\/ul>\n<\/td>\n<\/tr>\n<tr>\n<td>Dise\u00f1o sin tejado<\/td>\n<td>\n<ul>\n<li>F\u00e1cil acceso<\/li>\n<\/ul>\n<\/td>\n<\/tr>\n<tr>\n<td>Controlado por PLC<\/td>\n<td>\n<ul>\n<li>Control preciso de los par\u00e1metros<\/li>\n<li>Almacenamiento de chocolate<\/li>\n<\/ul>\n<\/td>\n<\/tr>\n<tr>\n<td>Bandeja vibratoria, neum\u00e1tica<\/td>\n<td>\n<ul>\n<li>Efecto de recubrimiento uniforme<\/li>\n<li>Frecuencia controlada<\/li>\n<\/ul>\n<\/td>\n<\/tr>\n<tr>\n<td>Opciones<\/td>\n<td>\n<ul>\n<li>Sistemas de filtraci\u00f3n<\/li>\n<li>Tanques de mezcla y fusi\u00f3n<\/li>\n<li>Sistemas de decoraci\u00f3n<\/li>\n<li>Sistemas de riego<\/li>\n<li>Temperadoras<\/li>\n<li>Mesa de entrada<\/li>\n<li>Material alternativo para el cintur\u00f3n<\/li>\n<\/ul>\n<\/td>\n<\/tr>\n<\/tbody>\n<\/table>\n<div class=\"mceTemp\"><\/div>\n<div class=\"mceTemp\"><\/div>","protected":false},"excerpt":{"rendered":"<p>Enrobadora para el recubrimiento de productos con chocolate, masas compuestas o grasas<\/p>","protected":false},"featured_media":3167,"comment_status":"open","ping_status":"closed","template":"","meta":{"uix_meta_title":"","uix_meta_description":"","uix_canonical_url":""},"product_brand":[],"product_cat":[104],"product_tag":[205,211,210,209],"class_list":{"0":"post-3173","1":"product","2":"type-product","3":"status-publish","4":"has-post-thumbnail","6":"product_cat-processing","7":"product_tag-candy-bars","8":"product_tag-chocolate-coated-products","9":"product_tag-cookies","10":"product_tag-wafers","12":"first","13":"instock","14":"shipping-taxable","15":"product-type-simple"},"_links":{"self":[{"href":"https:\/\/cormac.eu\/es\/wp-json\/wp\/v2\/product\/3173","targetHints":{"allow":["GET"]}}],"collection":[{"href":"https:\/\/cormac.eu\/es\/wp-json\/wp\/v2\/product"}],"about":[{"href":"https:\/\/cormac.eu\/es\/wp-json\/wp\/v2\/types\/product"}],"replies":[{"embeddable":true,"href":"https:\/\/cormac.eu\/es\/wp-json\/wp\/v2\/comments?post=3173"}],"wp:featuredmedia":[{"embeddable":true,"href":"https:\/\/cormac.eu\/es\/wp-json\/wp\/v2\/media\/3167"}],"wp:attachment":[{"href":"https:\/\/cormac.eu\/es\/wp-json\/wp\/v2\/media?parent=3173"}],"wp:term":[{"taxonomy":"product_brand","embeddable":true,"href":"https:\/\/cormac.eu\/es\/wp-json\/wp\/v2\/product_brand?post=3173"},{"taxonomy":"product_cat","embeddable":true,"href":"https:\/\/cormac.eu\/es\/wp-json\/wp\/v2\/product_cat?post=3173"},{"taxonomy":"product_tag","embeddable":true,"href":"https:\/\/cormac.eu\/es\/wp-json\/wp\/v2\/product_tag?post=3173"}],"curies":[{"name":"wp","href":"https:\/\/api.w.org\/{rel}","templated":true}]}}