{"id":3069,"date":"2022-05-20T21:55:46","date_gmt":"2022-05-20T19:55:46","guid":{"rendered":"https:\/\/cormac.eu\/?post_type=product&#038;p=3069"},"modified":"2022-06-01T11:48:33","modified_gmt":"2022-06-01T09:48:33","slug":"colector-de-laminas-y-extrusion","status":"publish","type":"product","link":"https:\/\/cormac.eu\/es\/product\/sheeting-and-extrusion-manifold\/","title":{"rendered":"Colector de l\u00e1minas y extrusi\u00f3n"},"content":{"rendered":"<p>Un colector de laminaci\u00f3n y extrusi\u00f3n est\u00e1 pensado para conectarse directamente a un flujo continuo de masa. Esta masa puede proceder de un sistema de aireaci\u00f3n continua o de un sistema de dosificaci\u00f3n como, por ejemplo, una unidad de bombeo.  El colector suministra una l\u00e1mina continua de ancho completo sobre una cinta o un n\u00famero determinado de cordones de ancho fijo (multicarril). Se dise\u00f1ar\u00e1 de forma que se aproveche al m\u00e1ximo la anchura de la cinta receptora.  El colector de l\u00e1minas y extrusi\u00f3n puede instalarse posteriormente en l\u00edneas de producci\u00f3n existentes.<\/p>\n<p>Ejemplos de aplicaci\u00f3n<\/p>\n<p><img decoding=\"async\" class=\"alignnone wp-image-3063\" src=\"https:\/\/cormac.eu\/wp-content\/uploads\/2022\/05\/product-2-287x300.jpg\" alt=\"\" width=\"171\" height=\"179\" srcset=\"https:\/\/cormac.eu\/wp-content\/uploads\/2022\/05\/product-2-287x300.jpg 287w, https:\/\/cormac.eu\/wp-content\/uploads\/2022\/05\/product-2.jpg 311w\" sizes=\"(max-width: 171px) 100vw, 171px\" \/>\u00a0 \u00a0 \u00a0\u00a0<img decoding=\"async\" class=\"alignnone wp-image-3062\" src=\"https:\/\/cormac.eu\/wp-content\/uploads\/2022\/05\/product-1.jpg\" alt=\"\" width=\"169\" height=\"165\" \/><img decoding=\"async\" class=\"alignnone wp-image-3066\" src=\"https:\/\/cormac.eu\/wp-content\/uploads\/2022\/05\/product-5-300x213.jpg\" alt=\"\" width=\"181\" height=\"129\" srcset=\"https:\/\/cormac.eu\/wp-content\/uploads\/2022\/05\/product-5-300x213.jpg 300w, https:\/\/cormac.eu\/wp-content\/uploads\/2022\/05\/product-5.jpg 305w\" sizes=\"(max-width: 181px) 100vw, 181px\" \/> <img loading=\"lazy\" decoding=\"async\" class=\"alignnone wp-image-3065\" src=\"https:\/\/cormac.eu\/wp-content\/uploads\/2022\/05\/Product-4.jpg\" alt=\"\" width=\"157\" height=\"128\" \/><\/p>\n<p>&nbsp;<\/p>\n<table>\n<tbody>\n<tr>\n<td width=\"295\">\u00a0<strong>Caracter\u00edsticas<\/strong><\/td>\n<td width=\"197\">\u00a0<strong>Beneficios<\/strong><\/td>\n<\/tr>\n<tr>\n<td><\/td>\n<td><\/td>\n<\/tr>\n<tr>\n<td>Construcci\u00f3n de aluminio o acero inoxidable<\/td>\n<td>Peso ligero<br \/>\nHigi\u00e9nico<\/td>\n<\/tr>\n<tr>\n<td>Espesor de chapa manual o servocontrolado<\/td>\n<td>A petici\u00f3n del cliente<\/td>\n<\/tr>\n<tr>\n<td>Circuito interno de agua (encamisado)<\/td>\n<td>Control perfecto de la temperatura<br \/>\npara productos sensibles a la temperatura<\/td>\n<\/tr>\n<tr>\n<td>V\u00e1lvulas rotativas de acero inoxidable<\/td>\n<td>Higi\u00e9nico<br \/>\nf\u00e1cil limpieza<\/td>\n<\/tr>\n<tr>\n<td>Opciones<\/td>\n<td>Accesorio de limpieza CIP<br \/>\nBoquillas lisas o multipico<br \/>\nCuerpo principal de titanio<\/td>\n<\/tr>\n<\/tbody>\n<\/table>","protected":false},"excerpt":{"rendered":"<p>Colector de l\u00e1minas y extrusi\u00f3n para conexi\u00f3n directa a un flujo continuo de masa, apto para reequipamiento.<\/p>","protected":false},"featured_media":3070,"comment_status":"open","ping_status":"closed","template":"","meta":{"uix_meta_title":"","uix_meta_description":"","uix_canonical_url":""},"product_brand":[],"product_cat":[104],"product_tag":[203,187,190,191,196,201],"class_list":{"0":"post-3069","1":"product","2":"type-product","3":"status-publish","4":"has-post-thumbnail","6":"product_cat-processing","7":"product_tag-batter","8":"product_tag-biscuit-creams","9":"product_tag-dairy-creams","10":"product_tag-fondants-icings","11":"product_tag-marshmallows","12":"product_tag-wafer-creams","14":"first","15":"instock","16":"shipping-taxable","17":"product-type-simple"},"_links":{"self":[{"href":"https:\/\/cormac.eu\/es\/wp-json\/wp\/v2\/product\/3069","targetHints":{"allow":["GET"]}}],"collection":[{"href":"https:\/\/cormac.eu\/es\/wp-json\/wp\/v2\/product"}],"about":[{"href":"https:\/\/cormac.eu\/es\/wp-json\/wp\/v2\/types\/product"}],"replies":[{"embeddable":true,"href":"https:\/\/cormac.eu\/es\/wp-json\/wp\/v2\/comments?post=3069"}],"wp:featuredmedia":[{"embeddable":true,"href":"https:\/\/cormac.eu\/es\/wp-json\/wp\/v2\/media\/3070"}],"wp:attachment":[{"href":"https:\/\/cormac.eu\/es\/wp-json\/wp\/v2\/media?parent=3069"}],"wp:term":[{"taxonomy":"product_brand","embeddable":true,"href":"https:\/\/cormac.eu\/es\/wp-json\/wp\/v2\/product_brand?post=3069"},{"taxonomy":"product_cat","embeddable":true,"href":"https:\/\/cormac.eu\/es\/wp-json\/wp\/v2\/product_cat?post=3069"},{"taxonomy":"product_tag","embeddable":true,"href":"https:\/\/cormac.eu\/es\/wp-json\/wp\/v2\/product_tag?post=3069"}],"curies":[{"name":"wp","href":"https:\/\/api.w.org\/{rel}","templated":true}]}}